{"id":2387,"date":"2022-03-19T12:23:01","date_gmt":"2022-03-19T11:23:01","guid":{"rendered":"https:\/\/praktijkyazici.nl\/?page_id=2387"},"modified":"2025-08-14T18:33:31","modified_gmt":"2025-08-14T17:33:31","slug":"hakkimda","status":"publish","type":"page","link":"https:\/\/praktijkyazici.nl\/tr\/hakkimda\/","title":{"rendered":"Hakk\u0131mda"},"content":{"rendered":"<div class=\"fusion-fullwidth fullwidth-box fusion-builder-row-1 fusion-flex-container nonhundred-percent-fullwidth non-hundred-percent-height-scrolling\" style=\"--awb-border-radius-top-left:0px;--awb-border-radius-top-right:0px;--awb-border-radius-bottom-right:0px;--awb-border-radius-bottom-left:0px;--awb-margin-top:3%;--awb-margin-bottom:3%;--awb-margin-top-small:5%;--awb-margin-bottom-small:5%;\" ><div class=\"fusion-builder-row fusion-row fusion-flex-align-items-center\" style=\"max-width:1365px;margin-left: calc(-5% \/ 2 );margin-right: calc(-5% \/ 2 );\"><div class=\"fusion-layout-column fusion_builder_column fusion-builder-column-0 fusion_builder_column_2_3 2_3 fusion-flex-column\" style=\"--awb-bg-size:cover;--awb-width-large:66.666666666667%;--awb-margin-top-large:0px;--awb-spacing-right-large:3.5625%;--awb-margin-bottom-large:20px;--awb-spacing-left-large:3.5625%;--awb-width-medium:66.666666666667%;--awb-order-medium:0;--awb-spacing-right-medium:3.5625%;--awb-spacing-left-medium:3.5625%;--awb-width-small:100%;--awb-order-small:0;--awb-spacing-right-small:2.375%;--awb-spacing-left-small:2.375%;\"><div class=\"fusion-column-wrapper fusion-column-has-shadow fusion-flex-justify-content-flex-start fusion-content-layout-column\"><div class=\"fusion-title title fusion-title-1 fusion-sep-none fusion-title-text fusion-title-size-one\" style=\"--awb-text-color:var(--awb-color5);\"><h1 class=\"title-heading-left\" style=\"margin:0;\">Hakk\u0131mda\u2026<\/h1><\/div><div class=\"fusion-text fusion-text-1\" style=\"--awb-text-transform:none;\"><p>Ben G\u00fclsen Yaz\u0131c\u0131, evliyim ve \u00fc\u00e7 o\u011flumuz var. Veghel\u2019de do\u011fup b\u00fcy\u00fcd\u00fcm ve her zaman \u00e7evremdeki insanlarla ilgilenmeye \u00f6zen g\u00f6sterdim. \u0130yi bir dinleyiciyim, \u00e7\u00f6z\u00fcm odakl\u0131y\u0131m, ve insanlara hen\u00fcz fark\u0131nda olmad\u0131klar\u0131 bak\u0131\u015f a\u00e7\u0131lar\u0131 sunabilirim. \u0130lgili, iyimser, \u015feffaf ve \u00f6zellikle samimiyim.<\/p>\n<p>Sistem terapisti ve aile terapisti olarak, Eindhoven\u2019daki Stratum b\u00f6lgesinde kendi i\u015f yerime sahibim. Farkl\u0131 terapiler sunuyorum; Bireysel terapi, ili\u015fki terapisi, aile terapisi ve travma terapisi.<\/p>\n<p>Ayr\u0131ca Brainspotting terapistiyim. Brainspotting, beynin i\u015fleyi\u015fine dayanan, \u00fcnl\u00fc EMDR terapisinden yola \u00e7\u0131karak geli\u015ftirilen, yeni ve devrim niteli\u011finde bir terapidir. \u00c7ok fazla konu\u015fmadan engelleri ve travmalar\u0131 temizlemeye yard\u0131mc\u0131 olur.<\/p>\n<p>Terapi \u00e7al\u0131\u015fmalar\u0131m\u0131n yan\u0131s\u0131ra , 2006 dan itibaren Ingilizce \u00f6\u011fretmeni olarak orta okulda g\u00f6rev yapmaktay\u0131m.<\/p>\n<\/div><\/div><\/div><div class=\"fusion-layout-column fusion_builder_column fusion-builder-column-1 fusion_builder_column_1_3 1_3 fusion-flex-column\" style=\"--awb-bg-size:cover;--awb-width-large:33.333333333333%;--awb-margin-top-large:0px;--awb-spacing-right-large:7.125%;--awb-margin-bottom-large:20px;--awb-spacing-left-large:7.125%;--awb-width-medium:33.333333333333%;--awb-order-medium:0;--awb-spacing-right-medium:7.125%;--awb-spacing-left-medium:7.125%;--awb-width-small:100%;--awb-order-small:0;--awb-spacing-right-small:2.375%;--awb-margin-bottom-small:53px;--awb-spacing-left-small:2.375%;\"><div class=\"fusion-column-wrapper fusion-column-has-shadow fusion-flex-justify-content-flex-start fusion-content-layout-column\"><div class=\"fusion-image-element \" style=\"--awb-caption-title-font-family:var(--h2_typography-font-family);--awb-caption-title-font-weight:var(--h2_typography-font-weight);--awb-caption-title-font-style:var(--h2_typography-font-style);--awb-caption-title-size:var(--h2_typography-font-size);--awb-caption-title-transform:var(--h2_typography-text-transform);--awb-caption-title-line-height:var(--h2_typography-line-height);--awb-caption-title-letter-spacing:var(--h2_typography-letter-spacing);\"><span class=\" fusion-imageframe imageframe-none imageframe-1 hover-type-none\" class=\"image-magnify\" class=\"image-scroll\"><img decoding=\"async\" width=\"622\" height=\"654\" title=\"over mij coaching\" src=\"https:\/\/praktijkyazici.nl\/wp-content\/uploads\/2022\/03\/over-mij-coaching.png\" data-orig-src=\"https:\/\/praktijkyazici.nl\/wp-content\/uploads\/2022\/03\/over-mij-coaching.png\" alt class=\"lazyload img-responsive wp-image-2475\" srcset=\"data:image\/svg+xml,%3Csvg%20xmlns%3D%27http%3A%2F%2Fwww.w3.org%2F2000%2Fsvg%27%20width%3D%27622%27%20height%3D%27654%27%20viewBox%3D%270%200%20622%20654%27%3E%3Crect%20width%3D%27622%27%20height%3D%27654%27%20fill-opacity%3D%220%22%2F%3E%3C%2Fsvg%3E\" data-srcset=\"https:\/\/praktijkyazici.nl\/wp-content\/uploads\/2022\/03\/over-mij-coaching-200x210.png 200w, https:\/\/praktijkyazici.nl\/wp-content\/uploads\/2022\/03\/over-mij-coaching-400x421.png 400w, https:\/\/praktijkyazici.nl\/wp-content\/uploads\/2022\/03\/over-mij-coaching-600x631.png 600w, https:\/\/praktijkyazici.nl\/wp-content\/uploads\/2022\/03\/over-mij-coaching.png 622w\" data-sizes=\"auto\" data-orig-sizes=\"(max-width: 700px) 100vw, 400px\" \/><\/span><\/div><\/div><\/div><\/div><\/div>\n","protected":false},"excerpt":{"rendered":"","protected":false},"author":1,"featured_media":0,"parent":0,"menu_order":0,"comment_status":"closed","ping_status":"closed","template":"100-width.php","meta":{"footnotes":""},"class_list":["post-2387","page","type-page","status-publish","hentry"],"yoast_head":"<!-- This site is optimized with the Yoast SEO plugin v25.7 - https:\/\/yoast.com\/wordpress\/plugins\/seo\/ -->\n<title>Hakk\u0131mda - Gulsen Yazici<\/title>\n<meta name=\"robots\" content=\"index, follow, max-snippet:-1, max-image-preview:large, max-video-preview:-1\" \/>\n<link rel=\"canonical\" href=\"https:\/\/praktijkyazici.nl\/tr\/hakkimda\/\" \/>\n<meta property=\"og:locale\" content=\"tr_TR\" \/>\n<meta property=\"og:type\" content=\"article\" \/>\n<meta property=\"og:title\" content=\"Hakk\u0131mda - Gulsen Yazici\" \/>\n<meta property=\"og:url\" content=\"https:\/\/praktijkyazici.nl\/tr\/hakkimda\/\" \/>\n<meta property=\"og:site_name\" content=\"Gulsen Yazici\" \/>\n<meta property=\"article:modified_time\" content=\"2025-08-14T17:33:31+00:00\" \/>\n<meta name=\"twitter:card\" content=\"summary_large_image\" \/>\n<meta name=\"twitter:label1\" content=\"Tahmini okuma s\u00fcresi\" \/>\n\t<meta name=\"twitter:data1\" content=\"2 dakika\" \/>\n<script type=\"application\/ld+json\" class=\"yoast-schema-graph\">{\"@context\":\"https:\/\/schema.org\",\"@graph\":[{\"@type\":\"WebPage\",\"@id\":\"https:\/\/praktijkyazici.nl\/tr\/hakkimda\/\",\"url\":\"https:\/\/praktijkyazici.nl\/tr\/hakkimda\/\",\"name\":\"Hakk\u0131mda - Gulsen Yazici\",\"isPartOf\":{\"@id\":\"https:\/\/praktijkyazici.nl\/tr\/#website\"},\"datePublished\":\"2022-03-19T11:23:01+00:00\",\"dateModified\":\"2025-08-14T17:33:31+00:00\",\"breadcrumb\":{\"@id\":\"https:\/\/praktijkyazici.nl\/tr\/hakkimda\/#breadcrumb\"},\"inLanguage\":\"tr\",\"potentialAction\":[{\"@type\":\"ReadAction\",\"target\":[\"https:\/\/praktijkyazici.nl\/tr\/hakkimda\/\"]}]},{\"@type\":\"BreadcrumbList\",\"@id\":\"https:\/\/praktijkyazici.nl\/tr\/hakkimda\/#breadcrumb\",\"itemListElement\":[{\"@type\":\"ListItem\",\"position\":1,\"name\":\"Home\",\"item\":\"https:\/\/praktijkyazici.nl\/tr\/\"},{\"@type\":\"ListItem\",\"position\":2,\"name\":\"Hakk\u0131mda\"}]},{\"@type\":\"WebSite\",\"@id\":\"https:\/\/praktijkyazici.nl\/tr\/#website\",\"url\":\"https:\/\/praktijkyazici.nl\/tr\/\",\"name\":\"Praktijk Yazici\",\"description\":\"Systeemtherapie, Gezinstherapie, Relatie- en Individuele therapie\",\"alternateName\":\"Systeemtherapie, Gezinstherapie, Relatie- en Individuele therapie\",\"potentialAction\":[{\"@type\":\"SearchAction\",\"target\":{\"@type\":\"EntryPoint\",\"urlTemplate\":\"https:\/\/praktijkyazici.nl\/tr\/?s={search_term_string}\"},\"query-input\":{\"@type\":\"PropertyValueSpecification\",\"valueRequired\":true,\"valueName\":\"search_term_string\"}}],\"inLanguage\":\"tr\"}]}<\/script>\n<!-- \/ Yoast SEO plugin. -->","yoast_head_json":{"title":"Hakk\u0131mda - Gulsen Yazici","robots":{"index":"index","follow":"follow","max-snippet":"max-snippet:-1","max-image-preview":"max-image-preview:large","max-video-preview":"max-video-preview:-1"},"canonical":"https:\/\/praktijkyazici.nl\/tr\/hakkimda\/","og_locale":"tr_TR","og_type":"article","og_title":"Hakk\u0131mda - Gulsen Yazici","og_url":"https:\/\/praktijkyazici.nl\/tr\/hakkimda\/","og_site_name":"Gulsen Yazici","article_modified_time":"2025-08-14T17:33:31+00:00","twitter_card":"summary_large_image","twitter_misc":{"Tahmini okuma s\u00fcresi":"2 dakika"},"schema":{"@context":"https:\/\/schema.org","@graph":[{"@type":"WebPage","@id":"https:\/\/praktijkyazici.nl\/tr\/hakkimda\/","url":"https:\/\/praktijkyazici.nl\/tr\/hakkimda\/","name":"Hakk\u0131mda - Gulsen Yazici","isPartOf":{"@id":"https:\/\/praktijkyazici.nl\/tr\/#website"},"datePublished":"2022-03-19T11:23:01+00:00","dateModified":"2025-08-14T17:33:31+00:00","breadcrumb":{"@id":"https:\/\/praktijkyazici.nl\/tr\/hakkimda\/#breadcrumb"},"inLanguage":"tr","potentialAction":[{"@type":"ReadAction","target":["https:\/\/praktijkyazici.nl\/tr\/hakkimda\/"]}]},{"@type":"BreadcrumbList","@id":"https:\/\/praktijkyazici.nl\/tr\/hakkimda\/#breadcrumb","itemListElement":[{"@type":"ListItem","position":1,"name":"Home","item":"https:\/\/praktijkyazici.nl\/tr\/"},{"@type":"ListItem","position":2,"name":"Hakk\u0131mda"}]},{"@type":"WebSite","@id":"https:\/\/praktijkyazici.nl\/tr\/#website","url":"https:\/\/praktijkyazici.nl\/tr\/","name":"Praktijk Yazici","description":"Systeemtherapie, Gezinstherapie, Relatie- en Individuele therapie","alternateName":"Systeemtherapie, Gezinstherapie, Relatie- en Individuele therapie","potentialAction":[{"@type":"SearchAction","target":{"@type":"EntryPoint","urlTemplate":"https:\/\/praktijkyazici.nl\/tr\/?s={search_term_string}"},"query-input":{"@type":"PropertyValueSpecification","valueRequired":true,"valueName":"search_term_string"}}],"inLanguage":"tr"}]}},"_links":{"self":[{"href":"https:\/\/praktijkyazici.nl\/tr\/wp-json\/wp\/v2\/pages\/2387","targetHints":{"allow":["GET"]}}],"collection":[{"href":"https:\/\/praktijkyazici.nl\/tr\/wp-json\/wp\/v2\/pages"}],"about":[{"href":"https:\/\/praktijkyazici.nl\/tr\/wp-json\/wp\/v2\/types\/page"}],"author":[{"embeddable":true,"href":"https:\/\/praktijkyazici.nl\/tr\/wp-json\/wp\/v2\/users\/1"}],"replies":[{"embeddable":true,"href":"https:\/\/praktijkyazici.nl\/tr\/wp-json\/wp\/v2\/comments?post=2387"}],"version-history":[{"count":21,"href":"https:\/\/praktijkyazici.nl\/tr\/wp-json\/wp\/v2\/pages\/2387\/revisions"}],"predecessor-version":[{"id":3270,"href":"https:\/\/praktijkyazici.nl\/tr\/wp-json\/wp\/v2\/pages\/2387\/revisions\/3270"}],"wp:attachment":[{"href":"https:\/\/praktijkyazici.nl\/tr\/wp-json\/wp\/v2\/media?parent=2387"}],"curies":[{"name":"wp","href":"https:\/\/api.w.org\/{rel}","templated":true}]}}