{"id":2880,"date":"2023-07-20T18:00:54","date_gmt":"2023-07-20T17:00:54","guid":{"rendered":"https:\/\/praktijkyazici.nl\/?page_id=2880"},"modified":"2025-08-14T17:54:33","modified_gmt":"2025-08-14T16:54:33","slug":"brainspotting","status":"publish","type":"page","link":"https:\/\/praktijkyazici.nl\/tr\/brainspotting\/","title":{"rendered":"Brainspotting"},"content":{"rendered":"<p><div class=\"fusion-fullwidth fullwidth-box fusion-builder-row-1 fusion-flex-container nonhundred-percent-fullwidth non-hundred-percent-height-scrolling\" style=\"--awb-border-radius-top-left:0px;--awb-border-radius-top-right:0px;--awb-border-radius-bottom-right:0px;--awb-border-radius-bottom-left:0px;--awb-padding-top:3%;--awb-padding-bottom:3%;\" ><div class=\"fusion-builder-row fusion-row fusion-flex-align-items-center\" style=\"max-width:1365px;margin-left: calc(-5% \/ 2 );margin-right: calc(-5% \/ 2 );\"><div class=\"fusion-layout-column fusion_builder_column fusion-builder-column-0 fusion_builder_column_1_2 1_2 fusion-flex-column fusion-flex-align-self-flex-start\" style=\"--awb-bg-size:cover;--awb-width-large:50%;--awb-margin-top-large:0px;--awb-spacing-right-large:4.75%;--awb-margin-bottom-large:20px;--awb-spacing-left-large:4.75%;--awb-width-medium:50%;--awb-order-medium:0;--awb-spacing-right-medium:4.75%;--awb-spacing-left-medium:4.75%;--awb-width-small:100%;--awb-order-small:0;--awb-spacing-right-small:2.375%;--awb-spacing-left-small:2.375%;\"><div class=\"fusion-column-wrapper fusion-column-has-shadow fusion-flex-justify-content-flex-start fusion-content-layout-column\"><div class=\"fusion-title title fusion-title-1 fusion-sep-none fusion-title-text fusion-title-size-two\" style=\"--awb-text-color:var(--awb-color5);\"><h2 class=\"title-heading-left\" style=\"margin:0;\">Brainspotting travma terapisi<\/h2><\/div><div class=\"fusion-text fusion-text-1\" style=\"--awb-text-transform:none;\"><p>Brainspotting travma terapisinin yeni bir t\u00fcr\u00fcd\u00fcr. Beynimizde kaydedilen travmalar\u0131 veya derin duygusal deneyleri yeniden farkl\u0131 bir \u015fekilde kodlamak i\u00e7in kullan\u0131l\u0131r. Travma asl\u0131nda korku an\u0131nda ki\u015finin kendisini yanl\u0131z hissetmesinden dolay\u0131 olu\u015fur. Brainspotting esnas\u0131nda terapist olarak benim yan\u0131n\u0131zda olmam ayn\u0131 olay\u0131 tekrar ya\u015farken kendinizi yanl\u0131z hissetmemenizle iyile\u015fmenizi sa\u011flar. Benim Brainspottingi se\u00e7me sebebim: Seans esnas\u0131nda konu\u015fman\u0131za gerek olmamas\u0131! Hi\u00e7 bir \u015fey anlatmak zorunda de\u011filsiniz, anlamam i\u00e7in olanbilmeme gerek yok.<\/p>\n<\/div><\/div><\/div><div class=\"fusion-layout-column fusion_builder_column fusion-builder-column-1 fusion_builder_column_1_2 1_2 fusion-flex-column fusion-flex-align-self-flex-start\" style=\"--awb-bg-size:cover;--awb-width-large:50%;--awb-margin-top-large:0px;--awb-spacing-right-large:4.75%;--awb-margin-bottom-large:20px;--awb-spacing-left-large:4.75%;--awb-width-medium:50%;--awb-order-medium:0;--awb-spacing-right-medium:4.75%;--awb-spacing-left-medium:4.75%;--awb-width-small:100%;--awb-order-small:0;--awb-spacing-right-small:2.375%;--awb-spacing-left-small:2.375%;\"><div class=\"fusion-column-wrapper fusion-column-has-shadow fusion-flex-justify-content-flex-start fusion-content-layout-column\"><div class=\"fusion-title title fusion-title-2 fusion-sep-none fusion-title-text fusion-title-size-two\" style=\"--awb-text-color:var(--awb-color5);\"><h2 class=\"title-heading-left\" style=\"margin:0;\">Brainspotting Ne Zaman Uygulan\u0131r?<\/h2><\/div><div class=\"fusion-text fusion-text-2\"><p>Brainspotting, duygusal travmalar, fobiler, anksiyete bozukluklar\u0131, ba\u011f\u0131ml\u0131l\u0131klar, performans engelleri veya di\u011fer psikolojik zorluklarla kar\u015f\u0131la\u015fan farkl\u0131 durumlarda faydal\u0131 olabilir. Geleneksel terapilerin istenilen sonu\u00e7lar\u0131 elde edemedi\u011fi durumlarda veya g\u00fcnl\u00fck hayatin\u0131z\u0131 etkileyen derin k\u00f6kl\u00fc duygular ve \u00e7\u00f6z\u00fclmemi\u015f travmalar oldu\u011funda ihtiya\u00e7 duyulabilir. Dikkat odakl\u0131 ve g\u00f6z sabitlemesiyle, bloklar\u0131 a\u015fmada, duygusal y\u00fck\u00fc azaltmada ve i\u00e7sel b\u00fcy\u00fcmeyi te\u015fvik etmede yard\u0131mc\u0131 olabilir.<\/p>\n<\/div><\/div><\/div><\/div><\/div><div class=\"fusion-fullwidth fullwidth-box fusion-builder-row-2 fusion-flex-container nonhundred-percent-fullwidth non-hundred-percent-height-scrolling\" style=\"--awb-border-radius-top-left:0px;--awb-border-radius-top-right:0px;--awb-border-radius-bottom-right:0px;--awb-border-radius-bottom-left:0px;--awb-padding-top:3%;--awb-padding-bottom:3%;--awb-padding-top-small:5%;--awb-padding-bottom-small:15%;--awb-background-color:var(--awb-color5);\" ><div class=\"fusion-builder-row fusion-row fusion-flex-align-items-center\" style=\"max-width:1365px;margin-left: calc(-5% \/ 2 );margin-right: calc(-5% \/ 2 );\"><div class=\"fusion-layout-column fusion_builder_column fusion-builder-column-2 fusion_builder_column_1_1 1_1 fusion-flex-column\" style=\"--awb-bg-size:cover;--awb-width-large:100%;--awb-margin-top-large:0px;--awb-spacing-right-large:2.375%;--awb-margin-bottom-large:20px;--awb-spacing-left-large:2.375%;--awb-width-medium:100%;--awb-order-medium:0;--awb-spacing-right-medium:2.375%;--awb-spacing-left-medium:2.375%;--awb-width-small:100%;--awb-order-small:0;--awb-spacing-right-small:2.375%;--awb-spacing-left-small:2.375%;\"><div class=\"fusion-column-wrapper fusion-column-has-shadow fusion-flex-justify-content-flex-start fusion-content-layout-column\"><div class=\"fusion-title title fusion-title-3 fusion-sep-none fusion-title-text fusion-title-size-two\" style=\"--awb-text-color:var(--awb-color1);\"><h2 class=\"title-heading-left\" style=\"margin:0;\">Brainspotting&#8217;in Etkisi<\/h2><\/div><div class=\"fusion-text fusion-text-3\" style=\"--awb-text-transform:none;--awb-text-color:var(--awb-color1);\"><p>Brainspotting, duygusal ve travmatik deneyimlerin derinlemesine iyile\u015ftirilmesi ve d\u00f6n\u00fc\u015f\u00fcm\u00fc \u00fczerinde derin bir etkiye sahiptir. \u00d6zel \u201cbrainspot\u201dlara odaklanarak bilin\u00e7alt\u0131na eri\u015fimi kolayla\u015ft\u0131r\u0131r ve derin duygusal y\u00fck\u00fcn serbest b\u0131rak\u0131lmas\u0131na olanak tan\u0131r. Bu, kayg\u0131, travma sonras\u0131 belirtiler, fobiler ve di\u011fer psikolojik \u015fikayetlerin azalmas\u0131na yol a\u00e7abilir. Brainspotting, \u00e7\u00f6z\u00fclmemi\u015f duygular\u0131n i\u015flenmesine ve n\u00f6tralize edilmesine yard\u0131mc\u0131 olarak duygusal refah\u0131n te\u015fvik edilmesine ve sinir sisteminin onar\u0131lmas\u0131na yard\u0131mc\u0131 olabilir. Ayr\u0131ca dayan\u0131kl\u0131l\u0131\u011f\u0131 art\u0131rabilir, fark\u0131ndal\u0131\u011f\u0131 geli\u015ftirebilir ve ki\u015fisel geli\u015fimde destek olabilir. Brainspottingin en g\u00fczel yan\u0131 hi\u00e7 konu\u015fmadan ve anlatmadan v\u00fccut diline ilgi vererek travmalar\u0131 tedavi etmesi.<\/p>\n<\/div><\/div><\/div><\/div><\/div><div class=\"fusion-fullwidth fullwidth-box fusion-builder-row-3 fusion-flex-container nonhundred-percent-fullwidth non-hundred-percent-height-scrolling\" style=\"--awb-background-position:right bottom;--awb-border-radius-top-left:0px;--awb-border-radius-top-right:0px;--awb-border-radius-bottom-right:0px;--awb-border-radius-bottom-left:0px;--awb-padding-top:80px;--awb-padding-bottom:80px;--awb-padding-top-small:0px;--awb-padding-right-small:15px;--awb-padding-left-small:15px;--awb-margin-top-small:0px;--awb-margin-bottom-small:0px;--awb-background-color:var(--awb-color2);\" ><div class=\"fusion-builder-row fusion-row fusion-flex-align-items-flex-start\" style=\"max-width:1365px;margin-left: calc(-5% \/ 2 );margin-right: calc(-5% \/ 2 );\"><div class=\"fusion-layout-column fusion_builder_column fusion-builder-column-3 fusion_builder_column_1_1 1_1 fusion-flex-column fusion-flex-align-self-flex-start\" style=\"--awb-padding-top:60px;--awb-padding-right:60px;--awb-padding-bottom:36px;--awb-padding-left:60px;--awb-padding-top-small:5%;--awb-padding-right-small:5%;--awb-padding-bottom-small:5%;--awb-padding-left-small:5%;--awb-overflow:hidden;--awb-bg-color:#ffffff;--awb-bg-color-hover:#ffffff;--awb-bg-size:cover;--awb-box-shadow:0px 45px 40px 0px rgba(0,44,91,0.3);;--awb-border-color:var(--awb-color4);--awb-border-style:solid;--awb-border-radius:10px 10px 0px 0px;--awb-width-large:100%;--awb-margin-top-large:-120px;--awb-spacing-right-large:2.375%;--awb-margin-bottom-large:20px;--awb-spacing-left-large:2.375%;--awb-width-medium:100%;--awb-order-medium:0;--awb-spacing-right-medium:2.375%;--awb-spacing-left-medium:2.375%;--awb-width-small:100%;--awb-order-small:0;--awb-margin-top-small:-60px;--awb-spacing-right-small:2.375%;--awb-spacing-left-small:2.375%;\" data-motion-effects=\"[{&quot;type&quot;:&quot;&quot;,&quot;scroll_type&quot;:&quot;transition&quot;,&quot;scroll_direction&quot;:&quot;up&quot;,&quot;transition_speed&quot;:&quot;1&quot;,&quot;fade_type&quot;:&quot;in&quot;,&quot;scale_type&quot;:&quot;up&quot;,&quot;initial_scale&quot;:&quot;1&quot;,&quot;max_scale&quot;:&quot;1.5&quot;,&quot;min_scale&quot;:&quot;0.5&quot;,&quot;initial_rotate&quot;:&quot;0&quot;,&quot;end_rotate&quot;:&quot;30&quot;,&quot;initial_blur&quot;:&quot;0&quot;,&quot;end_blur&quot;:&quot;3&quot;,&quot;start_element&quot;:&quot;top&quot;,&quot;start_viewport&quot;:&quot;bottom&quot;,&quot;end_element&quot;:&quot;bottom&quot;,&quot;end_viewport&quot;:&quot;top&quot;,&quot;mouse_effect&quot;:&quot;track&quot;,&quot;mouse_effect_direction&quot;:&quot;opposite&quot;,&quot;mouse_effect_speed&quot;:&quot;2&quot;,&quot;infinite_animation&quot;:&quot;float&quot;,&quot;infinite_animation_speed&quot;:&quot;2&quot;}]\" data-scroll-devices=\"small-visibility,medium-visibility,large-visibility\"><div class=\"fusion-column-wrapper fusion-column-has-shadow fusion-flex-justify-content-flex-start fusion-content-layout-column\"><div class=\"fusion-title title fusion-title-4 fusion-sep-none fusion-title-text fusion-title-size-two\"><h2 class=\"title-heading-left\" style=\"margin:0;\">Kimler \u0130\u00e7in?<\/h2><\/div><div class=\"fusion-text fusion-text-4\"><p>Brainspotting, derin k\u00f6kl\u00fc duygusal travmalar, anksiyete bozukluklar\u0131, PTSS, fobiler, ba\u011f\u0131ml\u0131l\u0131klar, performans engelleri veya di\u011fer psikolojik zorluklar ya\u015fayan bireyler i\u00e7in uygundur. Geleneksel terapilerle istenen sonu\u00e7lar\u0131 elde edemeyen ve bilin\u00e7alt\u0131na do\u011frudan eri\u015fim sa\u011flayan g\u00fc\u00e7l\u00fc bir yakla\u015f\u0131m arayanlar i\u00e7in uygundur. Brainspotting, kendi i\u00e7ine derinlemesine yolculu\u011fa haz\u0131r olan, i\u015flenmemi\u015f duygularla y\u00fczle\u015fmek ve duygusal refah ve ki\u015fisel b\u00fcy\u00fcme i\u00e7in yeni yollar ke\u015ffetmek isteyen insanlar i\u00e7in faydal\u0131 olabilir. D\u00f6n\u00fc\u015f\u00fcm ve iyile\u015fme i\u00e7in haz\u0131r olanlar i\u00e7in etkili bir terapi y\u00f6ntemidir.<\/p>\n<\/div><div class=\"fusion-title title fusion-title-5 fusion-sep-none fusion-title-text fusion-title-size-two\"><h2 class=\"title-heading-left\" style=\"margin:0;\">Ba\u015fvuru<\/h2><\/div><div class=\"fusion-text fusion-text-5\" style=\"--awb-text-transform:none;\"><p>Brainspotting terapisine ba\u015fvurmak i\u00e7in web sitesindeki ba\u015fvuru formunu doldurunuz. En ge\u00e7 iki g\u00fcn i\u00e7inde sizinle irtibata ge\u00e7ece\u011fim.<\/p>\n<\/div><div ><a class=\"fusion-button button-flat fusion-button-default-size button-default fusion-button-default button-1 fusion-button-default-span fusion-button-default-type\" style=\"--button_margin-bottom:3%;\" target=\"_self\" href=\"https:\/\/praktijkyazici.nl\/tr\/kayit-formu\/\"><span class=\"fusion-button-text\">Ba\u015fvu<\/span><i class=\"icon-arrow-up-right button-icon-right\" aria-hidden=\"true\"><\/i><\/a><\/div><div class=\"fusion-title title fusion-title-6 fusion-sep-none fusion-title-text fusion-title-size-three\" style=\"--awb-margin-top:30px;\"><h3 class=\"title-heading-left\" style=\"margin:0;\">\u0130rtibat: Telefon veya mail adresim arac\u0131l\u0131\u011f\u0131yla benimle irtibata ge\u00e7ebilirsiniz.<\/h3><\/div><div class=\"fusion-text fusion-text-6\"><p>O zaman tan\u0131\u015fma g\u00f6r\u00fc\u015fmesi i\u00e7in bir randevu al\u0131n.<br \/>\nTelefon veya e-posta ile benimle ileti\u015fime ge\u00e7in: info@praktijkyazici.nl | +31 (0)6 1670 80 37<\/p>\n<\/div><div ><a class=\"fusion-button button-flat button-xlarge button-custom fusion-button-default button-2 fusion-button-default-span fusion-button-default-type\" style=\"--button_accent_color:var(--awb-color1);--button_accent_hover_color:var(--awb-color1);--button_border_hover_color:var(--awb-color1);--button_gradient_top_color:var(--awb-color5);--button_gradient_bottom_color:var(--awb-color5);--button_gradient_top_color_hover:var(--awb-color5);--button_gradient_bottom_color_hover:var(--awb-color5);\" target=\"_self\" href=\"https:\/\/praktijkyazici.nl\/tr\/iletisim\/\"><span class=\"fusion-button-text\">ileti\u015fime ge\u00e7in<\/span><i class=\"icon-arrow-up-right button-icon-right\" aria-hidden=\"true\"><\/i><\/a><\/div><\/div><\/div><\/div><\/div><\/p>\n","protected":false},"excerpt":{"rendered":"","protected":false},"author":1,"featured_media":2863,"parent":0,"menu_order":0,"comment_status":"closed","ping_status":"closed","template":"100-width.php","meta":{"footnotes":""},"class_list":["post-2880","page","type-page","status-publish","has-post-thumbnail","hentry"],"yoast_head":"<!-- This site is optimized with the Yoast SEO plugin v25.7 - https:\/\/yoast.com\/wordpress\/plugins\/seo\/ -->\n<title>Brainspotting - Gulsen Yazici<\/title>\n<meta name=\"robots\" content=\"index, follow, max-snippet:-1, max-image-preview:large, max-video-preview:-1\" \/>\n<link rel=\"canonical\" href=\"https:\/\/praktijkyazici.nl\/tr\/brainspotting\/\" \/>\n<meta property=\"og:locale\" content=\"tr_TR\" \/>\n<meta property=\"og:type\" content=\"article\" \/>\n<meta property=\"og:title\" content=\"Brainspotting - Gulsen Yazici\" \/>\n<meta property=\"og:url\" content=\"https:\/\/praktijkyazici.nl\/tr\/brainspotting\/\" \/>\n<meta property=\"og:site_name\" content=\"Gulsen Yazici\" \/>\n<meta property=\"article:modified_time\" content=\"2025-08-14T16:54:33+00:00\" \/>\n<meta property=\"og:image\" content=\"https:\/\/praktijkyazici.nl\/wp-content\/uploads\/2023\/07\/banner-page-brainspotting.webp\" \/>\n\t<meta property=\"og:image:width\" content=\"2160\" \/>\n\t<meta property=\"og:image:height\" content=\"860\" \/>\n\t<meta property=\"og:image:type\" content=\"image\/webp\" \/>\n<meta name=\"twitter:card\" content=\"summary_large_image\" \/>\n<meta name=\"twitter:label1\" content=\"Tahmini okuma s\u00fcresi\" \/>\n\t<meta name=\"twitter:data1\" content=\"5 dakika\" \/>\n<script type=\"application\/ld+json\" class=\"yoast-schema-graph\">{\"@context\":\"https:\/\/schema.org\",\"@graph\":[{\"@type\":\"WebPage\",\"@id\":\"https:\/\/praktijkyazici.nl\/tr\/brainspotting\/\",\"url\":\"https:\/\/praktijkyazici.nl\/tr\/brainspotting\/\",\"name\":\"Brainspotting - Gulsen Yazici\",\"isPartOf\":{\"@id\":\"https:\/\/praktijkyazici.nl\/tr\/#website\"},\"primaryImageOfPage\":{\"@id\":\"https:\/\/praktijkyazici.nl\/tr\/brainspotting\/#primaryimage\"},\"image\":{\"@id\":\"https:\/\/praktijkyazici.nl\/tr\/brainspotting\/#primaryimage\"},\"thumbnailUrl\":\"https:\/\/praktijkyazici.nl\/wp-content\/uploads\/2023\/07\/banner-page-brainspotting.webp\",\"datePublished\":\"2023-07-20T17:00:54+00:00\",\"dateModified\":\"2025-08-14T16:54:33+00:00\",\"breadcrumb\":{\"@id\":\"https:\/\/praktijkyazici.nl\/tr\/brainspotting\/#breadcrumb\"},\"inLanguage\":\"tr\",\"potentialAction\":[{\"@type\":\"ReadAction\",\"target\":[\"https:\/\/praktijkyazici.nl\/tr\/brainspotting\/\"]}]},{\"@type\":\"ImageObject\",\"inLanguage\":\"tr\",\"@id\":\"https:\/\/praktijkyazici.nl\/tr\/brainspotting\/#primaryimage\",\"url\":\"https:\/\/praktijkyazici.nl\/wp-content\/uploads\/2023\/07\/banner-page-brainspotting.webp\",\"contentUrl\":\"https:\/\/praktijkyazici.nl\/wp-content\/uploads\/2023\/07\/banner-page-brainspotting.webp\",\"width\":2160,\"height\":860},{\"@type\":\"BreadcrumbList\",\"@id\":\"https:\/\/praktijkyazici.nl\/tr\/brainspotting\/#breadcrumb\",\"itemListElement\":[{\"@type\":\"ListItem\",\"position\":1,\"name\":\"Home\",\"item\":\"https:\/\/praktijkyazici.nl\/tr\/\"},{\"@type\":\"ListItem\",\"position\":2,\"name\":\"Brainspotting\"}]},{\"@type\":\"WebSite\",\"@id\":\"https:\/\/praktijkyazici.nl\/tr\/#website\",\"url\":\"https:\/\/praktijkyazici.nl\/tr\/\",\"name\":\"Praktijk Yazici\",\"description\":\"Systeemtherapie, Gezinstherapie, Relatie- en Individuele therapie\",\"alternateName\":\"Systeemtherapie, Gezinstherapie, Relatie- en Individuele therapie\",\"potentialAction\":[{\"@type\":\"SearchAction\",\"target\":{\"@type\":\"EntryPoint\",\"urlTemplate\":\"https:\/\/praktijkyazici.nl\/tr\/?s={search_term_string}\"},\"query-input\":{\"@type\":\"PropertyValueSpecification\",\"valueRequired\":true,\"valueName\":\"search_term_string\"}}],\"inLanguage\":\"tr\"}]}<\/script>\n<!-- \/ Yoast SEO plugin. -->","yoast_head_json":{"title":"Brainspotting - Gulsen Yazici","robots":{"index":"index","follow":"follow","max-snippet":"max-snippet:-1","max-image-preview":"max-image-preview:large","max-video-preview":"max-video-preview:-1"},"canonical":"https:\/\/praktijkyazici.nl\/tr\/brainspotting\/","og_locale":"tr_TR","og_type":"article","og_title":"Brainspotting - Gulsen Yazici","og_url":"https:\/\/praktijkyazici.nl\/tr\/brainspotting\/","og_site_name":"Gulsen Yazici","article_modified_time":"2025-08-14T16:54:33+00:00","og_image":[{"width":2160,"height":860,"url":"https:\/\/praktijkyazici.nl\/wp-content\/uploads\/2023\/07\/banner-page-brainspotting.webp","type":"image\/webp"}],"twitter_card":"summary_large_image","twitter_misc":{"Tahmini okuma s\u00fcresi":"5 dakika"},"schema":{"@context":"https:\/\/schema.org","@graph":[{"@type":"WebPage","@id":"https:\/\/praktijkyazici.nl\/tr\/brainspotting\/","url":"https:\/\/praktijkyazici.nl\/tr\/brainspotting\/","name":"Brainspotting - Gulsen Yazici","isPartOf":{"@id":"https:\/\/praktijkyazici.nl\/tr\/#website"},"primaryImageOfPage":{"@id":"https:\/\/praktijkyazici.nl\/tr\/brainspotting\/#primaryimage"},"image":{"@id":"https:\/\/praktijkyazici.nl\/tr\/brainspotting\/#primaryimage"},"thumbnailUrl":"https:\/\/praktijkyazici.nl\/wp-content\/uploads\/2023\/07\/banner-page-brainspotting.webp","datePublished":"2023-07-20T17:00:54+00:00","dateModified":"2025-08-14T16:54:33+00:00","breadcrumb":{"@id":"https:\/\/praktijkyazici.nl\/tr\/brainspotting\/#breadcrumb"},"inLanguage":"tr","potentialAction":[{"@type":"ReadAction","target":["https:\/\/praktijkyazici.nl\/tr\/brainspotting\/"]}]},{"@type":"ImageObject","inLanguage":"tr","@id":"https:\/\/praktijkyazici.nl\/tr\/brainspotting\/#primaryimage","url":"https:\/\/praktijkyazici.nl\/wp-content\/uploads\/2023\/07\/banner-page-brainspotting.webp","contentUrl":"https:\/\/praktijkyazici.nl\/wp-content\/uploads\/2023\/07\/banner-page-brainspotting.webp","width":2160,"height":860},{"@type":"BreadcrumbList","@id":"https:\/\/praktijkyazici.nl\/tr\/brainspotting\/#breadcrumb","itemListElement":[{"@type":"ListItem","position":1,"name":"Home","item":"https:\/\/praktijkyazici.nl\/tr\/"},{"@type":"ListItem","position":2,"name":"Brainspotting"}]},{"@type":"WebSite","@id":"https:\/\/praktijkyazici.nl\/tr\/#website","url":"https:\/\/praktijkyazici.nl\/tr\/","name":"Praktijk Yazici","description":"Systeemtherapie, Gezinstherapie, Relatie- en Individuele therapie","alternateName":"Systeemtherapie, Gezinstherapie, Relatie- en Individuele therapie","potentialAction":[{"@type":"SearchAction","target":{"@type":"EntryPoint","urlTemplate":"https:\/\/praktijkyazici.nl\/tr\/?s={search_term_string}"},"query-input":{"@type":"PropertyValueSpecification","valueRequired":true,"valueName":"search_term_string"}}],"inLanguage":"tr"}]}},"_links":{"self":[{"href":"https:\/\/praktijkyazici.nl\/tr\/wp-json\/wp\/v2\/pages\/2880","targetHints":{"allow":["GET"]}}],"collection":[{"href":"https:\/\/praktijkyazici.nl\/tr\/wp-json\/wp\/v2\/pages"}],"about":[{"href":"https:\/\/praktijkyazici.nl\/tr\/wp-json\/wp\/v2\/types\/page"}],"author":[{"embeddable":true,"href":"https:\/\/praktijkyazici.nl\/tr\/wp-json\/wp\/v2\/users\/1"}],"replies":[{"embeddable":true,"href":"https:\/\/praktijkyazici.nl\/tr\/wp-json\/wp\/v2\/comments?post=2880"}],"version-history":[{"count":11,"href":"https:\/\/praktijkyazici.nl\/tr\/wp-json\/wp\/v2\/pages\/2880\/revisions"}],"predecessor-version":[{"id":3260,"href":"https:\/\/praktijkyazici.nl\/tr\/wp-json\/wp\/v2\/pages\/2880\/revisions\/3260"}],"wp:featuredmedia":[{"embeddable":true,"href":"https:\/\/praktijkyazici.nl\/tr\/wp-json\/wp\/v2\/media\/2863"}],"wp:attachment":[{"href":"https:\/\/praktijkyazici.nl\/tr\/wp-json\/wp\/v2\/media?parent=2880"}],"curies":[{"name":"wp","href":"https:\/\/api.w.org\/{rel}","templated":true}]}}