{"id":2883,"date":"2023-07-20T17:51:24","date_gmt":"2023-07-20T16:51:24","guid":{"rendered":"https:\/\/praktijkyazici.nl\/?page_id=2883"},"modified":"2024-06-12T14:30:28","modified_gmt":"2024-06-12T13:30:28","slug":"bireysel-terapi","status":"publish","type":"page","link":"https:\/\/praktijkyazici.nl\/tr\/bireysel-terapi\/","title":{"rendered":"Bireysel Terapi"},"content":{"rendered":"<p><div class=\"fusion-fullwidth fullwidth-box fusion-builder-row-1 fusion-flex-container nonhundred-percent-fullwidth non-hundred-percent-height-scrolling\" style=\"--awb-border-radius-top-left:0px;--awb-border-radius-top-right:0px;--awb-border-radius-bottom-right:0px;--awb-border-radius-bottom-left:0px;--awb-padding-top:3%;--awb-padding-bottom:3%;\" ><div class=\"fusion-builder-row fusion-row fusion-flex-align-items-center\" style=\"max-width:1365px;margin-left: calc(-5% \/ 2 );margin-right: calc(-5% \/ 2 );\"><div class=\"fusion-layout-column fusion_builder_column fusion-builder-column-0 fusion_builder_column_1_2 1_2 fusion-flex-column fusion-flex-align-self-flex-start\" style=\"--awb-bg-size:cover;--awb-width-large:50%;--awb-margin-top-large:0px;--awb-spacing-right-large:4.75%;--awb-margin-bottom-large:20px;--awb-spacing-left-large:4.75%;--awb-width-medium:50%;--awb-order-medium:0;--awb-spacing-right-medium:4.75%;--awb-spacing-left-medium:4.75%;--awb-width-small:100%;--awb-order-small:0;--awb-spacing-right-small:2.375%;--awb-spacing-left-small:2.375%;\"><div class=\"fusion-column-wrapper fusion-column-has-shadow fusion-flex-justify-content-flex-start fusion-content-layout-column\"><div class=\"fusion-title title fusion-title-1 fusion-sep-none fusion-title-text fusion-title-size-two\" style=\"--awb-text-color:var(--awb-color5);\"><h2 class=\"title-heading-left\" style=\"margin:0;\">Bireysel terapi<\/h2><\/div><div class=\"fusion-text fusion-text-1\" style=\"--awb-text-transform:none;\"><p>Bireysel terapi, bir ki\u015finin bir terapistle birebir \u00e7al\u0131\u015ft\u0131\u011f\u0131 bir psikoterapi t\u00fcr\u00fcd\u00fcr. Ki\u015fisel ve psikososyal sorunlar\u0131 ke\u015ffetmeye ve tedavi etmeye, huzuru art\u0131rmaya ve ki\u015fisel geli\u015fimi sa\u011flamaya te\u015fvik ettirir. D\u00fc\u015f\u00fcnceler, duygular ve deneyimler hakk\u0131nda serbest\u00e7e konu\u015fabilece\u011finiz g\u00fcvenli bir ortam sunar. Birlikte hedefler belirleyebilir, zorluklarla ba\u015fa \u00e7\u0131kabilir ve sa\u011fl\u0131kl\u0131 hayatta kalma mekanizmalar\u0131n\u0131 ke\u015ffedip geli\u015ftirebiliriz. Bireysel terapi, anksiyete, depresyon, travma, ba\u011f\u0131ml\u0131l\u0131k ve di\u011fer psikolojik veya psikososyal sorunlara yard\u0131mc\u0131 olabilir. Kendini anlamak, ke\u015ffetmek ve b\u00fcy\u00fcmek i\u00e7in de\u011ferli bir alan sunar.<\/p>\n<\/div><\/div><\/div><div class=\"fusion-layout-column fusion_builder_column fusion-builder-column-1 fusion_builder_column_1_2 1_2 fusion-flex-column fusion-flex-align-self-flex-start\" style=\"--awb-bg-size:cover;--awb-width-large:50%;--awb-margin-top-large:0px;--awb-spacing-right-large:4.75%;--awb-margin-bottom-large:20px;--awb-spacing-left-large:4.75%;--awb-width-medium:50%;--awb-order-medium:0;--awb-spacing-right-medium:4.75%;--awb-spacing-left-medium:4.75%;--awb-width-small:100%;--awb-order-small:0;--awb-spacing-right-small:2.375%;--awb-spacing-left-small:2.375%;\"><div class=\"fusion-column-wrapper fusion-column-has-shadow fusion-flex-justify-content-flex-start fusion-content-layout-column\"><div class=\"fusion-title title fusion-title-2 fusion-sep-none fusion-title-text fusion-title-size-two\" style=\"--awb-text-color:var(--awb-color5);\"><h2 class=\"title-heading-left\" style=\"margin:0;\">Bireysel Terapi ne Zaman Tercih Edilir?<\/h2><\/div><div class=\"fusion-text fusion-text-2\"><p>Bireysel terapi, farkl\u0131 durumlarda faydal\u0131 olabilir. Psikososyal sorunlarla kar\u015f\u0131 kar\u015f\u0131ya kald\u0131\u011f\u0131n\u0131zda bireysel terapi se\u00e7ebilirsiniz. Ayr\u0131ca ili\u015fki sorunlar\u0131, \u00f6zg\u00fcven ve ki\u015filik sorunlar\u0131, stres veya zorlu ya\u015fam \u015fartlar\u0131yla m\u00fccadele ederken de faydal\u0131 olabilir. Bireysel terapi, d\u00fc\u015f\u00fcnceleriniz, duygular\u0131n\u0131z ve deneyimleriniz hakk\u0131nda konu\u015fabilece\u011finiz, destek, rehberlik ve yeni perspektifler alabilece\u011finiz g\u00fcvenli bir alan sunar. Kendiniz i\u00e7in yeni se\u00e7imler yapabilirsiniz. Kendinizi daha iyi anlaman\u0131z\u0131 sa\u011flar ve ki\u015fisel geli\u015fiminizi destekler.<\/p>\n<\/div><\/div><\/div><\/div><\/div><div class=\"fusion-fullwidth fullwidth-box fusion-builder-row-2 fusion-flex-container nonhundred-percent-fullwidth non-hundred-percent-height-scrolling\" style=\"--awb-border-radius-top-left:0px;--awb-border-radius-top-right:0px;--awb-border-radius-bottom-right:0px;--awb-border-radius-bottom-left:0px;--awb-padding-top:3%;--awb-padding-bottom:3%;--awb-padding-top-small:5%;--awb-padding-bottom-small:15%;--awb-background-color:var(--awb-color5);\" ><div class=\"fusion-builder-row fusion-row fusion-flex-align-items-center\" style=\"max-width:1365px;margin-left: calc(-5% \/ 2 );margin-right: calc(-5% \/ 2 );\"><div class=\"fusion-layout-column fusion_builder_column fusion-builder-column-2 fusion_builder_column_1_1 1_1 fusion-flex-column\" style=\"--awb-bg-size:cover;--awb-width-large:100%;--awb-margin-top-large:0px;--awb-spacing-right-large:2.375%;--awb-margin-bottom-large:20px;--awb-spacing-left-large:2.375%;--awb-width-medium:100%;--awb-order-medium:0;--awb-spacing-right-medium:2.375%;--awb-spacing-left-medium:2.375%;--awb-width-small:100%;--awb-order-small:0;--awb-spacing-right-small:2.375%;--awb-spacing-left-small:2.375%;\"><div class=\"fusion-column-wrapper fusion-column-has-shadow fusion-flex-justify-content-flex-start fusion-content-layout-column\"><div class=\"fusion-title title fusion-title-3 fusion-sep-none fusion-title-text fusion-title-size-two\" style=\"--awb-text-color:var(--awb-color1);\"><h2 class=\"title-heading-left\" style=\"margin:0;\">Bireysel terapinin etkisi<\/h2><\/div><div class=\"fusion-text fusion-text-3\" style=\"--awb-text-transform:none;--awb-text-color:var(--awb-color1);\"><p>Bireysel terapi, bir bireyin refah\u0131 ve ki\u015fisel b\u00fcy\u00fcmesi \u00fczerinde \u00f6nemli etkilere sahip olabilir. Ki\u015fisel zorluklarla ba\u015fa \u00e7\u0131kmak, duygusal engelleri ke\u015ffetmek ve etkili ba\u015fa \u00e7\u0131kma mekanizmalar\u0131 geli\u015ftirmek i\u00e7in g\u00fcvenli ve gizli bir alan sunar. Bireysel terapi sayesinde insanlar \u00f6z fark\u0131ndal\u0131klar\u0131n\u0131 art\u0131rabilir, d\u00fc\u015f\u00fcnce ve duygular\u0131n\u0131 anlayabilir ve olumsuz davran\u0131\u015f kal\u0131plar\u0131n\u0131 k\u0131rabilirler. Sa\u011fl\u0131kl\u0131 ba\u015fa \u00e7\u0131kma becerileri geli\u015ftirmeye, ili\u015fkilerini iyile\u015ftirmeye, duygusal dengeye ula\u015fmaya ve stres ve anksiyeteyle daha iyi ba\u015fa \u00e7\u0131kmaya yard\u0131mc\u0131 olur. Sonu\u00e7 olarak, bireysel terapi ya\u015fam kalitesini iyile\u015ftirebilir ve daha g\u00fc\u00e7l\u00fc bir refah hissi sa\u011flayabilir.<\/p>\n<\/div><\/div><\/div><\/div><\/div><div class=\"fusion-fullwidth fullwidth-box fusion-builder-row-3 fusion-flex-container nonhundred-percent-fullwidth non-hundred-percent-height-scrolling\" style=\"--awb-background-position:right bottom;--awb-border-radius-top-left:0px;--awb-border-radius-top-right:0px;--awb-border-radius-bottom-right:0px;--awb-border-radius-bottom-left:0px;--awb-padding-top:80px;--awb-padding-bottom:80px;--awb-padding-top-small:0px;--awb-padding-right-small:15px;--awb-padding-left-small:15px;--awb-margin-top-small:0px;--awb-margin-bottom-small:0px;--awb-background-color:var(--awb-color2);\" ><div class=\"fusion-builder-row fusion-row fusion-flex-align-items-flex-start\" style=\"max-width:1365px;margin-left: calc(-5% \/ 2 );margin-right: calc(-5% \/ 2 );\"><div class=\"fusion-layout-column fusion_builder_column fusion-builder-column-3 fusion_builder_column_1_1 1_1 fusion-flex-column fusion-flex-align-self-flex-start\" style=\"--awb-padding-top:60px;--awb-padding-right:60px;--awb-padding-bottom:36px;--awb-padding-left:60px;--awb-padding-top-small:5%;--awb-padding-right-small:5%;--awb-padding-bottom-small:5%;--awb-padding-left-small:5%;--awb-overflow:hidden;--awb-bg-color:#ffffff;--awb-bg-color-hover:#ffffff;--awb-bg-size:cover;--awb-box-shadow:0px 45px 40px 0px rgba(0,44,91,0.3);;--awb-border-color:var(--awb-color3);--awb-border-style:solid;--awb-border-radius:10px 10px 0px 0px;--awb-width-large:100%;--awb-margin-top-large:-120px;--awb-spacing-right-large:2.375%;--awb-margin-bottom-large:20px;--awb-spacing-left-large:2.375%;--awb-width-medium:100%;--awb-order-medium:0;--awb-spacing-right-medium:2.375%;--awb-spacing-left-medium:2.375%;--awb-width-small:100%;--awb-order-small:0;--awb-margin-top-small:-60px;--awb-spacing-right-small:2.375%;--awb-spacing-left-small:2.375%;\" data-motion-effects=\"[{&quot;type&quot;:&quot;&quot;,&quot;scroll_type&quot;:&quot;transition&quot;,&quot;scroll_direction&quot;:&quot;up&quot;,&quot;transition_speed&quot;:&quot;1&quot;,&quot;fade_type&quot;:&quot;in&quot;,&quot;scale_type&quot;:&quot;up&quot;,&quot;initial_scale&quot;:&quot;1&quot;,&quot;max_scale&quot;:&quot;1.5&quot;,&quot;min_scale&quot;:&quot;0.5&quot;,&quot;initial_rotate&quot;:&quot;0&quot;,&quot;end_rotate&quot;:&quot;30&quot;,&quot;initial_blur&quot;:&quot;0&quot;,&quot;end_blur&quot;:&quot;3&quot;,&quot;start_element&quot;:&quot;top&quot;,&quot;start_viewport&quot;:&quot;bottom&quot;,&quot;end_element&quot;:&quot;bottom&quot;,&quot;end_viewport&quot;:&quot;top&quot;,&quot;mouse_effect&quot;:&quot;track&quot;,&quot;mouse_effect_direction&quot;:&quot;opposite&quot;,&quot;mouse_effect_speed&quot;:&quot;2&quot;,&quot;infinite_animation&quot;:&quot;float&quot;,&quot;infinite_animation_speed&quot;:&quot;2&quot;}]\" data-scroll-devices=\"small-visibility,medium-visibility,large-visibility\"><div class=\"fusion-column-wrapper fusion-column-has-shadow fusion-flex-justify-content-flex-start fusion-content-layout-column\"><div class=\"fusion-title title fusion-title-4 fusion-sep-none fusion-title-text fusion-title-size-two\"><h2 class=\"title-heading-left\" style=\"margin:0;\">Kimler \u0130\u00e7in?<\/h2><\/div><div class=\"fusion-text fusion-text-4\"><p>Bireysel terapi, psikososyal, duygusal ve davran\u0131\u015fsal zorluklarla ba\u015fa \u00e7\u0131kmada ki\u015fisel destek ve rehberlik ihtiyac\u0131 olan insanlar i\u00e7indir. Anksiyete, depresyon, travma, ba\u011f\u0131ml\u0131l\u0131k, stres, ili\u015fki sorunlar\u0131, \u00f6zsayg\u0131 ve kimlik sorunlar\u0131, yas s\u00fcreci veya di\u011fer psikososyal sorunlarla kar\u015f\u0131 kar\u015f\u0131ya olanlar i\u00e7in uygundur. Bireysel terapi, kendiniz \u00fczerinde \u00e7al\u0131\u015fmaya, d\u00fc\u015f\u00fcnce ve duygular\u0131n\u0131z\u0131 anlamaya, ve sa\u011fl\u0131kl\u0131 \u015fekilde hayatta kalma mekanizmalar\u0131 geli\u015ftirmenizde destek olur. Bunlar\u0131n hepsi cesaret ve \u00f6zveri gerektirir, e\u011fer cesaretiniz varsa, beklemeyin.<\/p>\n<\/div><div class=\"fusion-title title fusion-title-5 fusion-sep-none fusion-title-text fusion-title-size-two\"><h2 class=\"title-heading-left\" style=\"margin:0;\">Ba\u015fvuru<\/h2><\/div><div class=\"fusion-text fusion-text-5\" style=\"--awb-text-transform:none;\"><p>Bireysel  olarak terapiye ba\u015fvurmak i\u00e7in web sitesindeki ba\u015fvuru formunu doldurunuz. En ge\u00e7 iki g\u00fcn i\u00e7inde sizinle irtibata ge\u00e7ece\u011fim.<\/p>\n<\/div><div ><a class=\"fusion-button button-flat button-xlarge button-default fusion-button-default button-1 fusion-button-default-span fusion-button-default-type\" style=\"--button_margin-bottom:3%;\" target=\"_self\" href=\"https:\/\/praktijkyazici.nl\/tr\/kayit-formu\/\"><span class=\"fusion-button-text\">Ba\u015fvur<\/span><i class=\"icon-arrow-up-right button-icon-right\" aria-hidden=\"true\"><\/i><\/a><\/div><div class=\"fusion-title title fusion-title-6 fusion-sep-none fusion-title-text fusion-title-size-two\"><h2 class=\"title-heading-left\" style=\"margin:0;\">\u00dccret ve \u00d6deme Ko\u015fullar\u0131<\/h2><\/div><ul style=\"--awb-size:18px;--awb-item-padding-top:0px;--awb-item-padding-bottom:0px;--awb-iconcolor:var(--awb-color5);--awb-line-height:30.6px;--awb-icon-width:30.6px;--awb-icon-height:30.6px;--awb-icon-margin:12.6px;--awb-content-margin:43.2px;--awb-circlecolor:var(--awb-color1);--awb-circle-yes-font-size:15.84px;\" class=\"fusion-checklist fusion-checklist-1 type-icons\"><li class=\"fusion-li-item\" style=\"\"><span class=\"icon-wrapper circle-yes\"><i class=\"fusion-li-icon fa-angle-right fas\" aria-hidden=\"true\"><\/i><\/span><div class=\"fusion-li-item-content\">Seans s\u00fcresi 60 dakikad\u0131r.<\/div><\/li><li class=\"fusion-li-item\" style=\"\"><span class=\"icon-wrapper circle-yes\"><i class=\"fusion-li-icon fa-angle-right fas\" aria-hidden=\"true\"><\/i><\/span><div class=\"fusion-li-item-content\">\n<p>Seans \u00fccreti 100 euro ve malesef sigorta taraf\u0131ndan kar\u015f\u0131lanm\u0131yor.<\/p>\n<\/div><\/li><li class=\"fusion-li-item\" style=\"\"><span class=\"icon-wrapper circle-yes\"><i class=\"fusion-li-icon fa-angle-right fas\" aria-hidden=\"true\"><\/i><\/span><div class=\"fusion-li-item-content\">Randevu iptal durumunda 24 saat \u00f6nceden bildirmeniz rica olunur. Aksi takdirde \u00fccret talep etmek zorunday\u0131m.<\/div><\/li><li class=\"fusion-li-item\" style=\"\"><span class=\"icon-wrapper circle-yes\"><i class=\"fusion-li-icon fa-angle-right fas\" aria-hidden=\"true\"><\/i><\/span><div class=\"fusion-li-item-content\">Faturan\u0131z ve \u00f6deme iste\u011fi ayn\u0131 g\u00fcn size g\u00f6nderilir. \u00d6demenizi en ge\u00e7 14 g\u00fcn i\u00e7inde yapman\u0131z rica olunur.<\/div><\/li><\/ul><div class=\"fusion-title title fusion-title-7 fusion-sep-none fusion-title-text fusion-title-size-three\" style=\"--awb-margin-top:30px;\"><h3 class=\"title-heading-left\" style=\"margin:0;\">\u0130rtibat: Telefon veya mail adresim arac\u0131l\u0131\u011f\u0131yla benimle irtibata ge\u00e7ebilirsiniz.<\/h3><\/div><div class=\"fusion-text fusion-text-6\"><p>O zaman tan\u0131\u015fma g\u00f6r\u00fc\u015fmesi i\u00e7in bir randevu al\u0131n.<br \/>\nTelefon veya e-posta ile benimle ileti\u015fime ge\u00e7in: info@praktijkyazici.nl | +31 (0)6 1670 80 37<\/p>\n<\/div><div ><a class=\"fusion-button button-flat button-xlarge button-custom fusion-button-default button-2 fusion-button-default-span fusion-button-default-type\" style=\"--button_accent_color:var(--awb-color1);--button_accent_hover_color:var(--awb-color1);--button_border_hover_color:var(--awb-color1);--button_gradient_top_color:var(--awb-color5);--button_gradient_bottom_color:var(--awb-color5);--button_gradient_top_color_hover:var(--awb-color5);--button_gradient_bottom_color_hover:var(--awb-color5);\" target=\"_self\" href=\"https:\/\/praktijkyazici.nl\/tr\/iletisim\/\"><span class=\"fusion-button-text\">\u0130leti\u015fime Ge\u00e7in<\/span><i class=\"icon-arrow-up-right button-icon-right\" aria-hidden=\"true\"><\/i><\/a><\/div><\/div><\/div><\/div><\/div><\/p>\n","protected":false},"excerpt":{"rendered":"","protected":false},"author":1,"featured_media":2861,"parent":0,"menu_order":0,"comment_status":"closed","ping_status":"closed","template":"100-width.php","meta":{"footnotes":""},"class_list":["post-2883","page","type-page","status-publish","has-post-thumbnail","hentry"],"yoast_head":"<!-- This site is optimized with the Yoast SEO plugin v25.7 - https:\/\/yoast.com\/wordpress\/plugins\/seo\/ -->\n<title>Bireysel Terapi - Gulsen Yazici<\/title>\n<meta name=\"robots\" content=\"index, follow, max-snippet:-1, max-image-preview:large, max-video-preview:-1\" \/>\n<link rel=\"canonical\" href=\"https:\/\/praktijkyazici.nl\/tr\/bireysel-terapi\/\" \/>\n<meta property=\"og:locale\" content=\"tr_TR\" \/>\n<meta property=\"og:type\" content=\"article\" \/>\n<meta property=\"og:title\" content=\"Bireysel Terapi - Gulsen Yazici\" \/>\n<meta property=\"og:url\" content=\"https:\/\/praktijkyazici.nl\/tr\/bireysel-terapi\/\" \/>\n<meta property=\"og:site_name\" content=\"Gulsen Yazici\" \/>\n<meta property=\"article:modified_time\" content=\"2024-06-12T13:30:28+00:00\" \/>\n<meta property=\"og:image\" content=\"https:\/\/praktijkyazici.nl\/wp-content\/uploads\/2023\/07\/banner-page-relatietherapie.webp\" \/>\n\t<meta property=\"og:image:width\" content=\"2160\" \/>\n\t<meta property=\"og:image:height\" content=\"860\" \/>\n\t<meta property=\"og:image:type\" content=\"image\/webp\" \/>\n<meta name=\"twitter:card\" content=\"summary_large_image\" \/>\n<script type=\"application\/ld+json\" class=\"yoast-schema-graph\">{\"@context\":\"https:\/\/schema.org\",\"@graph\":[{\"@type\":\"WebPage\",\"@id\":\"https:\/\/praktijkyazici.nl\/tr\/bireysel-terapi\/\",\"url\":\"https:\/\/praktijkyazici.nl\/tr\/bireysel-terapi\/\",\"name\":\"Bireysel Terapi - Gulsen Yazici\",\"isPartOf\":{\"@id\":\"https:\/\/praktijkyazici.nl\/tr\/#website\"},\"primaryImageOfPage\":{\"@id\":\"https:\/\/praktijkyazici.nl\/tr\/bireysel-terapi\/#primaryimage\"},\"image\":{\"@id\":\"https:\/\/praktijkyazici.nl\/tr\/bireysel-terapi\/#primaryimage\"},\"thumbnailUrl\":\"https:\/\/praktijkyazici.nl\/wp-content\/uploads\/2023\/07\/banner-page-relatietherapie.webp\",\"datePublished\":\"2023-07-20T16:51:24+00:00\",\"dateModified\":\"2024-06-12T13:30:28+00:00\",\"breadcrumb\":{\"@id\":\"https:\/\/praktijkyazici.nl\/tr\/bireysel-terapi\/#breadcrumb\"},\"inLanguage\":\"tr\",\"potentialAction\":[{\"@type\":\"ReadAction\",\"target\":[\"https:\/\/praktijkyazici.nl\/tr\/bireysel-terapi\/\"]}]},{\"@type\":\"ImageObject\",\"inLanguage\":\"tr\",\"@id\":\"https:\/\/praktijkyazici.nl\/tr\/bireysel-terapi\/#primaryimage\",\"url\":\"https:\/\/praktijkyazici.nl\/wp-content\/uploads\/2023\/07\/banner-page-relatietherapie.webp\",\"contentUrl\":\"https:\/\/praktijkyazici.nl\/wp-content\/uploads\/2023\/07\/banner-page-relatietherapie.webp\",\"width\":2160,\"height\":860},{\"@type\":\"BreadcrumbList\",\"@id\":\"https:\/\/praktijkyazici.nl\/tr\/bireysel-terapi\/#breadcrumb\",\"itemListElement\":[{\"@type\":\"ListItem\",\"position\":1,\"name\":\"Home\",\"item\":\"https:\/\/praktijkyazici.nl\/tr\/\"},{\"@type\":\"ListItem\",\"position\":2,\"name\":\"Bireysel Terapi\"}]},{\"@type\":\"WebSite\",\"@id\":\"https:\/\/praktijkyazici.nl\/tr\/#website\",\"url\":\"https:\/\/praktijkyazici.nl\/tr\/\",\"name\":\"Praktijk Yazici\",\"description\":\"Systeemtherapie, Gezinstherapie, Relatie- en Individuele therapie\",\"alternateName\":\"Systeemtherapie, Gezinstherapie, Relatie- en Individuele therapie\",\"potentialAction\":[{\"@type\":\"SearchAction\",\"target\":{\"@type\":\"EntryPoint\",\"urlTemplate\":\"https:\/\/praktijkyazici.nl\/tr\/?s={search_term_string}\"},\"query-input\":{\"@type\":\"PropertyValueSpecification\",\"valueRequired\":true,\"valueName\":\"search_term_string\"}}],\"inLanguage\":\"tr\"}]}<\/script>\n<!-- \/ Yoast SEO plugin. -->","yoast_head_json":{"title":"Bireysel Terapi - Gulsen Yazici","robots":{"index":"index","follow":"follow","max-snippet":"max-snippet:-1","max-image-preview":"max-image-preview:large","max-video-preview":"max-video-preview:-1"},"canonical":"https:\/\/praktijkyazici.nl\/tr\/bireysel-terapi\/","og_locale":"tr_TR","og_type":"article","og_title":"Bireysel Terapi - Gulsen Yazici","og_url":"https:\/\/praktijkyazici.nl\/tr\/bireysel-terapi\/","og_site_name":"Gulsen Yazici","article_modified_time":"2024-06-12T13:30:28+00:00","og_image":[{"width":2160,"height":860,"url":"https:\/\/praktijkyazici.nl\/wp-content\/uploads\/2023\/07\/banner-page-relatietherapie.webp","type":"image\/webp"}],"twitter_card":"summary_large_image","schema":{"@context":"https:\/\/schema.org","@graph":[{"@type":"WebPage","@id":"https:\/\/praktijkyazici.nl\/tr\/bireysel-terapi\/","url":"https:\/\/praktijkyazici.nl\/tr\/bireysel-terapi\/","name":"Bireysel Terapi - Gulsen Yazici","isPartOf":{"@id":"https:\/\/praktijkyazici.nl\/tr\/#website"},"primaryImageOfPage":{"@id":"https:\/\/praktijkyazici.nl\/tr\/bireysel-terapi\/#primaryimage"},"image":{"@id":"https:\/\/praktijkyazici.nl\/tr\/bireysel-terapi\/#primaryimage"},"thumbnailUrl":"https:\/\/praktijkyazici.nl\/wp-content\/uploads\/2023\/07\/banner-page-relatietherapie.webp","datePublished":"2023-07-20T16:51:24+00:00","dateModified":"2024-06-12T13:30:28+00:00","breadcrumb":{"@id":"https:\/\/praktijkyazici.nl\/tr\/bireysel-terapi\/#breadcrumb"},"inLanguage":"tr","potentialAction":[{"@type":"ReadAction","target":["https:\/\/praktijkyazici.nl\/tr\/bireysel-terapi\/"]}]},{"@type":"ImageObject","inLanguage":"tr","@id":"https:\/\/praktijkyazici.nl\/tr\/bireysel-terapi\/#primaryimage","url":"https:\/\/praktijkyazici.nl\/wp-content\/uploads\/2023\/07\/banner-page-relatietherapie.webp","contentUrl":"https:\/\/praktijkyazici.nl\/wp-content\/uploads\/2023\/07\/banner-page-relatietherapie.webp","width":2160,"height":860},{"@type":"BreadcrumbList","@id":"https:\/\/praktijkyazici.nl\/tr\/bireysel-terapi\/#breadcrumb","itemListElement":[{"@type":"ListItem","position":1,"name":"Home","item":"https:\/\/praktijkyazici.nl\/tr\/"},{"@type":"ListItem","position":2,"name":"Bireysel Terapi"}]},{"@type":"WebSite","@id":"https:\/\/praktijkyazici.nl\/tr\/#website","url":"https:\/\/praktijkyazici.nl\/tr\/","name":"Praktijk Yazici","description":"Systeemtherapie, Gezinstherapie, Relatie- en Individuele therapie","alternateName":"Systeemtherapie, Gezinstherapie, Relatie- en Individuele therapie","potentialAction":[{"@type":"SearchAction","target":{"@type":"EntryPoint","urlTemplate":"https:\/\/praktijkyazici.nl\/tr\/?s={search_term_string}"},"query-input":{"@type":"PropertyValueSpecification","valueRequired":true,"valueName":"search_term_string"}}],"inLanguage":"tr"}]}},"_links":{"self":[{"href":"https:\/\/praktijkyazici.nl\/tr\/wp-json\/wp\/v2\/pages\/2883","targetHints":{"allow":["GET"]}}],"collection":[{"href":"https:\/\/praktijkyazici.nl\/tr\/wp-json\/wp\/v2\/pages"}],"about":[{"href":"https:\/\/praktijkyazici.nl\/tr\/wp-json\/wp\/v2\/types\/page"}],"author":[{"embeddable":true,"href":"https:\/\/praktijkyazici.nl\/tr\/wp-json\/wp\/v2\/users\/1"}],"replies":[{"embeddable":true,"href":"https:\/\/praktijkyazici.nl\/tr\/wp-json\/wp\/v2\/comments?post=2883"}],"version-history":[{"count":10,"href":"https:\/\/praktijkyazici.nl\/tr\/wp-json\/wp\/v2\/pages\/2883\/revisions"}],"predecessor-version":[{"id":3171,"href":"https:\/\/praktijkyazici.nl\/tr\/wp-json\/wp\/v2\/pages\/2883\/revisions\/3171"}],"wp:featuredmedia":[{"embeddable":true,"href":"https:\/\/praktijkyazici.nl\/tr\/wp-json\/wp\/v2\/media\/2861"}],"wp:attachment":[{"href":"https:\/\/praktijkyazici.nl\/tr\/wp-json\/wp\/v2\/media?parent=2883"}],"curies":[{"name":"wp","href":"https:\/\/api.w.org\/{rel}","templated":true}]}}