{"id":2886,"date":"2023-07-20T17:57:42","date_gmt":"2023-07-20T16:57:42","guid":{"rendered":"https:\/\/praktijkyazici.nl\/?page_id=2886"},"modified":"2024-06-12T14:31:16","modified_gmt":"2024-06-12T13:31:16","slug":"iliski-terapisi","status":"publish","type":"page","link":"https:\/\/praktijkyazici.nl\/tr\/iliski-terapisi\/","title":{"rendered":"\u0130li\u015fki Terapisi"},"content":{"rendered":"<p><div class=\"fusion-fullwidth fullwidth-box fusion-builder-row-1 fusion-flex-container nonhundred-percent-fullwidth non-hundred-percent-height-scrolling\" style=\"--awb-border-radius-top-left:0px;--awb-border-radius-top-right:0px;--awb-border-radius-bottom-right:0px;--awb-border-radius-bottom-left:0px;--awb-padding-top:3%;--awb-padding-bottom:3%;\" ><div class=\"fusion-builder-row fusion-row fusion-flex-align-items-center\" style=\"max-width:1365px;margin-left: calc(-5% \/ 2 );margin-right: calc(-5% \/ 2 );\"><div class=\"fusion-layout-column fusion_builder_column fusion-builder-column-0 fusion_builder_column_1_2 1_2 fusion-flex-column fusion-flex-align-self-flex-start\" style=\"--awb-bg-size:cover;--awb-width-large:50%;--awb-margin-top-large:0px;--awb-spacing-right-large:4.75%;--awb-margin-bottom-large:20px;--awb-spacing-left-large:4.75%;--awb-width-medium:50%;--awb-order-medium:0;--awb-spacing-right-medium:4.75%;--awb-spacing-left-medium:4.75%;--awb-width-small:100%;--awb-order-small:0;--awb-spacing-right-small:2.375%;--awb-spacing-left-small:2.375%;\"><div class=\"fusion-column-wrapper fusion-column-has-shadow fusion-flex-justify-content-flex-start fusion-content-layout-column\"><div class=\"fusion-title title fusion-title-1 fusion-sep-none fusion-title-text fusion-title-size-two\" style=\"--awb-text-color:var(--awb-color5);\"><h2 class=\"title-heading-left\" style=\"margin:0;\">\u0130li\u015fkide Denge Bulma<\/h2><\/div><div class=\"fusion-text fusion-text-1\" style=\"--awb-text-transform:none;\"><p>\u0130li\u015fki terapisi, e\u015fler aras\u0131nda ortak yol bulma \u00fczerine odaklanan bir psikoterapi t\u00fcr\u00fcd\u00fcr. Bir\u00e7ok \u00e7ift, hayat\u0131n karma\u015fas\u0131nda birbirlerini ve dengeyi kaybederler ve neden birlikte olduklar\u0131n\u0131 unutur. \u0130li\u015fki Terapisi, ileti\u015fimi g\u00fc\u00e7lendirmek, \u00e7at\u0131\u015fmalar\u0131 \u00e7\u00f6zmek ve duygusal ba\u011f\u0131 g\u00fc\u00e7lendirmek veya yeniden kurmak i\u00e7in \u00e7iftlerin \u00e7al\u0131\u015fabilece\u011fi g\u00fcvenli ve destekleyici bir ortam sunar. \u0130li\u015fki Terapisi, \u00e7iftlerin ili\u015fkilerinde sorunlara neden olan hal ve hareketleri anlamalar\u0131na yard\u0131mc\u0131 olur. Konu\u015fmalar, egzersizler ve rehberlik arac\u0131l\u0131\u011f\u0131yla \u00e7iftler birbirleriyle etkili ileti\u015fim kurmay\u0131, g\u00fcven in\u015fa etmeyi, samimiyeti art\u0131rmay\u0131 ve birlikte b\u00fcy\u00fcmeyi \u00f6\u011frenebilirler. \u0130li\u015fki Terapisi, evli \u00e7iftler ve ni\u015fanl\u0131 \u00e7iftler dahil olmak \u00fczere ili\u015fkilerinin farkl\u0131 a\u015famalar\u0131nda bulunan \u00e7iftler i\u00e7in uygundur.<\/p>\n<\/div><\/div><\/div><div class=\"fusion-layout-column fusion_builder_column fusion-builder-column-1 fusion_builder_column_1_2 1_2 fusion-flex-column fusion-flex-align-self-flex-start\" style=\"--awb-bg-size:cover;--awb-width-large:50%;--awb-margin-top-large:0px;--awb-spacing-right-large:4.75%;--awb-margin-bottom-large:20px;--awb-spacing-left-large:4.75%;--awb-width-medium:50%;--awb-order-medium:0;--awb-spacing-right-medium:4.75%;--awb-spacing-left-medium:4.75%;--awb-width-small:100%;--awb-order-small:0;--awb-spacing-right-small:2.375%;--awb-spacing-left-small:2.375%;\"><div class=\"fusion-column-wrapper fusion-column-has-shadow fusion-flex-justify-content-flex-start fusion-content-layout-column\"><div class=\"fusion-title title fusion-title-2 fusion-sep-none fusion-title-text fusion-title-size-two\" style=\"--awb-text-color:var(--awb-color5);\"><h2 class=\"title-heading-left\" style=\"margin:0;\">\u0130li\u015fki Terapisi Ne Zaman Gereklidir?<\/h2><\/div><div class=\"fusion-text fusion-text-2\"><p>\u0130li\u015fki, \u00e7iftlerin ili\u015fkilerinde kar\u015f\u0131la\u015ft\u0131klar\u0131 zorluklar ve sorunlarla ba\u015fa \u00e7\u0131kmada faydal\u0131 olabilir. \u0130leti\u015fim sorunlar\u0131, tekrarlayan \u00e7at\u0131\u015fmalar, samimiyet eksikli\u011fi, sadakatsizlik, g\u00fcven kayb\u0131, farkl\u0131 beklentiler veya ya\u015fam ama\u00e7lar\u0131 veya ili\u015fkinin \u00e7\u0131kmaza girdi\u011fi durumlarda gereklidir. \u0130li\u015fki Terapisi, \u00e7iftlerin ileti\u015fimlerini iyile\u015ftirmesi, birbirlerinin ihtiya\u00e7lar\u0131n\u0131 anlamas\u0131, altta yatan sorunlar\u0131 ele almas\u0131 ve duygusal ba\u011flar\u0131n\u0131 g\u00fc\u00e7lendirmesi i\u00e7in g\u00fcvenli ve tarafs\u0131z bir alan sunar. \u0130li\u015fkinin onar\u0131lmas\u0131, g\u00fc\u00e7lendirilmesi ve sa\u011fl\u0131kl\u0131 bir gelecek in\u015fa etmek i\u00e7in de\u011ferli bir ara\u00e7t\u0131r.<\/p>\n<\/div><\/div><\/div><\/div><\/div><div class=\"fusion-fullwidth fullwidth-box fusion-builder-row-2 fusion-flex-container nonhundred-percent-fullwidth non-hundred-percent-height-scrolling\" style=\"--awb-border-radius-top-left:0px;--awb-border-radius-top-right:0px;--awb-border-radius-bottom-right:0px;--awb-border-radius-bottom-left:0px;--awb-padding-top:3%;--awb-padding-bottom:3%;--awb-padding-top-small:5%;--awb-padding-bottom-small:15%;--awb-background-color:var(--awb-color5);\" ><div class=\"fusion-builder-row fusion-row fusion-flex-align-items-center\" style=\"max-width:1365px;margin-left: calc(-5% \/ 2 );margin-right: calc(-5% \/ 2 );\"><div class=\"fusion-layout-column fusion_builder_column fusion-builder-column-2 fusion_builder_column_1_1 1_1 fusion-flex-column\" style=\"--awb-bg-size:cover;--awb-width-large:100%;--awb-margin-top-large:0px;--awb-spacing-right-large:2.375%;--awb-margin-bottom-large:20px;--awb-spacing-left-large:2.375%;--awb-width-medium:100%;--awb-order-medium:0;--awb-spacing-right-medium:2.375%;--awb-spacing-left-medium:2.375%;--awb-width-small:100%;--awb-order-small:0;--awb-spacing-right-small:2.375%;--awb-spacing-left-small:2.375%;\"><div class=\"fusion-column-wrapper fusion-column-has-shadow fusion-flex-justify-content-flex-start fusion-content-layout-column\"><div class=\"fusion-title title fusion-title-3 fusion-sep-none fusion-title-text fusion-title-size-two\" style=\"--awb-text-color:var(--awb-color1);\"><h2 class=\"title-heading-left\" style=\"margin:0;\">\u00c7ift Terapisinin Etkisi<\/h2><\/div><div class=\"fusion-text fusion-text-3\" style=\"--awb-text-transform:none;--awb-text-color:var(--awb-color1);\"><p>\u0130li\u015fki Terapisi, ili\u015fkinin kalitesi ve huzuru i\u00e7in \u00f6nemlidir. \u00c7iftlere, yap\u0131c\u0131 ileti\u015fim kurma, \u00e7at\u0131\u015fmalar\u0131 \u00e7\u00f6zme ve daha derin bir duygusal ba\u011f olu\u015fturma f\u0131rsat\u0131 sunar. \u0130li\u015fki Terapisi, arac\u0131l\u0131\u011f\u0131yla, \u00e7iftler y\u0131k\u0131c\u0131 hal ve hareketleri tan\u0131yabilir anlayabilir, altta yatan sorunlar\u0131 belirleyebilir ve sa\u011fl\u0131kl\u0131 hayatta kalma mekanizmalar\u0131n\u0131 ke\u015ffedip geli\u015ftirebilir. G\u00fcvenin yeniden in\u015fa edilmesine, samimiyetin artt\u0131r\u0131lmas\u0131na ve ili\u015fkinin g\u00fc\u00e7lendirilmesine yard\u0131mc\u0131 olabilir. \u0130li\u015fki Terapisi, \u00e7iftlerin b\u00fcy\u00fcyebilece\u011fi, ili\u015fkilerini d\u00f6n\u00fc\u015ft\u00fcrebilece\u011fi ve sa\u011fl\u0131kl\u0131 ve tatmi<\/p>\n<\/div><\/div><\/div><\/div><\/div><div class=\"fusion-fullwidth fullwidth-box fusion-builder-row-3 fusion-flex-container nonhundred-percent-fullwidth non-hundred-percent-height-scrolling\" style=\"--awb-background-position:right bottom;--awb-border-radius-top-left:0px;--awb-border-radius-top-right:0px;--awb-border-radius-bottom-right:0px;--awb-border-radius-bottom-left:0px;--awb-padding-top:80px;--awb-padding-bottom:80px;--awb-padding-top-small:0px;--awb-padding-right-small:15px;--awb-padding-left-small:15px;--awb-margin-top-small:0px;--awb-margin-bottom-small:0px;--awb-background-color:var(--awb-color2);\" ><div class=\"fusion-builder-row fusion-row fusion-flex-align-items-flex-start\" style=\"max-width:1365px;margin-left: calc(-5% \/ 2 );margin-right: calc(-5% \/ 2 );\"><div class=\"fusion-layout-column fusion_builder_column fusion-builder-column-3 fusion_builder_column_1_1 1_1 fusion-flex-column fusion-flex-align-self-flex-start\" style=\"--awb-padding-top:60px;--awb-padding-right:60px;--awb-padding-bottom:36px;--awb-padding-left:60px;--awb-padding-top-small:5%;--awb-padding-right-small:5%;--awb-padding-bottom-small:5%;--awb-padding-left-small:5%;--awb-overflow:hidden;--awb-bg-color:#ffffff;--awb-bg-color-hover:#ffffff;--awb-bg-size:cover;--awb-box-shadow:0px 45px 40px 0px rgba(0,44,91,0.3);;--awb-border-color:var(--awb-color4);--awb-border-style:solid;--awb-border-radius:10px 10px 0px 0px;--awb-width-large:100%;--awb-margin-top-large:-120px;--awb-spacing-right-large:2.375%;--awb-margin-bottom-large:20px;--awb-spacing-left-large:2.375%;--awb-width-medium:100%;--awb-order-medium:0;--awb-spacing-right-medium:2.375%;--awb-spacing-left-medium:2.375%;--awb-width-small:100%;--awb-order-small:0;--awb-margin-top-small:-60px;--awb-spacing-right-small:2.375%;--awb-spacing-left-small:2.375%;\" data-motion-effects=\"[{&quot;type&quot;:&quot;&quot;,&quot;scroll_type&quot;:&quot;transition&quot;,&quot;scroll_direction&quot;:&quot;up&quot;,&quot;transition_speed&quot;:&quot;1&quot;,&quot;fade_type&quot;:&quot;in&quot;,&quot;scale_type&quot;:&quot;up&quot;,&quot;initial_scale&quot;:&quot;1&quot;,&quot;max_scale&quot;:&quot;1.5&quot;,&quot;min_scale&quot;:&quot;0.5&quot;,&quot;initial_rotate&quot;:&quot;0&quot;,&quot;end_rotate&quot;:&quot;30&quot;,&quot;initial_blur&quot;:&quot;0&quot;,&quot;end_blur&quot;:&quot;3&quot;,&quot;start_element&quot;:&quot;top&quot;,&quot;start_viewport&quot;:&quot;bottom&quot;,&quot;end_element&quot;:&quot;bottom&quot;,&quot;end_viewport&quot;:&quot;top&quot;,&quot;mouse_effect&quot;:&quot;track&quot;,&quot;mouse_effect_direction&quot;:&quot;opposite&quot;,&quot;mouse_effect_speed&quot;:&quot;2&quot;,&quot;infinite_animation&quot;:&quot;float&quot;,&quot;infinite_animation_speed&quot;:&quot;2&quot;}]\" data-scroll-devices=\"small-visibility,medium-visibility,large-visibility\"><div class=\"fusion-column-wrapper fusion-column-has-shadow fusion-flex-justify-content-flex-start fusion-content-layout-column\"><div class=\"fusion-title title fusion-title-4 fusion-sep-none fusion-title-text fusion-title-size-two\"><h2 class=\"title-heading-left\" style=\"margin:0;\">Kimler \u0130\u00e7in?<\/h2><\/div><div class=\"fusion-text fusion-text-4\"><p>\u0130li\u015fki Terapisi, ili\u015fkilerinin farkl\u0131 a\u015famalar\u0131nda olan ve destek ve rehberlik ihtiyac\u0131 olan \u00e7iftler i\u00e7in uygundur. \u0130leti\u015fim sorunlar\u0131, \u00e7at\u0131\u015fmalar, sadakatsizlik, ba\u011flant\u0131 kayb\u0131, farkl\u0131 ya\u015fam d\u00f6nemlerinde zorluklar veya ili\u015fkilerinde di\u011fer zorluklarla kar\u015f\u0131la\u015fan \u00e7iftler i\u00e7in \u00f6nemlidir. \u0130li\u015fkilerinin ileti\u015fimini geli\u015ftirmek, g\u00fcveni yeniden in\u015fa etmek, samimiyeti derinle\u015ftirmek ve g\u00fc\u00e7l\u00fc ve sa\u011fl\u0131kl\u0131 bir ili\u015fki kurmak isteyen \u00e7iftlere g\u00fcvenli bir ortam sunar.<\/p>\n<\/div><div class=\"fusion-title title fusion-title-5 fusion-sep-none fusion-title-text fusion-title-size-two\"><h2 class=\"title-heading-left\" style=\"margin:0;\">Ba\u015fvuru<\/h2><\/div><div class=\"fusion-text fusion-text-5\" style=\"--awb-text-transform:none;\"><p>\u00c7ift olarak terapiye ba\u015fvurmak i\u00e7in web sitesindeki ba\u015fvuru formunu birlikte doldurunuz. En ge\u00e7 iki g\u00fcn i\u00e7inde sizinle irtibata ge\u00e7ece\u011fim.<\/p>\n<\/div><div ><a class=\"fusion-button button-flat fusion-button-default-size button-default fusion-button-default button-1 fusion-button-default-span fusion-button-default-type\" style=\"--button_margin-bottom:3%;\" target=\"_self\" href=\"https:\/\/praktijkyazici.nl\/tr\/kayit-formu\/\"><span class=\"fusion-button-text\">Ba\u015fvur<\/span><i class=\"icon-arrow-up-right button-icon-right\" aria-hidden=\"true\"><\/i><\/a><\/div><div class=\"fusion-title title fusion-title-6 fusion-sep-none fusion-title-text fusion-title-size-two\"><h2 class=\"title-heading-left\" style=\"margin:0;\">\u00dccret ve \u00d6deme Ko\u015fullar\u0131<\/h2><\/div><ul style=\"--awb-size:18px;--awb-item-padding-top:0px;--awb-item-padding-bottom:0px;--awb-iconcolor:var(--awb-color5);--awb-line-height:30.6px;--awb-icon-width:30.6px;--awb-icon-height:30.6px;--awb-icon-margin:12.6px;--awb-content-margin:43.2px;--awb-circlecolor:var(--awb-color1);--awb-circle-yes-font-size:15.84px;\" class=\"fusion-checklist fusion-checklist-1 type-icons\"><li class=\"fusion-li-item\" style=\"\"><span class=\"icon-wrapper circle-yes\"><i class=\"fusion-li-icon fa-angle-right fas\" aria-hidden=\"true\"><\/i><\/span><div class=\"fusion-li-item-content\">Seans s\u00fcresi 60 dakikad\u0131r.<\/div><\/li><li class=\"fusion-li-item\" style=\"\"><span class=\"icon-wrapper circle-yes\"><i class=\"fusion-li-icon fa-angle-right fas\" aria-hidden=\"true\"><\/i><\/span><div class=\"fusion-li-item-content\">\n<p>Seans \u00fccreti 100 euro ve malesef sigorta taraf\u0131ndan kar\u015f\u0131lanm\u0131yor.<\/p>\n<\/div><\/li><li class=\"fusion-li-item\" style=\"\"><span class=\"icon-wrapper circle-yes\"><i class=\"fusion-li-icon fa-angle-right fas\" aria-hidden=\"true\"><\/i><\/span><div class=\"fusion-li-item-content\">Randevu iptal durumunda 24 saat \u00f6nceden bildirmeniz rica olunur. Aksi takdirde \u00fccret talep etmek zorunday\u0131m.<\/div><\/li><li class=\"fusion-li-item\" style=\"\"><span class=\"icon-wrapper circle-yes\"><i class=\"fusion-li-icon fa-angle-right fas\" aria-hidden=\"true\"><\/i><\/span><div class=\"fusion-li-item-content\">Faturan\u0131z ve \u00f6deme iste\u011fi ayn\u0131 g\u00fcn size g\u00f6nderilir. \u00d6demenizi en ge\u00e7 14 g\u00fcn i\u00e7inde yapman\u0131z rica olunur.<\/div><\/li><\/ul><div class=\"fusion-title title fusion-title-7 fusion-sep-none fusion-title-text fusion-title-size-three\" style=\"--awb-margin-top:30px;\"><h3 class=\"title-heading-left\" style=\"margin:0;\">\u0130rtibat: Telefon veya mail adresim arac\u0131l\u0131\u011f\u0131yla benimle irtibata ge\u00e7ebilirsiniz.<\/h3><\/div><div class=\"fusion-text fusion-text-6\"><p>O zaman tan\u0131\u015fma g\u00f6r\u00fc\u015fmesi i\u00e7in bir randevu al\u0131n.<br \/>\nTelefon veya e-posta ile benimle ileti\u015fime ge\u00e7in: info@praktijkyazici.nl | +31 (0)6 1670 80 37<\/p>\n<\/div><div ><a class=\"fusion-button button-flat button-xlarge button-custom fusion-button-default button-2 fusion-button-default-span fusion-button-default-type\" style=\"--button_accent_color:var(--awb-color1);--button_accent_hover_color:var(--awb-color1);--button_border_hover_color:var(--awb-color1);--button_gradient_top_color:var(--awb-color5);--button_gradient_bottom_color:var(--awb-color5);--button_gradient_top_color_hover:var(--awb-color5);--button_gradient_bottom_color_hover:var(--awb-color5);\" target=\"_self\" href=\"https:\/\/praktijkyazici.nl\/tr\/iletisim\/\"><span class=\"fusion-button-text\">\u0130leti\u015fime Ge\u00e7in<\/span><i class=\"icon-arrow-up-right button-icon-right\" aria-hidden=\"true\"><\/i><\/a><\/div><\/div><\/div><\/div><\/div><\/p>\n","protected":false},"excerpt":{"rendered":"","protected":false},"author":1,"featured_media":2797,"parent":0,"menu_order":0,"comment_status":"closed","ping_status":"closed","template":"100-width.php","meta":{"footnotes":""},"class_list":["post-2886","page","type-page","status-publish","has-post-thumbnail","hentry"],"yoast_head":"<!-- This site is optimized with the Yoast SEO plugin v25.7 - https:\/\/yoast.com\/wordpress\/plugins\/seo\/ -->\n<title>\u0130li\u015fki Terapisi - Gulsen Yazici<\/title>\n<meta name=\"robots\" content=\"index, follow, max-snippet:-1, max-image-preview:large, max-video-preview:-1\" \/>\n<link rel=\"canonical\" href=\"https:\/\/praktijkyazici.nl\/tr\/iliski-terapisi\/\" \/>\n<meta property=\"og:locale\" content=\"tr_TR\" \/>\n<meta property=\"og:type\" content=\"article\" \/>\n<meta property=\"og:title\" content=\"\u0130li\u015fki Terapisi - Gulsen Yazici\" \/>\n<meta property=\"og:url\" content=\"https:\/\/praktijkyazici.nl\/tr\/iliski-terapisi\/\" \/>\n<meta property=\"og:site_name\" content=\"Gulsen Yazici\" \/>\n<meta property=\"article:modified_time\" content=\"2024-06-12T13:31:16+00:00\" \/>\n<meta property=\"og:image\" content=\"https:\/\/praktijkyazici.nl\/wp-content\/uploads\/2023\/07\/banner-relatietherapie.webp\" \/>\n\t<meta property=\"og:image:width\" content=\"2160\" \/>\n\t<meta property=\"og:image:height\" content=\"860\" \/>\n\t<meta property=\"og:image:type\" content=\"image\/webp\" \/>\n<meta name=\"twitter:card\" content=\"summary_large_image\" \/>\n<script type=\"application\/ld+json\" class=\"yoast-schema-graph\">{\"@context\":\"https:\/\/schema.org\",\"@graph\":[{\"@type\":\"WebPage\",\"@id\":\"https:\/\/praktijkyazici.nl\/tr\/iliski-terapisi\/\",\"url\":\"https:\/\/praktijkyazici.nl\/tr\/iliski-terapisi\/\",\"name\":\"\u0130li\u015fki Terapisi - Gulsen Yazici\",\"isPartOf\":{\"@id\":\"https:\/\/praktijkyazici.nl\/tr\/#website\"},\"primaryImageOfPage\":{\"@id\":\"https:\/\/praktijkyazici.nl\/tr\/iliski-terapisi\/#primaryimage\"},\"image\":{\"@id\":\"https:\/\/praktijkyazici.nl\/tr\/iliski-terapisi\/#primaryimage\"},\"thumbnailUrl\":\"https:\/\/praktijkyazici.nl\/wp-content\/uploads\/2023\/07\/banner-relatietherapie.webp\",\"datePublished\":\"2023-07-20T16:57:42+00:00\",\"dateModified\":\"2024-06-12T13:31:16+00:00\",\"breadcrumb\":{\"@id\":\"https:\/\/praktijkyazici.nl\/tr\/iliski-terapisi\/#breadcrumb\"},\"inLanguage\":\"tr\",\"potentialAction\":[{\"@type\":\"ReadAction\",\"target\":[\"https:\/\/praktijkyazici.nl\/tr\/iliski-terapisi\/\"]}]},{\"@type\":\"ImageObject\",\"inLanguage\":\"tr\",\"@id\":\"https:\/\/praktijkyazici.nl\/tr\/iliski-terapisi\/#primaryimage\",\"url\":\"https:\/\/praktijkyazici.nl\/wp-content\/uploads\/2023\/07\/banner-relatietherapie.webp\",\"contentUrl\":\"https:\/\/praktijkyazici.nl\/wp-content\/uploads\/2023\/07\/banner-relatietherapie.webp\",\"width\":2160,\"height\":860},{\"@type\":\"BreadcrumbList\",\"@id\":\"https:\/\/praktijkyazici.nl\/tr\/iliski-terapisi\/#breadcrumb\",\"itemListElement\":[{\"@type\":\"ListItem\",\"position\":1,\"name\":\"Home\",\"item\":\"https:\/\/praktijkyazici.nl\/tr\/\"},{\"@type\":\"ListItem\",\"position\":2,\"name\":\"\u0130li\u015fki Terapisi\"}]},{\"@type\":\"WebSite\",\"@id\":\"https:\/\/praktijkyazici.nl\/tr\/#website\",\"url\":\"https:\/\/praktijkyazici.nl\/tr\/\",\"name\":\"Praktijk Yazici\",\"description\":\"Systeemtherapie, Gezinstherapie, Relatie- en Individuele therapie\",\"alternateName\":\"Systeemtherapie, Gezinstherapie, Relatie- en Individuele therapie\",\"potentialAction\":[{\"@type\":\"SearchAction\",\"target\":{\"@type\":\"EntryPoint\",\"urlTemplate\":\"https:\/\/praktijkyazici.nl\/tr\/?s={search_term_string}\"},\"query-input\":{\"@type\":\"PropertyValueSpecification\",\"valueRequired\":true,\"valueName\":\"search_term_string\"}}],\"inLanguage\":\"tr\"}]}<\/script>\n<!-- \/ Yoast SEO plugin. -->","yoast_head_json":{"title":"\u0130li\u015fki Terapisi - Gulsen Yazici","robots":{"index":"index","follow":"follow","max-snippet":"max-snippet:-1","max-image-preview":"max-image-preview:large","max-video-preview":"max-video-preview:-1"},"canonical":"https:\/\/praktijkyazici.nl\/tr\/iliski-terapisi\/","og_locale":"tr_TR","og_type":"article","og_title":"\u0130li\u015fki Terapisi - Gulsen Yazici","og_url":"https:\/\/praktijkyazici.nl\/tr\/iliski-terapisi\/","og_site_name":"Gulsen Yazici","article_modified_time":"2024-06-12T13:31:16+00:00","og_image":[{"width":2160,"height":860,"url":"https:\/\/praktijkyazici.nl\/wp-content\/uploads\/2023\/07\/banner-relatietherapie.webp","type":"image\/webp"}],"twitter_card":"summary_large_image","schema":{"@context":"https:\/\/schema.org","@graph":[{"@type":"WebPage","@id":"https:\/\/praktijkyazici.nl\/tr\/iliski-terapisi\/","url":"https:\/\/praktijkyazici.nl\/tr\/iliski-terapisi\/","name":"\u0130li\u015fki Terapisi - Gulsen Yazici","isPartOf":{"@id":"https:\/\/praktijkyazici.nl\/tr\/#website"},"primaryImageOfPage":{"@id":"https:\/\/praktijkyazici.nl\/tr\/iliski-terapisi\/#primaryimage"},"image":{"@id":"https:\/\/praktijkyazici.nl\/tr\/iliski-terapisi\/#primaryimage"},"thumbnailUrl":"https:\/\/praktijkyazici.nl\/wp-content\/uploads\/2023\/07\/banner-relatietherapie.webp","datePublished":"2023-07-20T16:57:42+00:00","dateModified":"2024-06-12T13:31:16+00:00","breadcrumb":{"@id":"https:\/\/praktijkyazici.nl\/tr\/iliski-terapisi\/#breadcrumb"},"inLanguage":"tr","potentialAction":[{"@type":"ReadAction","target":["https:\/\/praktijkyazici.nl\/tr\/iliski-terapisi\/"]}]},{"@type":"ImageObject","inLanguage":"tr","@id":"https:\/\/praktijkyazici.nl\/tr\/iliski-terapisi\/#primaryimage","url":"https:\/\/praktijkyazici.nl\/wp-content\/uploads\/2023\/07\/banner-relatietherapie.webp","contentUrl":"https:\/\/praktijkyazici.nl\/wp-content\/uploads\/2023\/07\/banner-relatietherapie.webp","width":2160,"height":860},{"@type":"BreadcrumbList","@id":"https:\/\/praktijkyazici.nl\/tr\/iliski-terapisi\/#breadcrumb","itemListElement":[{"@type":"ListItem","position":1,"name":"Home","item":"https:\/\/praktijkyazici.nl\/tr\/"},{"@type":"ListItem","position":2,"name":"\u0130li\u015fki Terapisi"}]},{"@type":"WebSite","@id":"https:\/\/praktijkyazici.nl\/tr\/#website","url":"https:\/\/praktijkyazici.nl\/tr\/","name":"Praktijk Yazici","description":"Systeemtherapie, Gezinstherapie, Relatie- en Individuele therapie","alternateName":"Systeemtherapie, Gezinstherapie, Relatie- en Individuele therapie","potentialAction":[{"@type":"SearchAction","target":{"@type":"EntryPoint","urlTemplate":"https:\/\/praktijkyazici.nl\/tr\/?s={search_term_string}"},"query-input":{"@type":"PropertyValueSpecification","valueRequired":true,"valueName":"search_term_string"}}],"inLanguage":"tr"}]}},"_links":{"self":[{"href":"https:\/\/praktijkyazici.nl\/tr\/wp-json\/wp\/v2\/pages\/2886","targetHints":{"allow":["GET"]}}],"collection":[{"href":"https:\/\/praktijkyazici.nl\/tr\/wp-json\/wp\/v2\/pages"}],"about":[{"href":"https:\/\/praktijkyazici.nl\/tr\/wp-json\/wp\/v2\/types\/page"}],"author":[{"embeddable":true,"href":"https:\/\/praktijkyazici.nl\/tr\/wp-json\/wp\/v2\/users\/1"}],"replies":[{"embeddable":true,"href":"https:\/\/praktijkyazici.nl\/tr\/wp-json\/wp\/v2\/comments?post=2886"}],"version-history":[{"count":11,"href":"https:\/\/praktijkyazici.nl\/tr\/wp-json\/wp\/v2\/pages\/2886\/revisions"}],"predecessor-version":[{"id":3172,"href":"https:\/\/praktijkyazici.nl\/tr\/wp-json\/wp\/v2\/pages\/2886\/revisions\/3172"}],"wp:featuredmedia":[{"embeddable":true,"href":"https:\/\/praktijkyazici.nl\/tr\/wp-json\/wp\/v2\/media\/2797"}],"wp:attachment":[{"href":"https:\/\/praktijkyazici.nl\/tr\/wp-json\/wp\/v2\/media?parent=2886"}],"curies":[{"name":"wp","href":"https:\/\/api.w.org\/{rel}","templated":true}]}}