{"id":2965,"date":"2023-07-25T12:14:12","date_gmt":"2023-07-25T11:14:12","guid":{"rendered":"https:\/\/praktijkyazici.nl\/?page_id=2965"},"modified":"2025-08-14T18:17:13","modified_gmt":"2025-08-14T17:17:13","slug":"sistem-terapisi","status":"publish","type":"page","link":"https:\/\/praktijkyazici.nl\/tr\/sistem-terapisi\/","title":{"rendered":"Sistem Terapisi"},"content":{"rendered":"<div class=\"fusion-fullwidth fullwidth-box fusion-builder-row-1 fusion-flex-container nonhundred-percent-fullwidth non-hundred-percent-height-scrolling\" style=\"--awb-border-radius-top-left:0px;--awb-border-radius-top-right:0px;--awb-border-radius-bottom-right:0px;--awb-border-radius-bottom-left:0px;--awb-padding-top:3%;--awb-padding-bottom:3%;\" ><div class=\"fusion-builder-row fusion-row fusion-flex-align-items-center\" style=\"max-width:1365px;margin-left: calc(-5% \/ 2 );margin-right: calc(-5% \/ 2 );\"><div class=\"fusion-layout-column fusion_builder_column fusion-builder-column-0 fusion_builder_column_1_1 1_1 fusion-flex-column fusion-flex-align-self-flex-start\" style=\"--awb-bg-size:cover;--awb-width-large:100%;--awb-margin-top-large:0px;--awb-spacing-right-large:2.375%;--awb-margin-bottom-large:20px;--awb-spacing-left-large:2.375%;--awb-width-medium:100%;--awb-order-medium:0;--awb-spacing-right-medium:2.375%;--awb-spacing-left-medium:2.375%;--awb-width-small:100%;--awb-order-small:0;--awb-spacing-right-small:2.375%;--awb-spacing-left-small:2.375%;\"><div class=\"fusion-column-wrapper fusion-column-has-shadow fusion-flex-justify-content-flex-start fusion-content-layout-column\"><div class=\"fusion-title title fusion-title-1 fusion-sep-none fusion-title-text fusion-title-size-two\" style=\"--awb-text-color:var(--awb-color5);\"><h2 class=\"title-heading-left\" style=\"margin:0;\">Sistem ve aile Terapisi: Ba\u011flant\u0131, Anlay\u0131\u015f ve Pozitif De\u011fi\u015fim<\/h2><\/div><div class=\"fusion-text fusion-text-1\" style=\"--awb-text-transform:none;\"><p>Sistem terapisi, aile ve ili\u015fki terapisinin de i\u00e7ine alan, bilimsel olarak kan\u0131tlanm\u0131\u015f etkili bir psikoterapi y\u00f6ntemidir. Hepimiz bir sistem i\u00e7inde (aile, i\u015f, \u00e7evre, din, k\u00fclt\u00fcr, vb.) ya da birden fazla sistem i\u00e7inde yer al\u0131r\u0131z ve birbirimizi etkileriz. Sistem terapisinde sadece birey de\u011fil, \u00f6zellikle di\u011fer insanlarla ili\u015fkiler ve i\u015f, okul, sosyal \u00e7evre, k\u00fclt\u00fcr ve din gibi \u00e7evresel fakt\u00f6rlerde \u00f6nemli rol oynar.<\/p>\n<p>Bende Sistem ve Gestalt Terapisti olarak, dan\u0131\u015fanlar\u0131ma kar\u015f\u0131la\u015ft\u0131klar\u0131 zorluklar\u0131 anlamalar\u0131na ve bunlar\u0131n problemlerin nereden kaynakland\u0131\u011f\u0131n\u0131 ara\u015ft\u0131rmalar\u0131na yard\u0131mc\u0131 oluryorum. Dan\u0131\u015fanlar\u0131mla birlikte \u00e7\u00f6z\u00fcmler ariyor ve her zaman yeni bir se\u00e7im yapabileceklerinin fark\u0131nda olmalar\u0131n\u0131 sa\u011fl\u0131yorum. Dan\u0131\u015fanlar\u0131ma, kendilerini merkeze alabilmeleri i\u00e7in kendi &#8220;benliklerini&#8221; veya &#8220;kendi topraklar\u0131n\u0131&#8221; ke\u015ffetmelerine yard\u0131m ediyorum. Bu, bir birey olarak kendini merkeze alabilmek i\u00e7in gereklidir fakat bu, etraf\u0131n\u0131daki insanlar\u0131n \u00f6nemsiz oldu\u011fu anlam\u0131na gelmiyor. Tam tersine, kendi topra\u011f\u0131n\u0131zda durarak kendinizle ve ba\u015fkalar\u0131yla daha g\u00fczel ileti\u015fimde olabilirsiniz.<\/p>\n<p>Sistem terapisinin amac\u0131, aile bireylerine veya etraf\u0131n\u0131zaki \u00f6nemli insanlar\u0131 daha iyi anlamalar\u0131, ileti\u015fimi geli\u015ftirmeleri ve sorunlara ortak \u00e7\u00f6z\u00fcmler bulmalar\u0131na yard\u0131mc\u0131 olmakt\u0131r. Bu, birlikte olanaklar ve olumlu de\u011fi\u015fiklikler arama s\u00fcrecidir. \u00d6rne\u011fin, bir \u00e7ocu\u011fun okulda ya\u015fad\u0131\u011f\u0131 problemler evdeki gerilimlerden kaynaklan\u0131yorsa, terapi s\u00fcrecinde bu sorunlar\u0131n birbirlerini nas\u0131l etkiledi\u011fini anlamak ve birlikte nas\u0131l ele al\u0131nabilece\u011fini g\u00f6rmek i\u00e7in aile i\u00e7indeki etkile\u015fim kal\u0131plar\u0131na bak\u0131l\u0131r.<\/p>\n<p>Ben sistemin terapisi d\u0131\u015f\u0131nda bireysel sistem terapisi ve grup terapisi de sunuyor ve bunun i\u00e7in kurslar d\u00fczenliyorum.<\/p>\n<\/div><div class=\"fusion-title title fusion-title-2 fusion-sep-none fusion-title-text fusion-title-size-three\" style=\"--awb-margin-top:30px;\"><h3 class=\"title-heading-left\" style=\"margin:0;\">\u0130rtibat: Telefon veya mail adresim arac\u0131l\u0131\u011f\u0131yla benimle irtibata ge\u00e7ebilirsiniz.<\/h3><\/div><div class=\"fusion-text fusion-text-2\"><p>O zaman tan\u0131\u015fma g\u00f6r\u00fc\u015fmesi i\u00e7in bir randevu al\u0131n.<br \/>Telefon veya e-posta ile benimle ileti\u015fime ge\u00e7in: info@praktijkyazici.nl | +31 (0)6 1670 80 37<\/p>\n<\/div><div ><a class=\"fusion-button button-flat button-xlarge button-custom fusion-button-default button-1 fusion-button-default-span fusion-button-default-type\" style=\"--button_accent_color:var(--awb-color1);--button_accent_hover_color:var(--awb-color1);--button_border_hover_color:var(--awb-color1);--button_gradient_top_color:var(--awb-color5);--button_gradient_bottom_color:var(--awb-color5);--button_gradient_top_color_hover:var(--awb-color5);--button_gradient_bottom_color_hover:var(--awb-color5);\" target=\"_self\" href=\"https:\/\/praktijkyazici.nl\/contact\/\"><span class=\"fusion-button-text\">\u0130leti\u015fime Ge\u00e7in<\/span><i class=\"icon-arrow-up-right button-icon-right\" aria-hidden=\"true\"><\/i><\/a><\/div><\/div><\/div><\/div><\/div>\n","protected":false},"excerpt":{"rendered":"","protected":false},"author":1,"featured_media":3191,"parent":0,"menu_order":0,"comment_status":"closed","ping_status":"closed","template":"100-width.php","meta":{"footnotes":""},"class_list":["post-2965","page","type-page","status-publish","has-post-thumbnail","hentry"],"yoast_head":"<!-- This site is optimized with the Yoast SEO plugin v25.7 - https:\/\/yoast.com\/wordpress\/plugins\/seo\/ -->\n<title>Sistem Terapisi - Gulsen Yazici<\/title>\n<meta name=\"robots\" content=\"index, follow, max-snippet:-1, max-image-preview:large, max-video-preview:-1\" \/>\n<link rel=\"canonical\" href=\"https:\/\/praktijkyazici.nl\/tr\/sistem-terapisi\/\" \/>\n<meta property=\"og:locale\" content=\"tr_TR\" \/>\n<meta property=\"og:type\" content=\"article\" \/>\n<meta property=\"og:title\" content=\"Sistem Terapisi - Gulsen Yazici\" \/>\n<meta property=\"og:url\" content=\"https:\/\/praktijkyazici.nl\/tr\/sistem-terapisi\/\" \/>\n<meta property=\"og:site_name\" content=\"Gulsen Yazici\" \/>\n<meta property=\"article:modified_time\" content=\"2025-08-14T17:17:13+00:00\" \/>\n<meta property=\"og:image\" content=\"https:\/\/praktijkyazici.nl\/wp-content\/uploads\/2025\/06\/Schermafbeelding-2025-06-21-210841.png\" \/>\n\t<meta property=\"og:image:width\" content=\"1539\" \/>\n\t<meta property=\"og:image:height\" content=\"718\" \/>\n\t<meta property=\"og:image:type\" content=\"image\/png\" \/>\n<meta name=\"twitter:card\" content=\"summary_large_image\" \/>\n<script type=\"application\/ld+json\" class=\"yoast-schema-graph\">{\"@context\":\"https:\/\/schema.org\",\"@graph\":[{\"@type\":\"WebPage\",\"@id\":\"https:\/\/praktijkyazici.nl\/tr\/sistem-terapisi\/\",\"url\":\"https:\/\/praktijkyazici.nl\/tr\/sistem-terapisi\/\",\"name\":\"Sistem Terapisi - Gulsen Yazici\",\"isPartOf\":{\"@id\":\"https:\/\/praktijkyazici.nl\/tr\/#website\"},\"primaryImageOfPage\":{\"@id\":\"https:\/\/praktijkyazici.nl\/tr\/sistem-terapisi\/#primaryimage\"},\"image\":{\"@id\":\"https:\/\/praktijkyazici.nl\/tr\/sistem-terapisi\/#primaryimage\"},\"thumbnailUrl\":\"https:\/\/praktijkyazici.nl\/wp-content\/uploads\/2025\/06\/Schermafbeelding-2025-06-21-210841.png\",\"datePublished\":\"2023-07-25T11:14:12+00:00\",\"dateModified\":\"2025-08-14T17:17:13+00:00\",\"breadcrumb\":{\"@id\":\"https:\/\/praktijkyazici.nl\/tr\/sistem-terapisi\/#breadcrumb\"},\"inLanguage\":\"tr\",\"potentialAction\":[{\"@type\":\"ReadAction\",\"target\":[\"https:\/\/praktijkyazici.nl\/tr\/sistem-terapisi\/\"]}]},{\"@type\":\"ImageObject\",\"inLanguage\":\"tr\",\"@id\":\"https:\/\/praktijkyazici.nl\/tr\/sistem-terapisi\/#primaryimage\",\"url\":\"https:\/\/praktijkyazici.nl\/wp-content\/uploads\/2025\/06\/Schermafbeelding-2025-06-21-210841.png\",\"contentUrl\":\"https:\/\/praktijkyazici.nl\/wp-content\/uploads\/2025\/06\/Schermafbeelding-2025-06-21-210841.png\",\"width\":1539,\"height\":718},{\"@type\":\"BreadcrumbList\",\"@id\":\"https:\/\/praktijkyazici.nl\/tr\/sistem-terapisi\/#breadcrumb\",\"itemListElement\":[{\"@type\":\"ListItem\",\"position\":1,\"name\":\"Home\",\"item\":\"https:\/\/praktijkyazici.nl\/tr\/\"},{\"@type\":\"ListItem\",\"position\":2,\"name\":\"Sistem Terapisi\"}]},{\"@type\":\"WebSite\",\"@id\":\"https:\/\/praktijkyazici.nl\/tr\/#website\",\"url\":\"https:\/\/praktijkyazici.nl\/tr\/\",\"name\":\"Praktijk Yazici\",\"description\":\"Systeemtherapie, Gezinstherapie, Relatie- en Individuele therapie\",\"alternateName\":\"Systeemtherapie, Gezinstherapie, Relatie- en Individuele therapie\",\"potentialAction\":[{\"@type\":\"SearchAction\",\"target\":{\"@type\":\"EntryPoint\",\"urlTemplate\":\"https:\/\/praktijkyazici.nl\/tr\/?s={search_term_string}\"},\"query-input\":{\"@type\":\"PropertyValueSpecification\",\"valueRequired\":true,\"valueName\":\"search_term_string\"}}],\"inLanguage\":\"tr\"}]}<\/script>\n<!-- \/ Yoast SEO plugin. -->","yoast_head_json":{"title":"Sistem Terapisi - Gulsen Yazici","robots":{"index":"index","follow":"follow","max-snippet":"max-snippet:-1","max-image-preview":"max-image-preview:large","max-video-preview":"max-video-preview:-1"},"canonical":"https:\/\/praktijkyazici.nl\/tr\/sistem-terapisi\/","og_locale":"tr_TR","og_type":"article","og_title":"Sistem Terapisi - Gulsen Yazici","og_url":"https:\/\/praktijkyazici.nl\/tr\/sistem-terapisi\/","og_site_name":"Gulsen Yazici","article_modified_time":"2025-08-14T17:17:13+00:00","og_image":[{"width":1539,"height":718,"url":"https:\/\/praktijkyazici.nl\/wp-content\/uploads\/2025\/06\/Schermafbeelding-2025-06-21-210841.png","type":"image\/png"}],"twitter_card":"summary_large_image","schema":{"@context":"https:\/\/schema.org","@graph":[{"@type":"WebPage","@id":"https:\/\/praktijkyazici.nl\/tr\/sistem-terapisi\/","url":"https:\/\/praktijkyazici.nl\/tr\/sistem-terapisi\/","name":"Sistem Terapisi - Gulsen Yazici","isPartOf":{"@id":"https:\/\/praktijkyazici.nl\/tr\/#website"},"primaryImageOfPage":{"@id":"https:\/\/praktijkyazici.nl\/tr\/sistem-terapisi\/#primaryimage"},"image":{"@id":"https:\/\/praktijkyazici.nl\/tr\/sistem-terapisi\/#primaryimage"},"thumbnailUrl":"https:\/\/praktijkyazici.nl\/wp-content\/uploads\/2025\/06\/Schermafbeelding-2025-06-21-210841.png","datePublished":"2023-07-25T11:14:12+00:00","dateModified":"2025-08-14T17:17:13+00:00","breadcrumb":{"@id":"https:\/\/praktijkyazici.nl\/tr\/sistem-terapisi\/#breadcrumb"},"inLanguage":"tr","potentialAction":[{"@type":"ReadAction","target":["https:\/\/praktijkyazici.nl\/tr\/sistem-terapisi\/"]}]},{"@type":"ImageObject","inLanguage":"tr","@id":"https:\/\/praktijkyazici.nl\/tr\/sistem-terapisi\/#primaryimage","url":"https:\/\/praktijkyazici.nl\/wp-content\/uploads\/2025\/06\/Schermafbeelding-2025-06-21-210841.png","contentUrl":"https:\/\/praktijkyazici.nl\/wp-content\/uploads\/2025\/06\/Schermafbeelding-2025-06-21-210841.png","width":1539,"height":718},{"@type":"BreadcrumbList","@id":"https:\/\/praktijkyazici.nl\/tr\/sistem-terapisi\/#breadcrumb","itemListElement":[{"@type":"ListItem","position":1,"name":"Home","item":"https:\/\/praktijkyazici.nl\/tr\/"},{"@type":"ListItem","position":2,"name":"Sistem Terapisi"}]},{"@type":"WebSite","@id":"https:\/\/praktijkyazici.nl\/tr\/#website","url":"https:\/\/praktijkyazici.nl\/tr\/","name":"Praktijk Yazici","description":"Systeemtherapie, Gezinstherapie, Relatie- en Individuele therapie","alternateName":"Systeemtherapie, Gezinstherapie, Relatie- en Individuele therapie","potentialAction":[{"@type":"SearchAction","target":{"@type":"EntryPoint","urlTemplate":"https:\/\/praktijkyazici.nl\/tr\/?s={search_term_string}"},"query-input":{"@type":"PropertyValueSpecification","valueRequired":true,"valueName":"search_term_string"}}],"inLanguage":"tr"}]}},"_links":{"self":[{"href":"https:\/\/praktijkyazici.nl\/tr\/wp-json\/wp\/v2\/pages\/2965","targetHints":{"allow":["GET"]}}],"collection":[{"href":"https:\/\/praktijkyazici.nl\/tr\/wp-json\/wp\/v2\/pages"}],"about":[{"href":"https:\/\/praktijkyazici.nl\/tr\/wp-json\/wp\/v2\/types\/page"}],"author":[{"embeddable":true,"href":"https:\/\/praktijkyazici.nl\/tr\/wp-json\/wp\/v2\/users\/1"}],"replies":[{"embeddable":true,"href":"https:\/\/praktijkyazici.nl\/tr\/wp-json\/wp\/v2\/comments?post=2965"}],"version-history":[{"count":8,"href":"https:\/\/praktijkyazici.nl\/tr\/wp-json\/wp\/v2\/pages\/2965\/revisions"}],"predecessor-version":[{"id":3267,"href":"https:\/\/praktijkyazici.nl\/tr\/wp-json\/wp\/v2\/pages\/2965\/revisions\/3267"}],"wp:featuredmedia":[{"embeddable":true,"href":"https:\/\/praktijkyazici.nl\/tr\/wp-json\/wp\/v2\/media\/3191"}],"wp:attachment":[{"href":"https:\/\/praktijkyazici.nl\/tr\/wp-json\/wp\/v2\/media?parent=2965"}],"curies":[{"name":"wp","href":"https:\/\/api.w.org\/{rel}","templated":true}]}}