{"id":3239,"date":"2025-07-04T20:17:38","date_gmt":"2025-07-04T19:17:38","guid":{"rendered":"https:\/\/praktijkyazici.nl\/?page_id=3239"},"modified":"2025-10-05T18:20:06","modified_gmt":"2025-10-05T17:20:06","slug":"ucret","status":"publish","type":"page","link":"https:\/\/praktijkyazici.nl\/tr\/ucret\/","title":{"rendered":"Seans \u00fccretleri"},"content":{"rendered":"<div class=\"fusion-fullwidth fullwidth-box fusion-builder-row-1 fusion-flex-container nonhundred-percent-fullwidth non-hundred-percent-height-scrolling\" style=\"--awb-background-position:right bottom;--awb-border-radius-top-left:0px;--awb-border-radius-top-right:0px;--awb-border-radius-bottom-right:0px;--awb-border-radius-bottom-left:0px;--awb-padding-top-small:0px;--awb-padding-right-small:15px;--awb-padding-left-small:15px;--awb-margin-top-small:0px;--awb-margin-bottom-small:0px;--awb-background-color:var(--awb-color2);\" ><div class=\"fusion-builder-row fusion-row fusion-flex-align-items-flex-start\" style=\"max-width:1365px;margin-left: calc(-5% \/ 2 );margin-right: calc(-5% \/ 2 );\"><div class=\"fusion-layout-column fusion_builder_column fusion-builder-column-0 fusion_builder_column_1_1 1_1 fusion-flex-column fusion-flex-align-self-flex-start\" style=\"--awb-padding-top:3%;--awb-padding-right:3%;--awb-padding-bottom:3%;--awb-padding-left:3%;--awb-padding-top-small:5%;--awb-padding-right-small:5%;--awb-padding-bottom-small:5%;--awb-padding-left-small:5%;--awb-overflow:hidden;--awb-bg-color:#ffffff;--awb-bg-color-hover:#ffffff;--awb-bg-size:cover;--awb-box-shadow:0px 45px 40px 0px rgba(0,44,91,0.3);;--awb-border-color:var(--awb-color3);--awb-border-style:solid;--awb-border-radius:18px 18px 18px 18px;--awb-width-large:100%;--awb-margin-top-large:3%;--awb-spacing-right-large:2.375%;--awb-margin-bottom-large:20px;--awb-spacing-left-large:2.375%;--awb-width-medium:100%;--awb-order-medium:0;--awb-spacing-right-medium:2.375%;--awb-spacing-left-medium:2.375%;--awb-width-small:100%;--awb-order-small:0;--awb-margin-top-small:-60px;--awb-spacing-right-small:2.375%;--awb-spacing-left-small:2.375%;\" data-motion-effects=\"[{&quot;type&quot;:&quot;&quot;,&quot;scroll_type&quot;:&quot;transition&quot;,&quot;scroll_direction&quot;:&quot;up&quot;,&quot;transition_speed&quot;:&quot;1&quot;,&quot;fade_type&quot;:&quot;in&quot;,&quot;scale_type&quot;:&quot;up&quot;,&quot;initial_scale&quot;:&quot;1&quot;,&quot;max_scale&quot;:&quot;1.5&quot;,&quot;min_scale&quot;:&quot;0.5&quot;,&quot;initial_rotate&quot;:&quot;0&quot;,&quot;end_rotate&quot;:&quot;30&quot;,&quot;initial_blur&quot;:&quot;0&quot;,&quot;end_blur&quot;:&quot;3&quot;,&quot;start_element&quot;:&quot;top&quot;,&quot;start_viewport&quot;:&quot;bottom&quot;,&quot;end_element&quot;:&quot;bottom&quot;,&quot;end_viewport&quot;:&quot;top&quot;,&quot;mouse_effect&quot;:&quot;track&quot;,&quot;mouse_effect_direction&quot;:&quot;opposite&quot;,&quot;mouse_effect_speed&quot;:&quot;2&quot;,&quot;infinite_animation&quot;:&quot;float&quot;,&quot;infinite_animation_speed&quot;:&quot;2&quot;}]\" data-scroll-devices=\"small-visibility,medium-visibility,large-visibility\"><div class=\"fusion-column-wrapper fusion-column-has-shadow fusion-flex-justify-content-flex-start fusion-content-layout-column\"><div class=\"fusion-title title fusion-title-1 fusion-sep-none fusion-title-text fusion-title-size-one\"><h1 class=\"title-heading-left\" style=\"margin:0;\">Seans \u00fccretleri<\/h1><\/div><div class=\"fusion-text fusion-text-1 fusion-text-no-margin\" style=\"--awb-margin-top:0px;--awb-margin-bottom:18px;\"><p>Ne yaz\u0131k ki sigortalarla \u00e7al\u0131\u015fm\u0131yorum ve seanslar geri \u00f6denmez. Gerekirse bir \u00f6deme plan\u0131 yapma imk\u00e2n\u0131 sunuyorum. A\u015fa\u011f\u0131daki \u00fccretler <b>online seanslar<\/b> i\u00e7in de ge\u00e7erlidir.<\/p>\n<ul>\n<li>Bireysel terapi 100\u20ac \/ saat<\/li>\n<li>\u00c7ift terapisi 120\u20ac \/ saat<\/li>\n<li>Sistem ve aile terapisi 140\u20ac \/ saat<\/li>\n<li>Brainspotting travma terapisi 120\u20ac \/ saat<\/li>\n<\/ul>\n<p>Seans\u0131n yap\u0131ld\u0131\u011f\u0131 g\u00fcn fatura ve \u00f6deme talebi g\u00f6nderilir; \u00f6demenin 14 g\u00fcn i\u00e7inde tamamlanmas\u0131 gerekir.<br \/>\nKat\u0131lamayacaksan\u0131z l\u00fctfen en az 24 saat \u00f6nce haber veriniz. Aksi halde \u00fccretin %50\u2019si tahsil edilir.<\/p>\n<p>Anlay\u0131\u015f\u0131n\u0131z i\u00e7in te\u015fekk\u00fcr ederim!<\/p>\n<h3>Merak m\u0131 ettiniz?<\/h3>\n<p>O halde bir tan\u0131\u015fma g\u00f6r\u00fc\u015fmesi i\u00e7in randevu olu\u015fturabilirsiniz.<br \/>\nTelefon veya e-posta ile benimle ileti\u015fime ge\u00e7in:<br \/>\n<a href=\"mailto:info@praktijkyazici.nl\">info@praktijkyazici.nl<\/a> | +31 (0)6 1670 80 37<\/p>\n<\/div><div ><a class=\"fusion-button button-flat button-xlarge button-custom fusion-button-default button-1 fusion-button-default-span fusion-button-default-type\" style=\"--button_accent_color:var(--awb-color1);--button_accent_hover_color:var(--awb-color1);--button_border_hover_color:var(--awb-color1);--button_gradient_top_color:var(--awb-color5);--button_gradient_bottom_color:var(--awb-color5);--button_gradient_top_color_hover:var(--awb-color5);--button_gradient_bottom_color_hover:var(--awb-color5);\" target=\"_self\" href=\"https:\/\/praktijkyazici.nl\/contact\/\"><span class=\"fusion-button-text\">Neem contact op<\/span><i class=\"icon-arrow-up-right button-icon-right\" aria-hidden=\"true\"><\/i><\/a><\/div><\/div><\/div><\/div><\/div>\n","protected":false},"excerpt":{"rendered":"","protected":false},"author":2,"featured_media":2861,"parent":0,"menu_order":0,"comment_status":"closed","ping_status":"closed","template":"100-width.php","meta":{"footnotes":""},"class_list":["post-3239","page","type-page","status-publish","has-post-thumbnail","hentry"],"yoast_head":"<!-- This site is optimized with the Yoast SEO plugin v25.7 - https:\/\/yoast.com\/wordpress\/plugins\/seo\/ -->\n<title>Seans \u00fccretleri - Gulsen Yazici<\/title>\n<meta name=\"robots\" content=\"index, follow, max-snippet:-1, max-image-preview:large, max-video-preview:-1\" \/>\n<link rel=\"canonical\" href=\"https:\/\/praktijkyazici.nl\/tr\/ucret\/\" \/>\n<meta property=\"og:locale\" content=\"tr_TR\" \/>\n<meta property=\"og:type\" content=\"article\" \/>\n<meta property=\"og:title\" content=\"Seans \u00fccretleri - Gulsen Yazici\" \/>\n<meta property=\"og:url\" content=\"https:\/\/praktijkyazici.nl\/tr\/ucret\/\" \/>\n<meta property=\"og:site_name\" content=\"Gulsen Yazici\" \/>\n<meta property=\"article:modified_time\" content=\"2025-10-05T17:20:06+00:00\" \/>\n<meta property=\"og:image\" content=\"https:\/\/praktijkyazici.nl\/wp-content\/uploads\/2023\/07\/banner-page-relatietherapie.webp\" \/>\n\t<meta property=\"og:image:width\" content=\"2160\" \/>\n\t<meta property=\"og:image:height\" content=\"860\" \/>\n\t<meta property=\"og:image:type\" content=\"image\/webp\" \/>\n<meta name=\"twitter:card\" content=\"summary_large_image\" \/>\n<meta name=\"twitter:label1\" content=\"Tahmini okuma s\u00fcresi\" \/>\n\t<meta name=\"twitter:data1\" content=\"3 dakika\" \/>\n<script type=\"application\/ld+json\" class=\"yoast-schema-graph\">{\"@context\":\"https:\/\/schema.org\",\"@graph\":[{\"@type\":\"WebPage\",\"@id\":\"https:\/\/praktijkyazici.nl\/tr\/ucret\/\",\"url\":\"https:\/\/praktijkyazici.nl\/tr\/ucret\/\",\"name\":\"Seans \u00fccretleri - Gulsen Yazici\",\"isPartOf\":{\"@id\":\"https:\/\/praktijkyazici.nl\/tr\/#website\"},\"primaryImageOfPage\":{\"@id\":\"https:\/\/praktijkyazici.nl\/tr\/ucret\/#primaryimage\"},\"image\":{\"@id\":\"https:\/\/praktijkyazici.nl\/tr\/ucret\/#primaryimage\"},\"thumbnailUrl\":\"https:\/\/praktijkyazici.nl\/wp-content\/uploads\/2023\/07\/banner-page-relatietherapie.webp\",\"datePublished\":\"2025-07-04T19:17:38+00:00\",\"dateModified\":\"2025-10-05T17:20:06+00:00\",\"breadcrumb\":{\"@id\":\"https:\/\/praktijkyazici.nl\/tr\/ucret\/#breadcrumb\"},\"inLanguage\":\"tr\",\"potentialAction\":[{\"@type\":\"ReadAction\",\"target\":[\"https:\/\/praktijkyazici.nl\/tr\/ucret\/\"]}]},{\"@type\":\"ImageObject\",\"inLanguage\":\"tr\",\"@id\":\"https:\/\/praktijkyazici.nl\/tr\/ucret\/#primaryimage\",\"url\":\"https:\/\/praktijkyazici.nl\/wp-content\/uploads\/2023\/07\/banner-page-relatietherapie.webp\",\"contentUrl\":\"https:\/\/praktijkyazici.nl\/wp-content\/uploads\/2023\/07\/banner-page-relatietherapie.webp\",\"width\":2160,\"height\":860},{\"@type\":\"BreadcrumbList\",\"@id\":\"https:\/\/praktijkyazici.nl\/tr\/ucret\/#breadcrumb\",\"itemListElement\":[{\"@type\":\"ListItem\",\"position\":1,\"name\":\"Home\",\"item\":\"https:\/\/praktijkyazici.nl\/tr\/\"},{\"@type\":\"ListItem\",\"position\":2,\"name\":\"Seans \u00fccretleri\"}]},{\"@type\":\"WebSite\",\"@id\":\"https:\/\/praktijkyazici.nl\/tr\/#website\",\"url\":\"https:\/\/praktijkyazici.nl\/tr\/\",\"name\":\"Praktijk Yazici\",\"description\":\"Systeemtherapie, Gezinstherapie, Relatie- en Individuele therapie\",\"alternateName\":\"Systeemtherapie, Gezinstherapie, Relatie- en Individuele therapie\",\"potentialAction\":[{\"@type\":\"SearchAction\",\"target\":{\"@type\":\"EntryPoint\",\"urlTemplate\":\"https:\/\/praktijkyazici.nl\/tr\/?s={search_term_string}\"},\"query-input\":{\"@type\":\"PropertyValueSpecification\",\"valueRequired\":true,\"valueName\":\"search_term_string\"}}],\"inLanguage\":\"tr\"}]}<\/script>\n<!-- \/ Yoast SEO plugin. -->","yoast_head_json":{"title":"Seans \u00fccretleri - Gulsen Yazici","robots":{"index":"index","follow":"follow","max-snippet":"max-snippet:-1","max-image-preview":"max-image-preview:large","max-video-preview":"max-video-preview:-1"},"canonical":"https:\/\/praktijkyazici.nl\/tr\/ucret\/","og_locale":"tr_TR","og_type":"article","og_title":"Seans \u00fccretleri - Gulsen Yazici","og_url":"https:\/\/praktijkyazici.nl\/tr\/ucret\/","og_site_name":"Gulsen Yazici","article_modified_time":"2025-10-05T17:20:06+00:00","og_image":[{"width":2160,"height":860,"url":"https:\/\/praktijkyazici.nl\/wp-content\/uploads\/2023\/07\/banner-page-relatietherapie.webp","type":"image\/webp"}],"twitter_card":"summary_large_image","twitter_misc":{"Tahmini okuma s\u00fcresi":"3 dakika"},"schema":{"@context":"https:\/\/schema.org","@graph":[{"@type":"WebPage","@id":"https:\/\/praktijkyazici.nl\/tr\/ucret\/","url":"https:\/\/praktijkyazici.nl\/tr\/ucret\/","name":"Seans \u00fccretleri - Gulsen Yazici","isPartOf":{"@id":"https:\/\/praktijkyazici.nl\/tr\/#website"},"primaryImageOfPage":{"@id":"https:\/\/praktijkyazici.nl\/tr\/ucret\/#primaryimage"},"image":{"@id":"https:\/\/praktijkyazici.nl\/tr\/ucret\/#primaryimage"},"thumbnailUrl":"https:\/\/praktijkyazici.nl\/wp-content\/uploads\/2023\/07\/banner-page-relatietherapie.webp","datePublished":"2025-07-04T19:17:38+00:00","dateModified":"2025-10-05T17:20:06+00:00","breadcrumb":{"@id":"https:\/\/praktijkyazici.nl\/tr\/ucret\/#breadcrumb"},"inLanguage":"tr","potentialAction":[{"@type":"ReadAction","target":["https:\/\/praktijkyazici.nl\/tr\/ucret\/"]}]},{"@type":"ImageObject","inLanguage":"tr","@id":"https:\/\/praktijkyazici.nl\/tr\/ucret\/#primaryimage","url":"https:\/\/praktijkyazici.nl\/wp-content\/uploads\/2023\/07\/banner-page-relatietherapie.webp","contentUrl":"https:\/\/praktijkyazici.nl\/wp-content\/uploads\/2023\/07\/banner-page-relatietherapie.webp","width":2160,"height":860},{"@type":"BreadcrumbList","@id":"https:\/\/praktijkyazici.nl\/tr\/ucret\/#breadcrumb","itemListElement":[{"@type":"ListItem","position":1,"name":"Home","item":"https:\/\/praktijkyazici.nl\/tr\/"},{"@type":"ListItem","position":2,"name":"Seans \u00fccretleri"}]},{"@type":"WebSite","@id":"https:\/\/praktijkyazici.nl\/tr\/#website","url":"https:\/\/praktijkyazici.nl\/tr\/","name":"Praktijk Yazici","description":"Systeemtherapie, Gezinstherapie, Relatie- en Individuele therapie","alternateName":"Systeemtherapie, Gezinstherapie, Relatie- en Individuele therapie","potentialAction":[{"@type":"SearchAction","target":{"@type":"EntryPoint","urlTemplate":"https:\/\/praktijkyazici.nl\/tr\/?s={search_term_string}"},"query-input":{"@type":"PropertyValueSpecification","valueRequired":true,"valueName":"search_term_string"}}],"inLanguage":"tr"}]}},"_links":{"self":[{"href":"https:\/\/praktijkyazici.nl\/tr\/wp-json\/wp\/v2\/pages\/3239","targetHints":{"allow":["GET"]}}],"collection":[{"href":"https:\/\/praktijkyazici.nl\/tr\/wp-json\/wp\/v2\/pages"}],"about":[{"href":"https:\/\/praktijkyazici.nl\/tr\/wp-json\/wp\/v2\/types\/page"}],"author":[{"embeddable":true,"href":"https:\/\/praktijkyazici.nl\/tr\/wp-json\/wp\/v2\/users\/2"}],"replies":[{"embeddable":true,"href":"https:\/\/praktijkyazici.nl\/tr\/wp-json\/wp\/v2\/comments?post=3239"}],"version-history":[{"count":9,"href":"https:\/\/praktijkyazici.nl\/tr\/wp-json\/wp\/v2\/pages\/3239\/revisions"}],"predecessor-version":[{"id":3517,"href":"https:\/\/praktijkyazici.nl\/tr\/wp-json\/wp\/v2\/pages\/3239\/revisions\/3517"}],"wp:featuredmedia":[{"embeddable":true,"href":"https:\/\/praktijkyazici.nl\/tr\/wp-json\/wp\/v2\/media\/2861"}],"wp:attachment":[{"href":"https:\/\/praktijkyazici.nl\/tr\/wp-json\/wp\/v2\/media?parent=3239"}],"curies":[{"name":"wp","href":"https:\/\/api.w.org\/{rel}","templated":true}]}}