{"id":3327,"date":"2025-08-17T09:22:07","date_gmt":"2025-08-17T08:22:07","guid":{"rendered":"https:\/\/praktijkyazici.nl\/?page_id=3327"},"modified":"2025-08-23T12:51:22","modified_gmt":"2025-08-23T11:51:22","slug":"grup-terapisi","status":"publish","type":"page","link":"https:\/\/praktijkyazici.nl\/tr\/grup-terapisi\/","title":{"rendered":"Grup terapisi"},"content":{"rendered":"<div class=\"fusion-fullwidth fullwidth-box fusion-builder-row-1 fusion-flex-container nonhundred-percent-fullwidth non-hundred-percent-height-scrolling\" style=\"--awb-border-radius-top-left:0px;--awb-border-radius-top-right:0px;--awb-border-radius-bottom-right:0px;--awb-border-radius-bottom-left:0px;--awb-padding-top:3%;--awb-padding-bottom:3%;\" ><div class=\"fusion-builder-row fusion-row fusion-flex-align-items-center\" style=\"max-width:1365px;margin-left: calc(-5% \/ 2 );margin-right: calc(-5% \/ 2 );\"><div class=\"fusion-layout-column fusion_builder_column fusion-builder-column-0 fusion_builder_column_1_1 1_1 fusion-flex-column fusion-flex-align-self-flex-start\" style=\"--awb-bg-size:cover;--awb-width-large:100%;--awb-margin-top-large:0px;--awb-spacing-right-large:2.375%;--awb-margin-bottom-large:20px;--awb-spacing-left-large:2.375%;--awb-width-medium:100%;--awb-order-medium:0;--awb-spacing-right-medium:2.375%;--awb-spacing-left-medium:2.375%;--awb-width-small:100%;--awb-order-small:0;--awb-spacing-right-small:2.375%;--awb-spacing-left-small:2.375%;\"><div class=\"fusion-column-wrapper fusion-column-has-shadow fusion-flex-justify-content-flex-start fusion-content-layout-column\"><div class=\"fusion-title title fusion-title-1 fusion-sep-none fusion-title-text fusion-title-size-two\" style=\"--awb-text-color:var(--awb-color5);\"><h2 class=\"title-heading-left\" style=\"margin:0;\">Grup terapisi<\/h2><\/div><div class=\"fusion-text fusion-text-1\" style=\"--awb-text-transform:none;\"><p>Grup terapisi, \u00f6zellikle i\u00e7imizdeki \u00e7ocuk y\u00f6n\u00fc, ba\u011flanma stilleri, terk edilme korkusu ve ba\u011flanma korkusu gibi konular \u00fczerine \u00e7al\u0131\u015ft\u0131\u011f\u0131m\u0131z bir terapi \u015feklidir. Ayr\u0131ca, ili\u015fkilerinde benzer sorunlar ya\u015fayan \u00e7iftler i\u00e7in de grup terapisi sunuyorum. Maksimum 10 kat\u0131l\u0131mc\u0131 ile \u00e7al\u0131\u015f\u0131yorum. Bu terapi y\u00f6ntemi, benzer deneyimlere sahip ki\u015filerle bir araya gelinmesi ve yaln\u0131z olmad\u0131\u011f\u0131n\u0131z\u0131 fark etmeniz a\u00e7\u0131s\u0131ndan iyile\u015ftirici bir etki yarat\u0131r. \u0130lginiz varsa, ba\u015fvuru formu \u00fczerinden kay\u0131t olabilirsiniz. Grup terapisine ait \u00fccret ve tarih bilgileri daha sonra payla\u015f\u0131lacakt\u0131r. Yeterli ba\u015fvuru olmas\u0131 durumunda bir grup olu\u015fturulacakt\u0131r.<\/p>\n<\/div><\/div><\/div><\/div><\/div>\n","protected":false},"excerpt":{"rendered":"","protected":false},"author":2,"featured_media":3366,"parent":0,"menu_order":0,"comment_status":"closed","ping_status":"closed","template":"","meta":{"footnotes":""},"class_list":["post-3327","page","type-page","status-publish","has-post-thumbnail","hentry"],"yoast_head":"<!-- This site is optimized with the Yoast SEO plugin v25.7 - https:\/\/yoast.com\/wordpress\/plugins\/seo\/ -->\n<title>Grup terapisi - Gulsen Yazici<\/title>\n<meta name=\"robots\" content=\"index, follow, max-snippet:-1, max-image-preview:large, max-video-preview:-1\" \/>\n<link rel=\"canonical\" href=\"https:\/\/praktijkyazici.nl\/tr\/grup-terapisi\/\" \/>\n<meta property=\"og:locale\" content=\"tr_TR\" \/>\n<meta property=\"og:type\" content=\"article\" \/>\n<meta property=\"og:title\" content=\"Grup terapisi - Gulsen Yazici\" \/>\n<meta property=\"og:url\" content=\"https:\/\/praktijkyazici.nl\/tr\/grup-terapisi\/\" \/>\n<meta property=\"og:site_name\" content=\"Gulsen Yazici\" \/>\n<meta property=\"article:modified_time\" content=\"2025-08-23T11:51:22+00:00\" \/>\n<meta property=\"og:image\" content=\"https:\/\/praktijkyazici.nl\/wp-content\/uploads\/2025\/08\/Groepstherapie-praktijk-yazici.jpg\" \/>\n\t<meta property=\"og:image:width\" content=\"1864\" \/>\n\t<meta property=\"og:image:height\" content=\"1244\" \/>\n\t<meta property=\"og:image:type\" content=\"image\/jpeg\" \/>\n<meta name=\"twitter:card\" content=\"summary_large_image\" \/>\n<meta name=\"twitter:label1\" content=\"Tahmini okuma s\u00fcresi\" \/>\n\t<meta name=\"twitter:data1\" content=\"2 dakika\" \/>\n<script type=\"application\/ld+json\" class=\"yoast-schema-graph\">{\"@context\":\"https:\/\/schema.org\",\"@graph\":[{\"@type\":\"WebPage\",\"@id\":\"https:\/\/praktijkyazici.nl\/tr\/grup-terapisi\/\",\"url\":\"https:\/\/praktijkyazici.nl\/tr\/grup-terapisi\/\",\"name\":\"Grup terapisi - Gulsen Yazici\",\"isPartOf\":{\"@id\":\"https:\/\/praktijkyazici.nl\/tr\/#website\"},\"primaryImageOfPage\":{\"@id\":\"https:\/\/praktijkyazici.nl\/tr\/grup-terapisi\/#primaryimage\"},\"image\":{\"@id\":\"https:\/\/praktijkyazici.nl\/tr\/grup-terapisi\/#primaryimage\"},\"thumbnailUrl\":\"https:\/\/praktijkyazici.nl\/wp-content\/uploads\/2025\/08\/Groepstherapie-praktijk-yazici.jpg\",\"datePublished\":\"2025-08-17T08:22:07+00:00\",\"dateModified\":\"2025-08-23T11:51:22+00:00\",\"breadcrumb\":{\"@id\":\"https:\/\/praktijkyazici.nl\/tr\/grup-terapisi\/#breadcrumb\"},\"inLanguage\":\"tr\",\"potentialAction\":[{\"@type\":\"ReadAction\",\"target\":[\"https:\/\/praktijkyazici.nl\/tr\/grup-terapisi\/\"]}]},{\"@type\":\"ImageObject\",\"inLanguage\":\"tr\",\"@id\":\"https:\/\/praktijkyazici.nl\/tr\/grup-terapisi\/#primaryimage\",\"url\":\"https:\/\/praktijkyazici.nl\/wp-content\/uploads\/2025\/08\/Groepstherapie-praktijk-yazici.jpg\",\"contentUrl\":\"https:\/\/praktijkyazici.nl\/wp-content\/uploads\/2025\/08\/Groepstherapie-praktijk-yazici.jpg\",\"width\":1864,\"height\":1244},{\"@type\":\"BreadcrumbList\",\"@id\":\"https:\/\/praktijkyazici.nl\/tr\/grup-terapisi\/#breadcrumb\",\"itemListElement\":[{\"@type\":\"ListItem\",\"position\":1,\"name\":\"Home\",\"item\":\"https:\/\/praktijkyazici.nl\/tr\/\"},{\"@type\":\"ListItem\",\"position\":2,\"name\":\"Grup terapisi\"}]},{\"@type\":\"WebSite\",\"@id\":\"https:\/\/praktijkyazici.nl\/tr\/#website\",\"url\":\"https:\/\/praktijkyazici.nl\/tr\/\",\"name\":\"Praktijk Yazici\",\"description\":\"Systeemtherapie, Gezinstherapie, Relatie- en Individuele therapie\",\"alternateName\":\"Systeemtherapie, Gezinstherapie, Relatie- en Individuele therapie\",\"potentialAction\":[{\"@type\":\"SearchAction\",\"target\":{\"@type\":\"EntryPoint\",\"urlTemplate\":\"https:\/\/praktijkyazici.nl\/tr\/?s={search_term_string}\"},\"query-input\":{\"@type\":\"PropertyValueSpecification\",\"valueRequired\":true,\"valueName\":\"search_term_string\"}}],\"inLanguage\":\"tr\"}]}<\/script>\n<!-- \/ Yoast SEO plugin. -->","yoast_head_json":{"title":"Grup terapisi - Gulsen Yazici","robots":{"index":"index","follow":"follow","max-snippet":"max-snippet:-1","max-image-preview":"max-image-preview:large","max-video-preview":"max-video-preview:-1"},"canonical":"https:\/\/praktijkyazici.nl\/tr\/grup-terapisi\/","og_locale":"tr_TR","og_type":"article","og_title":"Grup terapisi - Gulsen Yazici","og_url":"https:\/\/praktijkyazici.nl\/tr\/grup-terapisi\/","og_site_name":"Gulsen Yazici","article_modified_time":"2025-08-23T11:51:22+00:00","og_image":[{"width":1864,"height":1244,"url":"https:\/\/praktijkyazici.nl\/wp-content\/uploads\/2025\/08\/Groepstherapie-praktijk-yazici.jpg","type":"image\/jpeg"}],"twitter_card":"summary_large_image","twitter_misc":{"Tahmini okuma s\u00fcresi":"2 dakika"},"schema":{"@context":"https:\/\/schema.org","@graph":[{"@type":"WebPage","@id":"https:\/\/praktijkyazici.nl\/tr\/grup-terapisi\/","url":"https:\/\/praktijkyazici.nl\/tr\/grup-terapisi\/","name":"Grup terapisi - Gulsen Yazici","isPartOf":{"@id":"https:\/\/praktijkyazici.nl\/tr\/#website"},"primaryImageOfPage":{"@id":"https:\/\/praktijkyazici.nl\/tr\/grup-terapisi\/#primaryimage"},"image":{"@id":"https:\/\/praktijkyazici.nl\/tr\/grup-terapisi\/#primaryimage"},"thumbnailUrl":"https:\/\/praktijkyazici.nl\/wp-content\/uploads\/2025\/08\/Groepstherapie-praktijk-yazici.jpg","datePublished":"2025-08-17T08:22:07+00:00","dateModified":"2025-08-23T11:51:22+00:00","breadcrumb":{"@id":"https:\/\/praktijkyazici.nl\/tr\/grup-terapisi\/#breadcrumb"},"inLanguage":"tr","potentialAction":[{"@type":"ReadAction","target":["https:\/\/praktijkyazici.nl\/tr\/grup-terapisi\/"]}]},{"@type":"ImageObject","inLanguage":"tr","@id":"https:\/\/praktijkyazici.nl\/tr\/grup-terapisi\/#primaryimage","url":"https:\/\/praktijkyazici.nl\/wp-content\/uploads\/2025\/08\/Groepstherapie-praktijk-yazici.jpg","contentUrl":"https:\/\/praktijkyazici.nl\/wp-content\/uploads\/2025\/08\/Groepstherapie-praktijk-yazici.jpg","width":1864,"height":1244},{"@type":"BreadcrumbList","@id":"https:\/\/praktijkyazici.nl\/tr\/grup-terapisi\/#breadcrumb","itemListElement":[{"@type":"ListItem","position":1,"name":"Home","item":"https:\/\/praktijkyazici.nl\/tr\/"},{"@type":"ListItem","position":2,"name":"Grup terapisi"}]},{"@type":"WebSite","@id":"https:\/\/praktijkyazici.nl\/tr\/#website","url":"https:\/\/praktijkyazici.nl\/tr\/","name":"Praktijk Yazici","description":"Systeemtherapie, Gezinstherapie, Relatie- en Individuele therapie","alternateName":"Systeemtherapie, Gezinstherapie, Relatie- en Individuele therapie","potentialAction":[{"@type":"SearchAction","target":{"@type":"EntryPoint","urlTemplate":"https:\/\/praktijkyazici.nl\/tr\/?s={search_term_string}"},"query-input":{"@type":"PropertyValueSpecification","valueRequired":true,"valueName":"search_term_string"}}],"inLanguage":"tr"}]}},"_links":{"self":[{"href":"https:\/\/praktijkyazici.nl\/tr\/wp-json\/wp\/v2\/pages\/3327","targetHints":{"allow":["GET"]}}],"collection":[{"href":"https:\/\/praktijkyazici.nl\/tr\/wp-json\/wp\/v2\/pages"}],"about":[{"href":"https:\/\/praktijkyazici.nl\/tr\/wp-json\/wp\/v2\/types\/page"}],"author":[{"embeddable":true,"href":"https:\/\/praktijkyazici.nl\/tr\/wp-json\/wp\/v2\/users\/2"}],"replies":[{"embeddable":true,"href":"https:\/\/praktijkyazici.nl\/tr\/wp-json\/wp\/v2\/comments?post=3327"}],"version-history":[{"count":4,"href":"https:\/\/praktijkyazici.nl\/tr\/wp-json\/wp\/v2\/pages\/3327\/revisions"}],"predecessor-version":[{"id":3457,"href":"https:\/\/praktijkyazici.nl\/tr\/wp-json\/wp\/v2\/pages\/3327\/revisions\/3457"}],"wp:featuredmedia":[{"embeddable":true,"href":"https:\/\/praktijkyazici.nl\/tr\/wp-json\/wp\/v2\/media\/3366"}],"wp:attachment":[{"href":"https:\/\/praktijkyazici.nl\/tr\/wp-json\/wp\/v2\/media?parent=3327"}],"curies":[{"name":"wp","href":"https:\/\/api.w.org\/{rel}","templated":true}]}}