{"id":3406,"date":"2025-08-20T19:49:15","date_gmt":"2025-08-20T18:49:15","guid":{"rendered":"https:\/\/praktijkyazici.nl\/?page_id=3406"},"modified":"2025-11-10T11:45:12","modified_gmt":"2025-11-10T10:45:12","slug":"pratik-bilgiler","status":"publish","type":"page","link":"https:\/\/praktijkyazici.nl\/tr\/pratik-bilgiler\/","title":{"rendered":"Pratik Bilgiler"},"content":{"rendered":"<p><div class=\"fusion-fullwidth fullwidth-box fusion-builder-row-1 fusion-flex-container nonhundred-percent-fullwidth non-hundred-percent-height-scrolling\" style=\"--awb-border-radius-top-left:0px;--awb-border-radius-top-right:0px;--awb-border-radius-bottom-right:0px;--awb-border-radius-bottom-left:0px;\" ><div class=\"fusion-builder-row fusion-row fusion-flex-align-items-flex-start\" style=\"max-width:1365px;margin-left: calc(-5% \/ 2 );margin-right: calc(-5% \/ 2 );\"><div class=\"fusion-layout-column fusion_builder_column fusion-builder-column-0 fusion_builder_column_1_1 1_1 fusion-flex-column\" style=\"--awb-bg-blend:overlay;--awb-bg-size:cover;--awb-width-large:100%;--awb-margin-top-large:0px;--awb-spacing-right-large:2.375%;--awb-margin-bottom-large:0px;--awb-spacing-left-large:2.375%;--awb-width-medium:100%;--awb-spacing-right-medium:2.375%;--awb-spacing-left-medium:2.375%;--awb-width-small:100%;--awb-spacing-right-small:2.375%;--awb-spacing-left-small:2.375%;\"><div class=\"fusion-column-wrapper fusion-flex-justify-content-flex-start fusion-content-layout-column\"><div class=\"fusion-text fusion-text-1\"><h3>Meslek Birli\u011fi LVPW<\/h3>\n<p>Bir terapist olarak Psikososyal \u00c7al\u0131\u015fanlar Ulusal Birli\u011fi\u2019ne (LVPW) \u00fcyeyim. Bu meslek birli\u011fi, \u00fcyelerinin profesyonellik, etik ve kalite standartlar\u0131na y\u00fcksek d\u00fczeyde \u00f6nem verir.<\/p>\n<p>LVPW \u00fcyeli\u011fi; belirlenmi\u015f mesleki y\u00f6nergelere uygun \u00e7al\u0131\u015ft\u0131\u011f\u0131m, d\u00fczenli olarak e\u011fitim ve s\u00fcpervizyon ald\u0131\u011f\u0131m ve tan\u0131nm\u0131\u015f bir disiplin sistemi taraf\u0131ndan denetlendi\u011fim anlam\u0131na gelir. B\u00f6ylece dan\u0131\u015fan olarak profesyonel ve \u00f6zenli bir destek ald\u0131\u011f\u0131n\u0131zdan emin olabilirsiniz.<\/p>\n<h3>\u015eik\u00e2yet Prosed\u00fcr\u00fc<\/h3>\n<p>Bir CAT-terapisti olarak g\u00fcvenli, sayg\u0131l\u0131 ve profesyonel bir terapi ili\u015fkisinin \u00f6nemine b\u00fcy\u00fck de\u011fer veriyorum. Yine de dan\u0131\u015fan olarak memnun kalmad\u0131\u011f\u0131n\u0131z bir durum ya\u015fanabilir. B\u00f6yle bir durumda \u015fik\u00e2yetinizin ciddiyetle ele al\u0131nmas\u0131 ve net bir \u00e7\u00f6z\u00fcm yolunun olmas\u0131 \u00e7ok \u00f6nemlidir.<\/p>\n<p>Bu nedenle, Sa\u011fl\u0131k Hizmetleri Kalite, \u015eik\u00e2yet ve Uyu\u015fmazl\u0131klar Yasas\u0131 (Wkkgz) do\u011frultusunda CAT-Uyu\u015fmazl\u0131k Komisyonu\u2019na ba\u011fl\u0131y\u0131m.<\/p>\n<p>Bir \u015fik\u00e2yetiniz oldu\u011funda ne yapabilirsiniz?<\/p>\n<ul>\n<li>Benimle konu\u015fun \u2013 \u00c7o\u011fu durumda a\u00e7\u0131k bir g\u00f6r\u00fc\u015fme bir\u00e7ok sorunu \u00e7\u00f6zebilir. Endi\u015felerinizi ya da memnuniyetsizli\u011finizi payla\u015fmaktan \u00e7ekinmeyin; \u015fik\u00e2yetinizi ciddiyetle ele al\u0131r\u0131m.<\/li>\n<li>Resm\u00ee \u015fik\u00e2yet ba\u015fvurusu \u2013 Benimle \u00e7\u00f6z\u00fcm bulamazsan\u0131z, ba\u011f\u0131ms\u0131z CAT-Uyu\u015fmazl\u0131k Komisyonu arac\u0131l\u0131\u011f\u0131yla resm\u00ee bir \u015fik\u00e2yet ba\u015fvurusu yapabilirsiniz. Bu komisyon, \u015fik\u00e2yetinizi dikkatli ve tarafs\u0131z bir \u015fekilde ele al\u0131r.<\/li>\n<\/ul>\n<p>Prosed\u00fcr hakk\u0131nda daha fazla bilgiyi <b>CAT\u2019nin resmi web sitesinde bulabilirsiniz:<\/b><br \/>\n<a href=\"https:\/\/www.gatgeschillen.nl\/ik-heb-een-klacht-wat-nu\/\">https:\/\/www.gatgeschillen.nl\/ik-heb-een-klacht-wat-nu\/<\/a><\/p>\n<\/div><\/div><\/div><\/div><\/div><div class=\"fusion-fullwidth fullwidth-box fusion-builder-row-2 fusion-flex-container has-pattern-background has-mask-background nonhundred-percent-fullwidth non-hundred-percent-height-scrolling\" style=\"--awb-border-radius-top-left:0px;--awb-border-radius-top-right:0px;--awb-border-radius-bottom-right:0px;--awb-border-radius-bottom-left:0px;\" ><div class=\"fusion-builder-row fusion-row fusion-flex-align-items-flex-start\" style=\"max-width:1365px;margin-left: calc(-5% \/ 2 );margin-right: calc(-5% \/ 2 );\"><div class=\"fusion-layout-column fusion_builder_column fusion-builder-column-1 fusion_builder_column_1_4 1_4 fusion-flex-column\" style=\"--awb-bg-size:cover;--awb-width-large:25%;--awb-margin-top-large:0px;--awb-spacing-right-large:9.5%;--awb-margin-bottom-large:20px;--awb-spacing-left-large:9.5%;--awb-width-medium:25%;--awb-order-medium:0;--awb-spacing-right-medium:9.5%;--awb-spacing-left-medium:9.5%;--awb-width-small:100%;--awb-order-small:0;--awb-spacing-right-small:2.375%;--awb-spacing-left-small:2.375%;\"><div class=\"fusion-column-wrapper fusion-column-has-shadow fusion-flex-justify-content-flex-start fusion-content-layout-column\"><div class=\"fusion-image-element \" style=\"--awb-caption-title-font-family:var(--h2_typography-font-family);--awb-caption-title-font-weight:var(--h2_typography-font-weight);--awb-caption-title-font-style:var(--h2_typography-font-style);--awb-caption-title-size:var(--h2_typography-font-size);--awb-caption-title-transform:var(--h2_typography-text-transform);--awb-caption-title-line-height:var(--h2_typography-line-height);--awb-caption-title-letter-spacing:var(--h2_typography-letter-spacing);\"><span class=\" fusion-imageframe imageframe-none imageframe-1 hover-type-none\" class=\"image-magnify\" class=\"image-scroll\"><img decoding=\"async\" width=\"190\" height=\"229\" title=\"scag-logo-1\" src=\"data:image\/svg+xml,%3Csvg%20xmlns%3D%27http%3A%2F%2Fwww.w3.org%2F2000%2Fsvg%27%20width%3D%27190%27%20height%3D%27229%27%20viewBox%3D%270%200%20190%20229%27%3E%3Crect%20width%3D%27190%27%20height%3D%27229%27%20fill-opacity%3D%220%22%2F%3E%3C%2Fsvg%3E\" data-orig-src=\"https:\/\/praktijkyazici.nl\/wp-content\/uploads\/2025\/11\/scag-logo-1.png\" alt class=\"lazyload img-responsive wp-image-3531\"\/><\/span><\/div><\/div><\/div><div class=\"fusion-layout-column fusion_builder_column fusion-builder-column-2 fusion_builder_column_1_4 1_4 fusion-flex-column\" style=\"--awb-bg-size:cover;--awb-width-large:25%;--awb-margin-top-large:0px;--awb-spacing-right-large:9.5%;--awb-margin-bottom-large:20px;--awb-spacing-left-large:9.5%;--awb-width-medium:25%;--awb-order-medium:0;--awb-spacing-right-medium:9.5%;--awb-spacing-left-medium:9.5%;--awb-width-small:100%;--awb-order-small:0;--awb-spacing-right-small:2.375%;--awb-spacing-left-small:2.375%;\"><div class=\"fusion-column-wrapper fusion-column-has-shadow fusion-flex-justify-content-flex-start fusion-content-layout-column\"><div class=\"fusion-image-element \" style=\"--awb-caption-title-font-family:var(--h2_typography-font-family);--awb-caption-title-font-weight:var(--h2_typography-font-weight);--awb-caption-title-font-style:var(--h2_typography-font-style);--awb-caption-title-size:var(--h2_typography-font-size);--awb-caption-title-transform:var(--h2_typography-text-transform);--awb-caption-title-line-height:var(--h2_typography-line-height);--awb-caption-title-letter-spacing:var(--h2_typography-letter-spacing);\"><span class=\" fusion-imageframe imageframe-none imageframe-2 hover-type-none\" class=\"image-magnify\" class=\"image-scroll\"><img decoding=\"async\" width=\"190\" height=\"229\" title=\"lvpw logo\" src=\"data:image\/svg+xml,%3Csvg%20xmlns%3D%27http%3A%2F%2Fwww.w3.org%2F2000%2Fsvg%27%20width%3D%27190%27%20height%3D%27229%27%20viewBox%3D%270%200%20190%20229%27%3E%3Crect%20width%3D%27190%27%20height%3D%27229%27%20fill-opacity%3D%220%22%2F%3E%3C%2Fsvg%3E\" data-orig-src=\"https:\/\/praktijkyazici.nl\/wp-content\/uploads\/2025\/08\/lvpw-logo-1.png\" alt class=\"lazyload img-responsive wp-image-3251\"\/><\/span><\/div><\/div><\/div><div class=\"fusion-layout-column fusion_builder_column fusion-builder-column-3 fusion_builder_column_1_4 1_4 fusion-flex-column\" style=\"--awb-bg-size:cover;--awb-width-large:25%;--awb-margin-top-large:0px;--awb-spacing-right-large:9.5%;--awb-margin-bottom-large:20px;--awb-spacing-left-large:9.5%;--awb-width-medium:25%;--awb-order-medium:0;--awb-spacing-right-medium:9.5%;--awb-spacing-left-medium:9.5%;--awb-width-small:100%;--awb-order-small:0;--awb-spacing-right-small:2.375%;--awb-spacing-left-small:2.375%;\"><div class=\"fusion-column-wrapper fusion-column-has-shadow fusion-flex-justify-content-flex-start fusion-content-layout-column\"><\/div><\/div><div class=\"fusion-layout-column fusion_builder_column fusion-builder-column-4 fusion_builder_column_1_4 1_4 fusion-flex-column\" style=\"--awb-bg-size:cover;--awb-width-large:25%;--awb-margin-top-large:0px;--awb-spacing-right-large:9.5%;--awb-margin-bottom-large:20px;--awb-spacing-left-large:9.5%;--awb-width-medium:25%;--awb-order-medium:0;--awb-spacing-right-medium:9.5%;--awb-spacing-left-medium:9.5%;--awb-width-small:100%;--awb-order-small:0;--awb-spacing-right-small:2.375%;--awb-spacing-left-small:2.375%;\"><div class=\"fusion-column-wrapper fusion-column-has-shadow fusion-flex-justify-content-flex-start fusion-content-layout-column\"><\/div><\/div><\/div><\/div><\/p>\n","protected":false},"excerpt":{"rendered":"","protected":false},"author":1,"featured_media":0,"parent":0,"menu_order":0,"comment_status":"closed","ping_status":"closed","template":"","meta":{"footnotes":""},"class_list":["post-3406","page","type-page","status-publish","hentry"],"yoast_head":"<!-- This site is optimized with the Yoast SEO plugin v25.7 - https:\/\/yoast.com\/wordpress\/plugins\/seo\/ -->\n<title>Pratik Bilgiler - Gulsen Yazici<\/title>\n<meta name=\"robots\" content=\"index, follow, max-snippet:-1, max-image-preview:large, max-video-preview:-1\" \/>\n<link rel=\"canonical\" href=\"https:\/\/praktijkyazici.nl\/tr\/pratik-bilgiler\/\" \/>\n<meta property=\"og:locale\" content=\"tr_TR\" \/>\n<meta property=\"og:type\" content=\"article\" \/>\n<meta property=\"og:title\" content=\"Pratik Bilgiler - Gulsen Yazici\" \/>\n<meta property=\"og:url\" content=\"https:\/\/praktijkyazici.nl\/tr\/pratik-bilgiler\/\" \/>\n<meta property=\"og:site_name\" content=\"Gulsen Yazici\" \/>\n<meta property=\"article:modified_time\" content=\"2025-11-10T10:45:12+00:00\" \/>\n<meta name=\"twitter:card\" content=\"summary_large_image\" \/>\n<meta name=\"twitter:label1\" content=\"Tahmini okuma s\u00fcresi\" \/>\n\t<meta name=\"twitter:data1\" content=\"2 dakika\" \/>\n<script type=\"application\/ld+json\" class=\"yoast-schema-graph\">{\"@context\":\"https:\/\/schema.org\",\"@graph\":[{\"@type\":\"WebPage\",\"@id\":\"https:\/\/praktijkyazici.nl\/tr\/pratik-bilgiler\/\",\"url\":\"https:\/\/praktijkyazici.nl\/tr\/pratik-bilgiler\/\",\"name\":\"Pratik Bilgiler - Gulsen Yazici\",\"isPartOf\":{\"@id\":\"https:\/\/praktijkyazici.nl\/tr\/#website\"},\"datePublished\":\"2025-08-20T18:49:15+00:00\",\"dateModified\":\"2025-11-10T10:45:12+00:00\",\"breadcrumb\":{\"@id\":\"https:\/\/praktijkyazici.nl\/tr\/pratik-bilgiler\/#breadcrumb\"},\"inLanguage\":\"tr\",\"potentialAction\":[{\"@type\":\"ReadAction\",\"target\":[\"https:\/\/praktijkyazici.nl\/tr\/pratik-bilgiler\/\"]}]},{\"@type\":\"BreadcrumbList\",\"@id\":\"https:\/\/praktijkyazici.nl\/tr\/pratik-bilgiler\/#breadcrumb\",\"itemListElement\":[{\"@type\":\"ListItem\",\"position\":1,\"name\":\"Home\",\"item\":\"https:\/\/praktijkyazici.nl\/tr\/\"},{\"@type\":\"ListItem\",\"position\":2,\"name\":\"Pratik Bilgiler\"}]},{\"@type\":\"WebSite\",\"@id\":\"https:\/\/praktijkyazici.nl\/tr\/#website\",\"url\":\"https:\/\/praktijkyazici.nl\/tr\/\",\"name\":\"Praktijk Yazici\",\"description\":\"Systeemtherapie, Gezinstherapie, Relatie- en Individuele therapie\",\"alternateName\":\"Systeemtherapie, Gezinstherapie, Relatie- en Individuele therapie\",\"potentialAction\":[{\"@type\":\"SearchAction\",\"target\":{\"@type\":\"EntryPoint\",\"urlTemplate\":\"https:\/\/praktijkyazici.nl\/tr\/?s={search_term_string}\"},\"query-input\":{\"@type\":\"PropertyValueSpecification\",\"valueRequired\":true,\"valueName\":\"search_term_string\"}}],\"inLanguage\":\"tr\"}]}<\/script>\n<!-- \/ Yoast SEO plugin. -->","yoast_head_json":{"title":"Pratik Bilgiler - Gulsen Yazici","robots":{"index":"index","follow":"follow","max-snippet":"max-snippet:-1","max-image-preview":"max-image-preview:large","max-video-preview":"max-video-preview:-1"},"canonical":"https:\/\/praktijkyazici.nl\/tr\/pratik-bilgiler\/","og_locale":"tr_TR","og_type":"article","og_title":"Pratik Bilgiler - Gulsen Yazici","og_url":"https:\/\/praktijkyazici.nl\/tr\/pratik-bilgiler\/","og_site_name":"Gulsen Yazici","article_modified_time":"2025-11-10T10:45:12+00:00","twitter_card":"summary_large_image","twitter_misc":{"Tahmini okuma s\u00fcresi":"2 dakika"},"schema":{"@context":"https:\/\/schema.org","@graph":[{"@type":"WebPage","@id":"https:\/\/praktijkyazici.nl\/tr\/pratik-bilgiler\/","url":"https:\/\/praktijkyazici.nl\/tr\/pratik-bilgiler\/","name":"Pratik Bilgiler - Gulsen Yazici","isPartOf":{"@id":"https:\/\/praktijkyazici.nl\/tr\/#website"},"datePublished":"2025-08-20T18:49:15+00:00","dateModified":"2025-11-10T10:45:12+00:00","breadcrumb":{"@id":"https:\/\/praktijkyazici.nl\/tr\/pratik-bilgiler\/#breadcrumb"},"inLanguage":"tr","potentialAction":[{"@type":"ReadAction","target":["https:\/\/praktijkyazici.nl\/tr\/pratik-bilgiler\/"]}]},{"@type":"BreadcrumbList","@id":"https:\/\/praktijkyazici.nl\/tr\/pratik-bilgiler\/#breadcrumb","itemListElement":[{"@type":"ListItem","position":1,"name":"Home","item":"https:\/\/praktijkyazici.nl\/tr\/"},{"@type":"ListItem","position":2,"name":"Pratik Bilgiler"}]},{"@type":"WebSite","@id":"https:\/\/praktijkyazici.nl\/tr\/#website","url":"https:\/\/praktijkyazici.nl\/tr\/","name":"Praktijk Yazici","description":"Systeemtherapie, Gezinstherapie, Relatie- en Individuele therapie","alternateName":"Systeemtherapie, Gezinstherapie, Relatie- en Individuele therapie","potentialAction":[{"@type":"SearchAction","target":{"@type":"EntryPoint","urlTemplate":"https:\/\/praktijkyazici.nl\/tr\/?s={search_term_string}"},"query-input":{"@type":"PropertyValueSpecification","valueRequired":true,"valueName":"search_term_string"}}],"inLanguage":"tr"}]}},"_links":{"self":[{"href":"https:\/\/praktijkyazici.nl\/tr\/wp-json\/wp\/v2\/pages\/3406","targetHints":{"allow":["GET"]}}],"collection":[{"href":"https:\/\/praktijkyazici.nl\/tr\/wp-json\/wp\/v2\/pages"}],"about":[{"href":"https:\/\/praktijkyazici.nl\/tr\/wp-json\/wp\/v2\/types\/page"}],"author":[{"embeddable":true,"href":"https:\/\/praktijkyazici.nl\/tr\/wp-json\/wp\/v2\/users\/1"}],"replies":[{"embeddable":true,"href":"https:\/\/praktijkyazici.nl\/tr\/wp-json\/wp\/v2\/comments?post=3406"}],"version-history":[{"count":9,"href":"https:\/\/praktijkyazici.nl\/tr\/wp-json\/wp\/v2\/pages\/3406\/revisions"}],"predecessor-version":[{"id":3533,"href":"https:\/\/praktijkyazici.nl\/tr\/wp-json\/wp\/v2\/pages\/3406\/revisions\/3533"}],"wp:attachment":[{"href":"https:\/\/praktijkyazici.nl\/tr\/wp-json\/wp\/v2\/media?parent=3406"}],"curies":[{"name":"wp","href":"https:\/\/api.w.org\/{rel}","templated":true}]}}