{"id":3414,"date":"2024-02-07T11:04:25","date_gmt":"2024-02-07T10:04:25","guid":{"rendered":"https:\/\/praktijkyazici.nl\/?page_id=3414"},"modified":"2025-08-23T13:53:43","modified_gmt":"2025-08-23T12:53:43","slug":"genel-hukumler","status":"publish","type":"page","link":"https:\/\/praktijkyazici.nl\/tr\/genel-hukumler\/","title":{"rendered":"Genel H\u00fck\u00fcmler"},"content":{"rendered":"<div class=\"fusion-fullwidth fullwidth-box fusion-builder-row-1 fusion-flex-container has-pattern-background has-mask-background nonhundred-percent-fullwidth non-hundred-percent-height-scrolling\" style=\"--awb-border-radius-top-left:0px;--awb-border-radius-top-right:0px;--awb-border-radius-bottom-right:0px;--awb-border-radius-bottom-left:0px;\" ><div class=\"fusion-builder-row fusion-row fusion-flex-align-items-flex-start\" style=\"max-width:1365px;margin-left: calc(-5% \/ 2 );margin-right: calc(-5% \/ 2 );\"><div class=\"fusion-layout-column fusion_builder_column fusion-builder-column-0 fusion_builder_column_1_1 1_1 fusion-flex-column\" style=\"--awb-bg-size:cover;--awb-width-large:100%;--awb-margin-top-large:3%;--awb-spacing-right-large:2.375%;--awb-margin-bottom-large:20px;--awb-spacing-left-large:2.375%;--awb-width-medium:100%;--awb-order-medium:0;--awb-spacing-right-medium:2.375%;--awb-spacing-left-medium:2.375%;--awb-width-small:100%;--awb-order-small:0;--awb-spacing-right-small:2.375%;--awb-spacing-left-small:2.375%;\"><div class=\"fusion-column-wrapper fusion-column-has-shadow fusion-flex-justify-content-flex-start fusion-content-layout-column\"><div class=\"fusion-title title fusion-title-1 fusion-sep-none fusion-title-text fusion-title-size-one\"><h1 class=\"title-heading-left\" style=\"margin:0;\">Genel H\u00fck\u00fcmler<\/h1><\/div><div class=\"fusion-text fusion-text-1\"><p><b>1. Uygulanabilirlik<\/b><\/p>\n<ol>\n<li type=\"a\">Bu \u015fartlar, Praktijk Yazici\u2019nin (Ticaret Odas\u0131 ticaret siciline \u200285915076\u2002 numaras\u0131yla kay\u0131tl\u0131) veya (sahip\/ y\u00f6neticilerinden) birinin, bundan b\u00f6yle \u201cG\u00fclsen Yazici\u201d olarak an\u0131lacak, taraf oldu\u011fu t\u00fcm mevcut ve gelecekteki teklifler, s\u00f6zle\u015fmeler ve di\u011fer hukuki sonu\u00e7 do\u011furan i\u015flemler ile bunlar\u0131n t\u00fcm sonu\u00e7lar\u0131 i\u00e7in ge\u00e7erlidir ve bunlar\u0131n bir par\u00e7as\u0131n\u0131 olu\u015fturur.<\/li>\n<li>Bu genel h\u00fck\u00fcmlere ili\u015fkin sapmalar yaln\u0131zca taraflar aras\u0131nda a\u00e7\u0131k ve yaz\u0131l\u0131 olarak kararla\u015ft\u0131r\u0131ld\u0131\u011f\u0131 \u00f6l\u00e7\u00fcde ge\u00e7erlidir. B\u00f6yle a\u00e7\u0131k ve yaz\u0131l\u0131 olarak kararla\u015ft\u0131r\u0131lm\u0131\u015f bir sapmadan, gelecekteki s\u00f6zle\u015fmeler i\u00e7in hak talep edilemez.<\/li>\n<li>Hasta\/dan\u0131\u015fana ait olanlar da d\u00e2hil olmak \u00fczere, ba\u015fka genel \u015fartlar\u2014nas\u0131l an\u0131l\u0131r veya belirtilirse belirtilsin\u2014taraflar aras\u0131ndaki hukuki ili\u015fkiye uygulanmaz ve pe\u015finen reddedilir.<\/li>\n<\/ol>\n<p><b>2. Tan\u0131mlar<\/b><\/p>\n<p>Bu s\u00f6zle\u015fmede a\u015fa\u011f\u0131dakiler anla\u015f\u0131lmal\u0131d\u0131r:<\/p>\n<ol type=\"a\">\n<li>Hizmet sa\u011flay\u0131c\u0131: NVAGT ve CAT TERAP\u0130STLER\u0130 adl\u0131 (bir veya birden fazla) tan\u0131nm\u0131\u015f meslek \u00f6rg\u00fct(ler)ine ba\u011fl\u0131 terapist (ger\u00e7ek veya t\u00fczel ki\u015fi);<\/li>\n<li>S\u00f6zle\u015fme: Hizmet sa\u011flay\u0131c\u0131 ile hasta\/dan\u0131\u015fan aras\u0131nda yap\u0131lan (tedavi) s\u00f6zle\u015fmesi<\/li>\n<li>Taraflar: Hizmet sa\u011flay\u0131c\u0131 ve hasta\/dan\u0131\u015fan (kar\u015f\u0131 taraf olarak da an\u0131l\u0131r)<\/li>\n<li>Wkkgz: Sa\u011fl\u0131k hizmetleri kalite, \u015fik\u00e2yet ve uyu\u015fmazl\u0131k yasas\u0131.<\/li>\n<\/ol>\n<p><b>3. G\u00f6revlerin kabul\u00fc<\/b><\/p>\n<p style=\"padding-left: 40px;\">Hizmet sa\u011flay\u0131c\u0131n\u0131n t\u00fcm teklifleri ba\u011flay\u0131c\u0131 de\u011fildir ve geri al\u0131nabilir; buna teklifte ge\u00e7erlilik s\u00fcresi belirtilmi\u015f olsa dahi d\u00e2hildir. S\u00f6zl\u00fc bilgi verilmesi h\u00e2linde, teklif ancak hizmet sa\u011flay\u0131c\u0131 taraf\u0131ndan yaz\u0131l\u0131 olarak teyit edildi\u011finde yap\u0131lm\u0131\u015f say\u0131l\u0131r.<\/p>\n<p style=\"padding-left: 40px;\">S\u00f6zle\u015fme, hasta\/dan\u0131\u015fan\u0131n fiyat mutabakat\u0131n\u0131 yaz\u0131l\u0131 olarak kabul etmesi veya s\u00f6zl\u00fc onay\u0131 ile kurulur. Hasta\/dan\u0131\u015fan bu hususlarda de\u011fi\u015fiklik yaparsa, s\u00f6zle\u015fme ancak hizmet sa\u011flay\u0131c\u0131n\u0131n bu de\u011fi\u015fiklikleri yaz\u0131l\u0131 olarak kabul etmesiyle kurulmu\u015f say\u0131l\u0131r.<\/p>\n<p style=\"padding-left: 40px;\">Bir s\u00f6zle\u015fme tek bir tedaviyi veya bir dizi tedavi s\u00fcrecini kapsayabilir.<\/p>\n<p><b>4. S\u00f6zle\u015fmenin s\u00fcresi ve feshi<\/b><\/p>\n<ol type=\"a\">\n<li>S\u00f6zle\u015fmede aksi belirtilmedik\u00e7e, s\u00f6zle\u015fme bir tedavi s\u00fcreci yahut tek bir tedavi s\u00fcresi i\u00e7in yap\u0131l\u0131r. Kararla\u015ft\u0131r\u0131lan s\u00fcre sonunda s\u00f6zle\u015fme, taraflar\u0131n mutabakat\u0131yla (z\u0131mnen dahi olsa) uzat\u0131labilir.<\/li>\n<li>Taraflardan her biri; masraf, zarar ve faizlerin tazmini hakk\u0131 sakl\u0131 kalmak kayd\u0131yla, a\u015fa\u011f\u0131daki h\u00e2llerde noter tasdikli bir yaz\u0131yla derhal ve mahkeme karar\u0131na gerek olmaks\u0131z\u0131n s\u00f6zle\u015fmeyi feshetme hakk\u0131na sahiptir:\n<ol>\n<li>Kar\u015f\u0131 taraf, y\u00fck\u00fcml\u00fcl\u00fcklerinden bir veya daha fazlas\u0131n\u0131 yerine getirmemi\u015f ve hizmet sa\u011flay\u0131c\u0131n\u0131n noter tasdikli yaz\u0131s\u0131yla verilen s\u00fcrede ifay\u0131 ger\u00e7ekle\u015ftirmekte temerr\u00fctl\u00fc kalm\u0131\u015fsa; yeterince k\u00fc\u00e7\u00fck veya \u00f6nemsiz nitelikteki eksiklikler makul olarak feshi hakl\u0131 k\u0131lmad\u0131k\u00e7a.<\/li>\n<li>Kar\u015f\u0131 taraf hakk\u0131nda iflas veya konkordato talep edilmi\u015f ya da verilmi\u015fse veya i\u015fletmenin sona erdirildi\u011fine\/ durduruldu\u011funa i\u015faret eden tedbirler al\u0131nm\u0131\u015fsa.<\/li>\n<\/ol>\n<\/li>\n<li>Hasta\/dan\u0131\u015fan\u0131n, hizmet sa\u011flay\u0131c\u0131ya y\u00f6nelik muhtemel alacaklar\u0131n\u0131, hizmet sa\u011flay\u0131c\u0131n\u0131n alacaklar\u0131yla mahsup etme hakk\u0131 a\u00e7\u0131k\u00e7a hari\u00e7 tutulmu\u015ftur. Hizmet sa\u011flay\u0131c\u0131 ise hasta\/dan\u0131\u015fandan olan alacaklar\u0131n\u0131, hasta\/dan\u0131\u015fan\u0131n hizmet sa\u011flay\u0131c\u0131ya y\u00f6nelik muhtemel alacaklar\u0131yla her zaman mahsup etme hakk\u0131na sahiptir.<\/li>\n<\/ol>\n<p><b>5. \u0130ptal<\/b><\/p>\n<ol type=\"a\">\n<li>S\u00f6zle\u015fmeden kaynaklanan randevular\u0131n iptali, en ge\u00e7 randevu saatinden 48 saat \u00f6nce yap\u0131lmal\u0131d\u0131r.<\/li>\n<li>Randevular\u0131n iptalinde a\u015fa\u011f\u0131daki ko\u015fullar ge\u00e7erlidir.\n<ol>\n<li>Ba\u015flang\u0131\u00e7tan 48 saat \u00f6ncesine kadar yap\u0131lan iptallerde hasta\/dan\u0131\u015fan herhangi bir \u00fccret \u00f6demez.<\/li>\n<li>Bir g\u00f6r\u00fc\u015fmeden 24 saat \u00f6nce yap\u0131lan iptallerde hasta\/dan\u0131\u015fan, randevu \u00fccretinin %50\u2019sini \u00f6der.<\/li>\n<li>Bir g\u00f6r\u00fc\u015fmeden 24 saatten k\u0131sa s\u00fcre \u00f6nce yap\u0131lan iptallerde hasta\/dan\u0131\u015fan, randevu \u00fccretinin %100\u2019\u00fcn\u00fc \u00f6der.<\/li>\n<li>G\u00f6r\u00fc\u015fme, hasta\/dan\u0131\u015fan\u0131n talebiyle ileri bir tarihe ertelenirse: randevudan 48 saat \u00f6ncesine kadar ertelemede \u00fccret al\u0131nmaz; randevudan 48 saatten k\u0131sa ve 24 saatten uzun s\u00fcre \u00f6nce ertelemede \u00fccretin %50\u2019si; randevudan 24 saatten k\u0131sa s\u00fcre \u00f6nce ertelemede ise \u00fccretin tamam\u0131 al\u0131n\u0131r.<\/li>\n<li>\u0130ptal edilmemesi veya ge\u00e7 iptal h\u00e2linde, hizmet sa\u011flay\u0131c\u0131 ilgili hizmet(ler)i faturaland\u0131rma hakk\u0131na sahiptir; hizmet sa\u011flay\u0131c\u0131n\u0131n bu kapsamda yapt\u0131\u011f\u0131 t\u00fcm masraflar\u0131n \u00f6denmesi hakk\u0131 sakl\u0131d\u0131r.<\/li>\n<li>Hizmet sa\u011flay\u0131c\u0131, makul oldu\u011fu \u00f6l\u00e7\u00fcde, \u00f6nceden planlanm\u0131\u015f bir randevuyu de\u011fi\u015ftirme hakk\u0131na sahiptir.<\/li>\n<\/ol>\n<\/li>\n<\/ol>\n<p><b>6. Gizlilik, dosya y\u00f6netimi ve inceleme hakk\u0131<\/b><\/p>\n<ol type=\"a\">\n<li>Hizmet sa\u011flay\u0131c\u0131, hizmetlerinin ifas\u0131 s\u0131ras\u0131nda elde etti\u011fi hasta\/dan\u0131\u015fana ili\u015fkin t\u00fcm bilgileri gizli tutacak ve bu bilgileri \u00fc\u00e7\u00fcnc\u00fc ki\u015filere vermeyecektir; hizmet sa\u011flay\u0131c\u0131n\u0131n yasal y\u00fck\u00fcml\u00fcl\u00fc\u011f\u00fc bulunmas\u0131 veya izin al\u0131nm\u0131\u015f olmas\u0131 h\u00e2lleri sakl\u0131d\u0131r.<\/li>\n<li>Hizmet sa\u011flay\u0131c\u0131, 1. bentte tan\u0131mlanan gizlilik y\u00fck\u00fcml\u00fcl\u00fc\u011f\u00fcn\u00fc \u00e7al\u0131\u015fanlar\u0131na ve hizmetlerin ifas\u0131nda g\u00f6revlendirilen \u00fc\u00e7\u00fcnc\u00fc ki\u015filere de uygular.<\/li>\n<li>Hizmet sa\u011flay\u0131c\u0131, tedavi(ler)\/tedavi s\u00fcre\u00e7lerine ili\u015fkin raporlar\u0131, hasta\/dan\u0131\u015fan\u0131n talebi \u00fczerine ve AVG\u2019ye uygun \u015fekilde sunar.<\/li>\n<\/ol>\n<p><b>7. M\u00fccbir sebep<\/b><\/p>\n<p>Hizmet sa\u011flay\u0131c\u0131, s\u00f6zle\u015fmeden do\u011fan y\u00fck\u00fcml\u00fcl\u00fcklerini kendi kusuru d\u0131\u015f\u0131nda kalan bir sebeple\u2014\u00f6zellikle (ancak bunlarla s\u0131n\u0131rl\u0131 olmaks\u0131z\u0131n) hizmet sa\u011flay\u0131c\u0131 organizasyonu i\u00e7indeki ola\u011fan i\u015fleyi\u015fte aksama, s\u00f6zle\u015fmenin ifas\u0131yla g\u00f6revlendirilen ki\u015finin\/ki\u015filerin hastal\u0131\u011f\u0131 vb.\u2014yerine getiremez, zaman\u0131nda getiremez veya gere\u011fi gibi getiremezse; hizmet sa\u011flay\u0131c\u0131n\u0131n y\u00fck\u00fcml\u00fcl\u00fckleri, bunlar\u0131n yeniden ifas\u0131n\u0131n m\u00fcmk\u00fcn olaca\u011f\u0131 ana kadar ask\u0131ya al\u0131n\u0131r.<\/p>\n<p><b>8. Faturaland\u0131rma ve \u00f6deme<\/b><\/p>\n<ol type=\"a\">\n<li>T\u00fcm fiyatlar Euro (\u20ac) cinsindendir. Aksi a\u00e7\u0131k\u00e7a belirtilmedik\u00e7e t\u00fcm fiyatlar KDV d\u00e2hildir.<\/li>\n<li>\u00d6zel (bireysel) hasta\/dan\u0131\u015fanlara sunulan hizmetler, fatura kar\u015f\u0131l\u0131\u011f\u0131nda hizmetin hemen ard\u0131ndan terapiste\/do\u011fal tedavi uygulay\u0131c\u0131s\u0131na \u00f6denir.<\/li>\n<li>\u00d6zel ki\u015fi d\u0131\u015f\u0131ndaki hasta\/dan\u0131\u015fanlara sunulan hizmetler, mutabakata g\u00f6re beyan\/fatura yoluyla tahakkuk ettirilir.<\/li>\n<li>Faturaland\u0131rma, hizmetin ba\u015flang\u0131c\u0131nda taraflar aras\u0131nda kararla\u015ft\u0131r\u0131lm\u0131\u015f tarifeler ve i\u015flem adetleri esas al\u0131narak yap\u0131l\u0131r.<\/li>\n<li>Yaz\u0131l\u0131 olarak aksi kararla\u015ft\u0131r\u0131lmad\u0131k\u00e7a, hasta\/dan\u0131\u015fan fatura tarihinden itibaren 14 g\u00fcn i\u00e7inde, hi\u00e7bir mahsup talebinde bulunmaks\u0131z\u0131n, hizmet sa\u011flay\u0131c\u0131ya \u00f6deme yapar.<\/li>\n<li>S\u00f6zle\u015fmenin kurulmas\u0131ndan sonra bir veya daha fazla fiyat unsurunda art\u0131\u015f olmas\u0131 h\u00e2linde, hizmet sa\u011flay\u0131c\u0131 kararla\u015ft\u0131r\u0131lan fiyat\u0131 buna uygun \u015fekilde art\u0131rma hakk\u0131na sahiptir.<\/li>\n<li>Hizmet sa\u011flay\u0131c\u0131, kararla\u015ft\u0131r\u0131lan fiyat\u0131 her y\u0131l art\u0131rma hakk\u0131na sahiptir.<\/li>\n<li>Bir s\u00fcre\u00e7 (trajekt) s\u00f6z konusuysa, taraflar taksitli \u00f6deme hususunda yaz\u0131l\u0131 olarak anla\u015fabilir.<\/li>\n<li>\u00d6deme s\u00fcresinin a\u015f\u0131lmas\u0131 h\u00e2linde, ihtara gerek olmaks\u0131z\u0131n, hasta\/dan\u0131\u015fan temerr\u00fcde d\u00fc\u015fer. Hizmet sa\u011flay\u0131c\u0131, \u00f6deme s\u00fcresinin doldu\u011fu tarihten itibaren hizmet ifas\u0131na ili\u015fkin y\u00fck\u00fcml\u00fcl\u00fcklerini ask\u0131ya alma hakk\u0131na sahiptir. Hizmet sa\u011flay\u0131c\u0131 bu ask\u0131ya alma hakk\u0131nda hasta\/dan\u0131\u015fan\u0131 zaman\u0131nda bilgilendirir. Hasta\/dan\u0131\u015fan, belirtilen tarihten itibaren a\u00e7\u0131k kalan tutar \u00fczerinden yasal faiz \u00f6der. Ayr\u0131ca t\u00fcm yarg\u0131 d\u0131\u015f\u0131 tahsilat giderleri\u2014avukat, icra memuru ve tahsilat b\u00fcrolar\u0131n\u0131n, y\u00fcr\u00fcrl\u00fckteki\/al\u0131\u015f\u0131lagelmi\u015f tarifelere g\u00f6re belirlenen \u00fccretleri\u2014hasta\/dan\u0131\u015fan taraf\u0131ndan kar\u015f\u0131lan\u0131r.<\/li>\n<\/ol>\n<p><b>9. Sorumluluk<\/b><\/p>\n<ol type=\"a\">\n<li>Hizmet sa\u011flay\u0131c\u0131, hizmetlerini ifa ederken bir \u201c\u00f6zen y\u00fck\u00fcml\u00fcl\u00fc\u011f\u00fc\u201d ile hareket eder.<\/li>\n<li>Hizmet sa\u011flay\u0131c\u0131 hi\u00e7bir \u015fekilde (t\u0131bbi) garanti vermez; hizmet ifas\u0131 s\u0131ras\u0131nda veya sonras\u0131nda ortaya \u00e7\u0131kan (t\u0131bbi) komplikasyonlardan, ancak hizmet sa\u011flay\u0131c\u0131n\u0131n a\u011f\u0131r kusuruna atfedilebilir olmas\u0131 h\u00e2linde sorumludur.<\/li>\n<li>Hizmet sa\u011flay\u0131c\u0131 dolayl\u0131\/sonu\u00e7 zararlar\u0131ndan hi\u00e7bir \u015fekilde sorumlu de\u011fildir.<\/li>\n<li>Hizmet sa\u011flay\u0131c\u0131n\u0131n s\u00f6zl\u00fc veya yaz\u0131l\u0131 tavsiyelerine hasta\/dan\u0131\u015fan\u0131n gere\u011fi gibi uymamas\u0131ndan do\u011fan zararlardan hizmet sa\u011flay\u0131c\u0131 sorumlu de\u011fildir.<\/li>\n<li>Hizmet sa\u011flay\u0131c\u0131n\u0131n\u2014gerekirse ba\u011f\u0131ms\u0131z \u00fc\u00e7\u00fcnc\u00fc ki\u015fileri g\u00f6revlendirerek\u2014ifa etti\u011fi hizmetlerden do\u011fan zararlara ili\u015fkin sorumlulu\u011fu, en fazla bir tedavi \u00fccretine kadar s\u0131n\u0131rl\u0131d\u0131r.<\/li>\n<li>Her h\u00e2l\u00fck\u00e2rda, hizmet sa\u011flay\u0131c\u0131n\u0131n sorumlulu\u011fu, hasta\/dan\u0131\u015fana fatura edilen tutarla veya hizmet sa\u011flay\u0131c\u0131n\u0131n yapt\u0131rd\u0131\u011f\u0131 sorumluluk sigortas\u0131 kapsam\u0131nda kar\u015f\u0131lanan azami tutarla s\u0131n\u0131rl\u0131d\u0131r.<\/li>\n<li>Hizmet sa\u011flay\u0131c\u0131, tavsiye etti\u011fi yard\u0131mc\u0131 aparatlar, takviyeler, ila\u00e7lar vb.nin kalite ve bile\u015fiminden hi\u00e7bir \u015fekilde sorumlu de\u011fildir.<\/li>\n<\/ol>\n<p><b>10. Uygulanacak hukuk ve uyu\u015fmazl\u0131klar<\/b><\/p>\n<ol type=\"a\">\n<li>Hizmet sa\u011flay\u0131c\u0131n\u0131n sundu\u011fu hizmetlere Hollanda hukuku uygulan\u0131r.<\/li>\n<li>Hizmet sa\u011flay\u0131c\u0131n\u0131n sundu\u011fu hizmetlerden do\u011fan veya bunlarla ba\u011flant\u0131l\u0131 uyu\u015fmazl\u0131klarda, uyu\u015fmazl\u0131\u011f\u0131 g\u00f6rmeye m\u00fcnhas\u0131ran mahkeme yetkilidir.<\/li>\n<\/ol>\n<p><b>11. Di\u011fer h\u00fck\u00fcmler<\/b><\/p>\n<ol type=\"a\">\n<li>\u0130\u015fbu genel \u015fartlardaki bir veya daha fazla maddenin h\u00fck\u00fcms\u00fcz say\u0131lmas\u0131, mevcut genel \u015fartlardaki di\u011fer maddelerin ge\u00e7erlili\u011fini etkilemez.<\/li>\n<\/ol>\n<p><b>DISCLAIMER<\/b><\/p>\n<p>Bu web sitesindeki bilgiler ziyaret\u00e7i i\u00e7in ki\u015fisel bir tedavi plan\u0131 de\u011fildir. Buradaki i\u00e7erikten hi\u00e7bir hak talep edilemez; ayr\u0131ca, bu web sitesindeki bilgiler nedeniyle do\u011frudan veya dolayl\u0131 ortaya \u00e7\u0131kan zararlardan site sahibi sorumlu tutulamaz. Ki\u015fisel durumunuza uygun bir tedavi i\u00e7in, her zaman bir pratisyen hekime veya GAT taraf\u0131ndan tan\u0131nan bir meslek \u00f6rg\u00fct\u00fcne kay\u0131tl\u0131 bir terapiste dan\u0131\u015f\u0131n\u0131z. Bu web sitesinde sunulan tedaviler alternatif ve\/veya tamamlay\u0131c\u0131 sa\u011fl\u0131k hizmetleri kapsam\u0131ndad\u0131r; standart sa\u011fl\u0131k hizmetlerindeki tan\u0131lama, bak\u0131m ve hem\u015fireli\u011fin yerine ge\u00e7mez. Bu sitedeki metinler telif hakk\u0131 kapsam\u0131ndad\u0131r ve sahibinin izni olmadan kullan\u0131lamaz veya kopyalanamaz.<\/p>\n<\/div><\/div><\/div><\/div><\/div>\n","protected":false},"excerpt":{"rendered":"","protected":false},"author":1,"featured_media":0,"parent":0,"menu_order":0,"comment_status":"closed","ping_status":"closed","template":"","meta":{"footnotes":""},"class_list":["post-3414","page","type-page","status-publish","hentry"],"yoast_head":"<!-- This site is optimized with the Yoast SEO plugin v25.7 - https:\/\/yoast.com\/wordpress\/plugins\/seo\/ -->\n<title>Genel H\u00fck\u00fcmler - Gulsen Yazici<\/title>\n<meta name=\"robots\" content=\"index, follow, max-snippet:-1, max-image-preview:large, max-video-preview:-1\" \/>\n<link rel=\"canonical\" href=\"https:\/\/praktijkyazici.nl\/tr\/genel-hukumler\/\" \/>\n<meta property=\"og:locale\" content=\"tr_TR\" \/>\n<meta property=\"og:type\" content=\"article\" \/>\n<meta property=\"og:title\" content=\"Genel H\u00fck\u00fcmler - Gulsen Yazici\" \/>\n<meta property=\"og:url\" content=\"https:\/\/praktijkyazici.nl\/tr\/genel-hukumler\/\" \/>\n<meta property=\"og:site_name\" content=\"Gulsen Yazici\" \/>\n<meta property=\"article:modified_time\" content=\"2025-08-23T12:53:43+00:00\" \/>\n<meta name=\"twitter:card\" content=\"summary_large_image\" \/>\n<meta name=\"twitter:label1\" content=\"Tahmini okuma s\u00fcresi\" \/>\n\t<meta name=\"twitter:data1\" content=\"7 dakika\" \/>\n<script type=\"application\/ld+json\" class=\"yoast-schema-graph\">{\"@context\":\"https:\/\/schema.org\",\"@graph\":[{\"@type\":\"WebPage\",\"@id\":\"https:\/\/praktijkyazici.nl\/tr\/genel-hukumler\/\",\"url\":\"https:\/\/praktijkyazici.nl\/tr\/genel-hukumler\/\",\"name\":\"Genel H\u00fck\u00fcmler - Gulsen Yazici\",\"isPartOf\":{\"@id\":\"https:\/\/praktijkyazici.nl\/tr\/#website\"},\"datePublished\":\"2024-02-07T10:04:25+00:00\",\"dateModified\":\"2025-08-23T12:53:43+00:00\",\"breadcrumb\":{\"@id\":\"https:\/\/praktijkyazici.nl\/tr\/genel-hukumler\/#breadcrumb\"},\"inLanguage\":\"tr\",\"potentialAction\":[{\"@type\":\"ReadAction\",\"target\":[\"https:\/\/praktijkyazici.nl\/tr\/genel-hukumler\/\"]}]},{\"@type\":\"BreadcrumbList\",\"@id\":\"https:\/\/praktijkyazici.nl\/tr\/genel-hukumler\/#breadcrumb\",\"itemListElement\":[{\"@type\":\"ListItem\",\"position\":1,\"name\":\"Home\",\"item\":\"https:\/\/praktijkyazici.nl\/tr\/\"},{\"@type\":\"ListItem\",\"position\":2,\"name\":\"Genel H\u00fck\u00fcmler\"}]},{\"@type\":\"WebSite\",\"@id\":\"https:\/\/praktijkyazici.nl\/tr\/#website\",\"url\":\"https:\/\/praktijkyazici.nl\/tr\/\",\"name\":\"Praktijk Yazici\",\"description\":\"Systeemtherapie, Gezinstherapie, Relatie- en Individuele therapie\",\"alternateName\":\"Systeemtherapie, Gezinstherapie, Relatie- en Individuele therapie\",\"potentialAction\":[{\"@type\":\"SearchAction\",\"target\":{\"@type\":\"EntryPoint\",\"urlTemplate\":\"https:\/\/praktijkyazici.nl\/tr\/?s={search_term_string}\"},\"query-input\":{\"@type\":\"PropertyValueSpecification\",\"valueRequired\":true,\"valueName\":\"search_term_string\"}}],\"inLanguage\":\"tr\"}]}<\/script>\n<!-- \/ Yoast SEO plugin. -->","yoast_head_json":{"title":"Genel H\u00fck\u00fcmler - Gulsen Yazici","robots":{"index":"index","follow":"follow","max-snippet":"max-snippet:-1","max-image-preview":"max-image-preview:large","max-video-preview":"max-video-preview:-1"},"canonical":"https:\/\/praktijkyazici.nl\/tr\/genel-hukumler\/","og_locale":"tr_TR","og_type":"article","og_title":"Genel H\u00fck\u00fcmler - Gulsen Yazici","og_url":"https:\/\/praktijkyazici.nl\/tr\/genel-hukumler\/","og_site_name":"Gulsen Yazici","article_modified_time":"2025-08-23T12:53:43+00:00","twitter_card":"summary_large_image","twitter_misc":{"Tahmini okuma s\u00fcresi":"7 dakika"},"schema":{"@context":"https:\/\/schema.org","@graph":[{"@type":"WebPage","@id":"https:\/\/praktijkyazici.nl\/tr\/genel-hukumler\/","url":"https:\/\/praktijkyazici.nl\/tr\/genel-hukumler\/","name":"Genel H\u00fck\u00fcmler - Gulsen Yazici","isPartOf":{"@id":"https:\/\/praktijkyazici.nl\/tr\/#website"},"datePublished":"2024-02-07T10:04:25+00:00","dateModified":"2025-08-23T12:53:43+00:00","breadcrumb":{"@id":"https:\/\/praktijkyazici.nl\/tr\/genel-hukumler\/#breadcrumb"},"inLanguage":"tr","potentialAction":[{"@type":"ReadAction","target":["https:\/\/praktijkyazici.nl\/tr\/genel-hukumler\/"]}]},{"@type":"BreadcrumbList","@id":"https:\/\/praktijkyazici.nl\/tr\/genel-hukumler\/#breadcrumb","itemListElement":[{"@type":"ListItem","position":1,"name":"Home","item":"https:\/\/praktijkyazici.nl\/tr\/"},{"@type":"ListItem","position":2,"name":"Genel H\u00fck\u00fcmler"}]},{"@type":"WebSite","@id":"https:\/\/praktijkyazici.nl\/tr\/#website","url":"https:\/\/praktijkyazici.nl\/tr\/","name":"Praktijk Yazici","description":"Systeemtherapie, Gezinstherapie, Relatie- en Individuele therapie","alternateName":"Systeemtherapie, Gezinstherapie, Relatie- en Individuele therapie","potentialAction":[{"@type":"SearchAction","target":{"@type":"EntryPoint","urlTemplate":"https:\/\/praktijkyazici.nl\/tr\/?s={search_term_string}"},"query-input":{"@type":"PropertyValueSpecification","valueRequired":true,"valueName":"search_term_string"}}],"inLanguage":"tr"}]}},"_links":{"self":[{"href":"https:\/\/praktijkyazici.nl\/tr\/wp-json\/wp\/v2\/pages\/3414","targetHints":{"allow":["GET"]}}],"collection":[{"href":"https:\/\/praktijkyazici.nl\/tr\/wp-json\/wp\/v2\/pages"}],"about":[{"href":"https:\/\/praktijkyazici.nl\/tr\/wp-json\/wp\/v2\/types\/page"}],"author":[{"embeddable":true,"href":"https:\/\/praktijkyazici.nl\/tr\/wp-json\/wp\/v2\/users\/1"}],"replies":[{"embeddable":true,"href":"https:\/\/praktijkyazici.nl\/tr\/wp-json\/wp\/v2\/comments?post=3414"}],"version-history":[{"count":4,"href":"https:\/\/praktijkyazici.nl\/tr\/wp-json\/wp\/v2\/pages\/3414\/revisions"}],"predecessor-version":[{"id":3485,"href":"https:\/\/praktijkyazici.nl\/tr\/wp-json\/wp\/v2\/pages\/3414\/revisions\/3485"}],"wp:attachment":[{"href":"https:\/\/praktijkyazici.nl\/tr\/wp-json\/wp\/v2\/media?parent=3414"}],"curies":[{"name":"wp","href":"https:\/\/api.w.org\/{rel}","templated":true}]}}