{"id":3422,"date":"2023-12-11T13:17:01","date_gmt":"2023-12-11T12:17:01","guid":{"rendered":"https:\/\/praktijkyazici.nl\/?page_id=3422"},"modified":"2025-08-22T15:19:39","modified_gmt":"2025-08-22T14:19:39","slug":"cerez-politikasi","status":"publish","type":"page","link":"https:\/\/praktijkyazici.nl\/tr\/cerez-politikasi\/","title":{"rendered":"\u00c7erez Politikas\u0131"},"content":{"rendered":"<div class=\"fusion-fullwidth fullwidth-box fusion-builder-row-1 fusion-flex-container has-pattern-background has-mask-background nonhundred-percent-fullwidth non-hundred-percent-height-scrolling\" style=\"--awb-border-radius-top-left:0px;--awb-border-radius-top-right:0px;--awb-border-radius-bottom-right:0px;--awb-border-radius-bottom-left:0px;--awb-padding-top:30px;--awb-padding-bottom:30px;\" ><div class=\"fusion-builder-row fusion-row fusion-flex-align-items-flex-start\" style=\"max-width:1365px;margin-left: calc(-5% \/ 2 );margin-right: calc(-5% \/ 2 );\"><div class=\"fusion-layout-column fusion_builder_column fusion-builder-column-0 fusion_builder_column_1_1 1_1 fusion-flex-column\" style=\"--awb-bg-size:cover;--awb-width-large:100%;--awb-margin-top-large:0px;--awb-spacing-right-large:2.375%;--awb-margin-bottom-large:20px;--awb-spacing-left-large:2.375%;--awb-width-medium:100%;--awb-order-medium:0;--awb-spacing-right-medium:2.375%;--awb-spacing-left-medium:2.375%;--awb-width-small:100%;--awb-order-small:0;--awb-spacing-right-small:2.375%;--awb-spacing-left-small:2.375%;\"><div class=\"fusion-column-wrapper fusion-column-has-shadow fusion-flex-justify-content-flex-start fusion-content-layout-column\"><div class=\"fusion-title title fusion-title-1 fusion-sep-none fusion-title-text fusion-title-size-one\"><h1 class=\"title-heading-left\" style=\"margin:0;\">\u00c7erez politikas\u0131<\/h1><\/div><div class=\"fusion-text fusion-text-1\"><p>Bu \u00c7erez Politikas\u0131, web sitesinde \u00e7erezlerin ve sosyal medya eklentilerinin kullan\u0131m\u0131n\u0131 d\u00fczenler.<\/p>\n<p><strong>1. GENEL<\/strong><\/p>\n<p><strong>1.1.<\/strong> Ki\u015fisel verileriniz, Eindhoven, van Renesseweg 82 adresinde yerle\u015fik ve KvK numaras\u0131 85915076 olan Praktijk Yazici taraf\u0131ndan (bundan b\u00f6yle \u201cPraktijk Yazici\u201d, \u201cbiz\u201d, \u201cbize\u201d, \u201cbizim\u201d olarak an\u0131lacakt\u0131r) i\u015flenir. Bize info@praktijkyazici.nl<br \/>\n e-postas\u0131 \u00fczerinden ula\u015fabilirsiniz.<\/p>\n<p><strong>1.2.<\/strong> Bu \u00c7erez Politikas\u0131, tamamen kendi takdirimizde olmak \u00fczere zaman zaman de\u011fi\u015ftirilebilir. Bu t\u00fcr de\u011fi\u015fiklikler web sitesi arac\u0131l\u0131\u011f\u0131yla duyurulacakt\u0131r. De\u011fi\u015fiklikleri kabul etmiyorsan\u0131z, l\u00fctfen [contact-email] adresine e-posta g\u00f6ndererek bize bildiriniz. De\u011fi\u015fikliklerin duyurulmas\u0131ndan itibaren \u00fc\u00e7 (3) i\u015f g\u00fcn\u00fc i\u00e7inde sizden bir e-posta almazsak, t\u00fcm de\u011fi\u015fiklikleri kabul etmi\u015f say\u0131l\u0131rs\u0131n\u0131z.<\/p>\n<p><strong>2. \u00c7EREZLER VE SOSYAL MEDYA EKLENT\u0130LER\u0130<\/strong><\/p>\n<p><strong>2.1.<\/strong> Web sitesinin d\u00fczg\u00fcn \u00e7al\u0131\u015fmas\u0131 i\u00e7in kesinlikle gerekli \u00e7erezler hari\u00e7, di\u011fer \u00e7erezlerin kullan\u0131m\u0131n\u0131, web sitesini ziyaret etti\u011finizde g\u00f6sterilen bilgilendirme bildirimini kullanarak kabul edebilir veya reddedebilirsiniz. Web sitesinde kullan\u0131lan farkl\u0131 \u00e7erez kategorileri a\u015fa\u011f\u0131da 2.4 maddesinde a\u00e7\u0131klanm\u0131\u015ft\u0131r.<\/p>\n<p><strong>2.2.<\/strong> Bu \u00e7erezlere, yerle\u015ftirilmelerine ve kullan\u0131m \u015fekillerine ili\u015fkin verilerin \u00e7o\u011fu, genel olarak kimli\u011finizin belirlenmesine imk\u00e2n tan\u0131r. Bunlar\u0131, sizin ve di\u011fer ziyaret\u00e7ilerin web sitesini nas\u0131l kulland\u0131\u011f\u0131na dair istatistiksel ve kullan\u0131m verileri toplamak; b\u00f6ylece web sitesinde daha iyi bir kullan\u0131c\u0131 deneyimi sunmak i\u00e7in kullan\u0131yoruz.<\/p>\n<p><strong>2.3.<\/strong> Taray\u0131c\u0131n\u0131z\u0131 uygun \u015fekilde yap\u0131land\u0131rarak \u00e7erezlerden ka\u00e7\u0131nabilirsiniz. Y\u00f6nergeler i\u00e7in taray\u0131c\u0131n\u0131za ili\u015fkin bilgilere bak\u0131n\u0131z; \u00f6rne\u011fin:<\/p>\n<ul>\n<li>Internet Explorer: [URL]<\/li>\n<li>Edge: [URL]<\/li>\n<li>Chrome: [URL]<\/li>\n<li>Safari: [URL]<\/li>\n<\/ul>\n<p> Web sitesini ziyaret ederken \u00e7erezleri reddetmeniz h\u00e2linde, web sitesinin baz\u0131 veya t\u00fcm i\u015flevlerinin d\u00fczg\u00fcn \u00e7al\u0131\u015fmayabilece\u011fini l\u00fctfen dikkate al\u0131n\u0131z.<\/p>\n<p><strong>2.4.<\/strong> Web sitesini ziyaret etti\u011finizde ve verdi\u011finiz izne ba\u011fl\u0131 olarak a\u015fa\u011f\u0131daki \u00e7erez kategorilerini yerle\u015ftiririz:<\/p>\n<ul>\n<li><strong>Temel ve kesinlikle gerekli \u00e7erezler:<\/strong> Bu \u00e7erezler, web sitesine normal bir \u015fekilde eri\u015fimi sa\u011flamak ve sitenin do\u011fru \u015fekilde \u00e7al\u0131\u015fmas\u0131 i\u00e7in zorunludur.<\/li>\n<li><strong>Tercih \u00e7erezleri:<\/strong> Bu \u00e7erezler, tercihlerinizi hat\u0131rlar ve web sitesinin sizin i\u00e7in en uygun \u015fekilde \u00e7al\u0131\u015fmas\u0131n\u0131 sa\u011flar.<\/li>\n<li><strong>Performans ve istatistik \u00e7erezleri:<\/strong> Bu \u00e7erezler, site ziyaretleri ve kullan\u0131m\u0131na ili\u015fkin istatistikleri toplamam\u0131za ve web sitesinin performans\u0131n\u0131 analiz edip geli\u015ftirmemize imk\u00e2n verir.<\/li>\n<li><strong>Hedefleme \u00e7erezleri:<\/strong> Bu \u00e7erezler, bizim ve \u00fc\u00e7\u00fcnc\u00fc taraf reklam verenlerin davran\u0131\u015flar\u0131n\u0131za dair bilgi toplamas\u0131n\u0131 ve di\u011fer web sitelerinde ilgili reklamlar g\u00f6stermesini sa\u011flar.<\/li>\n<li><strong>Sosyal medya \u00e7erezleri:<\/strong> Bu \u00e7erezler, web sitemize g\u00f6m\u00fcl\u00fc sosyal medya hizmetleri taraf\u0131ndan yerle\u015ftirilir; site i\u00e7eri\u011fini payla\u015fman\u0131za ve di\u011fer web sitelerindeki geziniminizin takip edilmesine olanak tan\u0131r.<\/li>\n<\/ul>\n<p><strong>2.5.<\/strong> \u00c7erezleri kullanmam\u0131za verdi\u011finiz izni diledi\u011finiz zaman geri \u00e7ekebilirsiniz. Bu hakk\u0131n\u0131z\u0131 kullanmak i\u00e7in ayarlar\u0131n\u0131z\u0131 [ayarlar sayfas\u0131na ba\u011flant\u0131 ekleyin] \u00fczerinden g\u00fcncelleyebilirsiniz.<\/p>\n<p><strong>3. K\u0130\u015e\u0130SEL VER\u0130LER\u0130N\u0130Z\u0130 HANG\u0130 AMA\u00c7LARLA KULLANIYORUZ<\/strong><\/p>\n<p><strong>3.1.<\/strong> Web sitemizi, reklamlar\u0131m\u0131z\u0131, \u00fcr\u00fcn ve hizmetlerimizi geli\u015ftirmek veya yeni \u00fcr\u00fcn ve hizmetler geli\u015ftirmek amac\u0131yla istatistiksel analizler yapmak i\u00e7in ki\u015fisel verilerinizi i\u015fleriz.<\/p>\n<p><strong>3.2.<\/strong> A\u015fa\u011f\u0131daki durumlarda, me\u015fru menfaatlerimizi veya ba\u011fl\u0131 \u015firketlerimizin, i\u015f ortaklar\u0131m\u0131z\u0131n ya da \u00fc\u00e7\u00fcnc\u00fc taraflar\u0131n me\u015fru menfaatlerini korumak amac\u0131yla da ki\u015fisel verilerinizi i\u015fleyebiliriz: web sitesine kayd\u0131n\u0131z\u0131n (a) bu \u00c7erez Politikas\u0131n\u0131n veya \u00fc\u00e7\u00fcnc\u00fc ki\u015filerin fikr\u00ee m\u00fclkiyet haklar\u0131n\u0131n ya da di\u011fer haklar\u0131n\u0131n ihlali, (b) web sitemizin veya altta yatan BT sistemlerinden herhangi birinin g\u00fcvenli\u011fi ya da b\u00fct\u00fcnl\u00fc\u011f\u00fc i\u00e7in tehdit, veya (c) herhangi bir \u015fekilde nefret i\u00e7eren, m\u00fcstehcen, ayr\u0131mc\u0131, \u0131rk\u00e7\u0131, iftira niteli\u011finde, a\u015fa\u011f\u0131lay\u0131c\u0131 ya da aksi h\u00e2lde uygunsuz veya hukuka ayk\u0131r\u0131 olarak de\u011ferlendirilebilmesi.<\/p>\n<p><strong>3.3.<\/strong> Web sitesinin herhangi bir b\u00f6l\u00fcm\u00fcn\u00fc kullan\u0131rken hukuka ayk\u0131r\u0131 bir fiil veya su\u00e7 i\u015fledi\u011finize dair makul sebeplerin bulunmas\u0131 h\u00e2linde veya delil olarak, ki\u015fisel verileriniz polis ya da adli makamlara aktar\u0131labilir.<\/p>\n<p><strong>4. K\u0130\u015e\u0130SEL VER\u0130LER\u0130N\u0130Z\u0130N \u0130\u015eLENMES\u0130 \u0130\u00c7\u0130N HUKUK\u0130 DAYANAK<\/strong><\/p>\n<p><strong>4.1.<\/strong> 3. maddede belirtilen ama\u00e7lar do\u011frultusunda ki\u015fisel verilerinizin i\u015flenmesi, onay\u0131n\u0131za veya yasal bir y\u00fck\u00fcml\u00fcl\u00fc\u011fe dayan\u0131r.<\/p>\n<p><strong>4.2.<\/strong> Baz\u0131 durumlarda, ki\u015fisel verilerinizin i\u015flenmesi; web sitemizi, sosyal medya kanallar\u0131m\u0131z\u0131, \u00fcr\u00fcn ve hizmetlerimizi iyile\u015ftirmek, web sitemizi k\u00f6t\u00fcye kullan\u0131m ve yasa d\u0131\u015f\u0131 faaliyetlere kar\u015f\u0131 korumak ve \u00fcr\u00fcn\/hizmetlerimizi tan\u0131tmak gibi me\u015fru menfaatlerimiz i\u00e7in gerekli olabilir.<\/p>\n<p><strong>5. VER\u0130LER\u0130N\u0130Z\u0130 K\u0130MLERLE PAYLA\u015eIYORUZ<\/strong><\/p>\n<p><strong>5.1.<\/strong> Web sitesini sunmak ve ad\u0131m\u0131za ki\u015fisel verileri i\u015flemek i\u00e7in \u00fc\u00e7\u00fcnc\u00fc taraflardan yararlan\u0131r\u0131z. Bu \u00fc\u00e7\u00fcnc\u00fc taraflar, ki\u015fisel verilerinizi yaln\u0131zca bizim ad\u0131m\u0131za ve yaz\u0131l\u0131 talimatlar\u0131m\u0131za uygun olarak i\u015fleyebilir.<\/p>\n<p><strong>5.2.<\/strong> Ki\u015fisel verilerinizi Praktijk Yazici b\u00fcnyesindeki di\u011fer \u015firketlerle payla\u015fabiliriz. Grup i\u00e7indeki t\u00fcm \u015firketler, ki\u015fisel verilerinizi bu \u00c7erez Politikas\u0131na uygun olarak i\u015fler.<\/p>\n<p><strong>5.3.<\/strong> 5.1 ve 5.2 maddelerinde belirtilen ama\u00e7lar d\u0131\u015f\u0131nda, a\u00e7\u0131k r\u0131zan\u0131z olmad\u0131k\u00e7a ki\u015fisel verilerinizi kimli\u011finiz belirlenebilir \u015fekilde \u00fc\u00e7\u00fcnc\u00fc taraflara aktarmay\u0131z. Bununla birlikte, anonim h\u00e2le getirilmi\u015f verileri; \u00fcr\u00fcn ve hizmetlerin geli\u015ftirilmesine yard\u0131mc\u0131 olmak ve di\u011fer web sitelerinde ki\u015fiselle\u015ftirilmi\u015f pazarlama ve sat\u0131\u015fa imk\u00e2n tan\u0131mak amac\u0131yla kurulu\u015flarla payla\u015fabiliriz.<\/p>\n<p><strong>6. KONUM VE AKTARIM<\/strong><\/p>\n<p><strong>6.1.<\/strong> Ki\u015fisel verilerinizi Avrupa Ekonomik Alan\u0131 (AEA) i\u00e7inde i\u015fleriz. 3. maddede belirtilen ama\u00e7lar i\u00e7in ki\u015fisel verilerinizi, AEA d\u0131\u015f\u0131nda bulunan ve ad\u0131m\u0131za i\u015fleme faaliyeti y\u00fcr\u00fcten \u00fc\u00e7\u00fcnc\u00fc taraflara veya Praktijk Yazici\u2019nin di\u011fer kurulu\u015flar\u0131na da aktarabiliriz. Bu \u00fc\u00e7\u00fcnc\u00fc taraflar\u0131n ki\u015fisel verilerinizin g\u00fcvenli\u011fini ve b\u00fct\u00fcnl\u00fc\u011f\u00fcn\u00fc korumak i\u00e7in uygun \u00f6nlemleri almas\u0131n\u0131 sa\u011flar\u0131z.<\/p>\n<p><strong>6.2.<\/strong> Anonimle\u015ftirilmi\u015f ve\/veya toplula\u015ft\u0131r\u0131lm\u0131\u015f verileri AEA d\u0131\u015f\u0131ndaki kurulu\u015flara aktarabiliriz. B\u00f6yle bir aktar\u0131m s\u00f6z konusu oldu\u011funda, verilerinizin g\u00fcvenli\u011fi ve b\u00fct\u00fcnl\u00fc\u011f\u00fc ile ki\u015fisel verilerinize ili\u015fkin haklar\u0131n\u0131z\u0131 korumak amac\u0131yla uygun koruma \u00f6nlemleri al\u0131nd\u0131\u011f\u0131ndan emin oluruz.<\/p>\n<p><strong>7. KAL\u0130TE G\u00dcVENCELER\u0130<\/strong><\/p>\n<p><strong>7.1.<\/strong> Yaln\u0131zca 3. maddede belirtilen ama\u00e7lara ula\u015fmak i\u00e7in gerekli olan ki\u015fisel verileri i\u015flemeye azami \u00f6zen g\u00f6steririz.<\/p>\n<p><strong>7.2.<\/strong> Ki\u015fisel verileriniz, yaln\u0131zca 3. maddede belirtilen ama\u00e7lar i\u00e7in gerekli oldu\u011fu s\u00fcrece veya onay\u0131n\u0131z\u0131 geri \u00e7ekene kadar i\u015flenecektir.<\/p>\n<p><strong>7.3.<\/strong> Ki\u015fisel verilerinizi yetkisiz eri\u015fime, h\u0131rs\u0131zl\u0131\u011fa, kayba, manip\u00fclasyona veya imhaya kar\u015f\u0131 korumak i\u00e7in uygun teknik ve organizasyonel \u00f6nlemler al\u0131r\u0131z. Personelimiz veya \u00fc\u00e7\u00fcnc\u00fc taraf veri i\u015fleyenlerimizin eri\u015fimi yaln\u0131zca \u201cbilinmesi gereken\u201d esas\u0131na g\u00f6re ger\u00e7ekle\u015fir ve gizlilik y\u00fck\u00fcml\u00fcl\u00fcklerine tabidir. Bununla birlikte g\u00fcvenli\u011fin bir \u00e7aba y\u00fck\u00fcml\u00fcl\u00fc\u011f\u00fc oldu\u011funu ve hi\u00e7bir zaman mutlak olarak garanti edilemeyece\u011fini l\u00fctfen dikkate al\u0131n\u0131z.<\/p>\n<p><strong>8. HAKLARINIZ<\/strong><\/p>\n<p><strong>8.1.<\/strong> Taraf\u0131m\u0131zca i\u015flenen t\u00fcm ki\u015fisel verilerinize eri\u015fim talep etme hakk\u0131na sahipsiniz.<\/p>\n<p><strong>8.2.<\/strong> Sizi ilgilendiren yanl\u0131\u015f ki\u015fisel verilerin d\u00fczeltilmesini talep etme hakk\u0131na sahipsiniz.<\/p>\n<p><strong>8.3.<\/strong> Ki\u015fisel verilerinizin i\u015flenmesine daha \u00f6nce verdi\u011finiz onay\u0131 geri \u00e7ekme hakk\u0131na sahipsiniz.<\/p>\n<p><strong>8.4.<\/strong> Sizi ilgilendiren ki\u015fisel verilerin silinmesini talep etme hakk\u0131na sahipsiniz; ancak b\u00f6yle bir silmeyi engelleyen zorunlu me\u015fru menfaatlerin bulunmas\u0131 h\u00e2li sakl\u0131d\u0131r.<\/p>\n<p><strong>8.5.<\/strong> Belirli durumlarda ki\u015fisel verilerinizin i\u015flenmesine itiraz etme hakk\u0131na sahipsiniz.<\/p>\n<p><strong>8.6.<\/strong> Bize sa\u011flam\u0131\u015f oldu\u011funuz t\u00fcm ki\u015fisel verileri, yap\u0131land\u0131r\u0131lm\u0131\u015f, yayg\u0131n olarak kullan\u0131lan ve makine taraf\u0131ndan okunabilir bir formatta alma hakk\u0131na sahipsiniz.<\/p>\n<p>Bu haklardan herhangi birini kullanmak isterseniz, info@praktijkyazici.nl<br \/>\n adresine e-posta g\u00f6nderebilirsiniz.<\/p>\n<\/div><\/div><\/div><\/div><\/div>\n","protected":false},"excerpt":{"rendered":"","protected":false},"author":1,"featured_media":0,"parent":0,"menu_order":0,"comment_status":"closed","ping_status":"closed","template":"","meta":{"footnotes":""},"class_list":["post-3422","page","type-page","status-publish","hentry"],"yoast_head":"<!-- This site is optimized with the Yoast SEO plugin v25.7 - https:\/\/yoast.com\/wordpress\/plugins\/seo\/ -->\n<title>\u00c7erez Politikas\u0131 - Gulsen Yazici<\/title>\n<meta name=\"robots\" content=\"index, follow, max-snippet:-1, max-image-preview:large, max-video-preview:-1\" \/>\n<link rel=\"canonical\" href=\"https:\/\/praktijkyazici.nl\/tr\/cerez-politikasi\/\" \/>\n<meta property=\"og:locale\" content=\"tr_TR\" \/>\n<meta property=\"og:type\" content=\"article\" \/>\n<meta property=\"og:title\" content=\"\u00c7erez Politikas\u0131 - Gulsen Yazici\" \/>\n<meta property=\"og:url\" content=\"https:\/\/praktijkyazici.nl\/tr\/cerez-politikasi\/\" \/>\n<meta property=\"og:site_name\" content=\"Gulsen Yazici\" \/>\n<meta property=\"article:modified_time\" content=\"2025-08-22T14:19:39+00:00\" \/>\n<meta name=\"twitter:card\" content=\"summary_large_image\" \/>\n<meta name=\"twitter:label1\" content=\"Tahmini okuma s\u00fcresi\" \/>\n\t<meta name=\"twitter:data1\" content=\"7 dakika\" \/>\n<script type=\"application\/ld+json\" class=\"yoast-schema-graph\">{\"@context\":\"https:\/\/schema.org\",\"@graph\":[{\"@type\":\"WebPage\",\"@id\":\"https:\/\/praktijkyazici.nl\/tr\/cerez-politikasi\/\",\"url\":\"https:\/\/praktijkyazici.nl\/tr\/cerez-politikasi\/\",\"name\":\"\u00c7erez Politikas\u0131 - Gulsen Yazici\",\"isPartOf\":{\"@id\":\"https:\/\/praktijkyazici.nl\/tr\/#website\"},\"datePublished\":\"2023-12-11T12:17:01+00:00\",\"dateModified\":\"2025-08-22T14:19:39+00:00\",\"breadcrumb\":{\"@id\":\"https:\/\/praktijkyazici.nl\/tr\/cerez-politikasi\/#breadcrumb\"},\"inLanguage\":\"tr\",\"potentialAction\":[{\"@type\":\"ReadAction\",\"target\":[\"https:\/\/praktijkyazici.nl\/tr\/cerez-politikasi\/\"]}]},{\"@type\":\"BreadcrumbList\",\"@id\":\"https:\/\/praktijkyazici.nl\/tr\/cerez-politikasi\/#breadcrumb\",\"itemListElement\":[{\"@type\":\"ListItem\",\"position\":1,\"name\":\"Home\",\"item\":\"https:\/\/praktijkyazici.nl\/tr\/\"},{\"@type\":\"ListItem\",\"position\":2,\"name\":\"\u00c7erez Politikas\u0131\"}]},{\"@type\":\"WebSite\",\"@id\":\"https:\/\/praktijkyazici.nl\/tr\/#website\",\"url\":\"https:\/\/praktijkyazici.nl\/tr\/\",\"name\":\"Praktijk Yazici\",\"description\":\"Systeemtherapie, Gezinstherapie, Relatie- en Individuele therapie\",\"alternateName\":\"Systeemtherapie, Gezinstherapie, Relatie- en Individuele therapie\",\"potentialAction\":[{\"@type\":\"SearchAction\",\"target\":{\"@type\":\"EntryPoint\",\"urlTemplate\":\"https:\/\/praktijkyazici.nl\/tr\/?s={search_term_string}\"},\"query-input\":{\"@type\":\"PropertyValueSpecification\",\"valueRequired\":true,\"valueName\":\"search_term_string\"}}],\"inLanguage\":\"tr\"}]}<\/script>\n<!-- \/ Yoast SEO plugin. -->","yoast_head_json":{"title":"\u00c7erez Politikas\u0131 - Gulsen Yazici","robots":{"index":"index","follow":"follow","max-snippet":"max-snippet:-1","max-image-preview":"max-image-preview:large","max-video-preview":"max-video-preview:-1"},"canonical":"https:\/\/praktijkyazici.nl\/tr\/cerez-politikasi\/","og_locale":"tr_TR","og_type":"article","og_title":"\u00c7erez Politikas\u0131 - Gulsen Yazici","og_url":"https:\/\/praktijkyazici.nl\/tr\/cerez-politikasi\/","og_site_name":"Gulsen Yazici","article_modified_time":"2025-08-22T14:19:39+00:00","twitter_card":"summary_large_image","twitter_misc":{"Tahmini okuma s\u00fcresi":"7 dakika"},"schema":{"@context":"https:\/\/schema.org","@graph":[{"@type":"WebPage","@id":"https:\/\/praktijkyazici.nl\/tr\/cerez-politikasi\/","url":"https:\/\/praktijkyazici.nl\/tr\/cerez-politikasi\/","name":"\u00c7erez Politikas\u0131 - Gulsen Yazici","isPartOf":{"@id":"https:\/\/praktijkyazici.nl\/tr\/#website"},"datePublished":"2023-12-11T12:17:01+00:00","dateModified":"2025-08-22T14:19:39+00:00","breadcrumb":{"@id":"https:\/\/praktijkyazici.nl\/tr\/cerez-politikasi\/#breadcrumb"},"inLanguage":"tr","potentialAction":[{"@type":"ReadAction","target":["https:\/\/praktijkyazici.nl\/tr\/cerez-politikasi\/"]}]},{"@type":"BreadcrumbList","@id":"https:\/\/praktijkyazici.nl\/tr\/cerez-politikasi\/#breadcrumb","itemListElement":[{"@type":"ListItem","position":1,"name":"Home","item":"https:\/\/praktijkyazici.nl\/tr\/"},{"@type":"ListItem","position":2,"name":"\u00c7erez Politikas\u0131"}]},{"@type":"WebSite","@id":"https:\/\/praktijkyazici.nl\/tr\/#website","url":"https:\/\/praktijkyazici.nl\/tr\/","name":"Praktijk Yazici","description":"Systeemtherapie, Gezinstherapie, Relatie- en Individuele therapie","alternateName":"Systeemtherapie, Gezinstherapie, Relatie- en Individuele therapie","potentialAction":[{"@type":"SearchAction","target":{"@type":"EntryPoint","urlTemplate":"https:\/\/praktijkyazici.nl\/tr\/?s={search_term_string}"},"query-input":{"@type":"PropertyValueSpecification","valueRequired":true,"valueName":"search_term_string"}}],"inLanguage":"tr"}]}},"_links":{"self":[{"href":"https:\/\/praktijkyazici.nl\/tr\/wp-json\/wp\/v2\/pages\/3422","targetHints":{"allow":["GET"]}}],"collection":[{"href":"https:\/\/praktijkyazici.nl\/tr\/wp-json\/wp\/v2\/pages"}],"about":[{"href":"https:\/\/praktijkyazici.nl\/tr\/wp-json\/wp\/v2\/types\/page"}],"author":[{"embeddable":true,"href":"https:\/\/praktijkyazici.nl\/tr\/wp-json\/wp\/v2\/users\/1"}],"replies":[{"embeddable":true,"href":"https:\/\/praktijkyazici.nl\/tr\/wp-json\/wp\/v2\/comments?post=3422"}],"version-history":[{"count":4,"href":"https:\/\/praktijkyazici.nl\/tr\/wp-json\/wp\/v2\/pages\/3422\/revisions"}],"predecessor-version":[{"id":3428,"href":"https:\/\/praktijkyazici.nl\/tr\/wp-json\/wp\/v2\/pages\/3422\/revisions\/3428"}],"wp:attachment":[{"href":"https:\/\/praktijkyazici.nl\/tr\/wp-json\/wp\/v2\/media?parent=3422"}],"curies":[{"name":"wp","href":"https:\/\/api.w.org\/{rel}","templated":true}]}}