{"id":3433,"date":"2023-12-11T13:05:40","date_gmt":"2023-12-11T12:05:40","guid":{"rendered":"https:\/\/praktijkyazici.nl\/?page_id=3433"},"modified":"2025-08-23T12:08:10","modified_gmt":"2025-08-23T11:08:10","slug":"gizlilik-bildirimi","status":"publish","type":"page","link":"https:\/\/praktijkyazici.nl\/tr\/gizlilik-bildirimi\/","title":{"rendered":"Gizlilik Bildirimi"},"content":{"rendered":"<div class=\"fusion-fullwidth fullwidth-box fusion-builder-row-1 fusion-flex-container has-pattern-background has-mask-background nonhundred-percent-fullwidth non-hundred-percent-height-scrolling\" style=\"--awb-border-radius-top-left:0px;--awb-border-radius-top-right:0px;--awb-border-radius-bottom-right:0px;--awb-border-radius-bottom-left:0px;\" ><div class=\"fusion-builder-row fusion-row fusion-flex-align-items-flex-start\" style=\"max-width:1365px;margin-left: calc(-5% \/ 2 );margin-right: calc(-5% \/ 2 );\"><div class=\"fusion-layout-column fusion_builder_column fusion-builder-column-0 fusion_builder_column_1_1 1_1 fusion-flex-column\" style=\"--awb-bg-size:cover;--awb-width-large:100%;--awb-margin-top-large:0px;--awb-spacing-right-large:2.375%;--awb-margin-bottom-large:20px;--awb-spacing-left-large:2.375%;--awb-width-medium:100%;--awb-order-medium:0;--awb-spacing-right-medium:2.375%;--awb-spacing-left-medium:2.375%;--awb-width-small:100%;--awb-order-small:0;--awb-spacing-right-small:2.375%;--awb-spacing-left-small:2.375%;\"><div class=\"fusion-column-wrapper fusion-column-has-shadow fusion-flex-justify-content-flex-start fusion-content-layout-column\"><div class=\"fusion-text fusion-text-1\"><h1>Gizlilik Bildirimi<\/h1>\n<h3>Praktijk Yazici: sistem terapisi, bireysel, ili\u015fki ve aile terapisi ile Brainspotting.<\/h3>\n<p>Bu gizlilik bildirimi herhangi bir zamanda de\u011fi\u015ftirilebilir. G\u00fcncel s\u00fcr\u00fcm\u00fc her zaman bu sayfada bulabilirsiniz. Bu gizlilik bildirimi 11-12-2023 tarihinde haz\u0131rlanm\u0131\u015ft\u0131r.<\/p>\n<p>Praktijk Yazici, ki\u015fisel verilerinizin korunmas\u0131na b\u00fcy\u00fck \u00f6nem verir. Bu gizlilik politikas\u0131nda, Praktijk Yazici\u2019nin ki\u015fisel verileri nas\u0131l i\u015fledi\u011fine dair a\u00e7\u0131k ve \u015feffaf bilgi vermek istiyoruz. Bu gizlilik bildirimi <strong>www.praktijkyazici.nl<\/strong> web sayfas\u0131 i\u00e7in ge\u00e7erlidir. Bu gizlilik bildirimi, ba\u011flant\u0131lar arac\u0131l\u0131\u011f\u0131yla eri\u015filebilen \u00fc\u00e7\u00fcnc\u00fc taraf internet siteleri i\u00e7in ge\u00e7erli de\u011fildir.<\/p>\n<p>Praktijk Yazici, mahremiyetinizi korumak i\u00e7in elinden geleni yapar ve bu nedenle ki\u015fisel verileri dikkatle i\u015fler. Her durumda y\u00fcr\u00fcrl\u00fckteki yasa ve y\u00f6netmeliklere, \u00f6zellikle de <strong>Genel Veri Koruma T\u00fcz\u00fc\u011f\u00fc\u2019ne (AVG\/GDPR)<\/strong> uyar\u0131z.<\/p>\n<p>Bu, terapistin ki\u015fisel verilere ili\u015fkin en az\u0131ndan a\u015fa\u011f\u0131dakileri yapt\u0131\u011f\u0131 anlam\u0131na gelir:<\/p>\n<ul>\n<li>Ki\u015fisel verilerinizi, verildi\u011fi ama\u00e7larla uyumlu \u015fekilde i\u015fler. Bu ama\u00e7lar ve i\u015flenen veri t\u00fcrleri bu gizlilik bildiriminde a\u00e7\u0131klanm\u0131\u015ft\u0131r.<\/li>\n<li>Ki\u015fisel verilerinizin i\u015flenmesini, ama\u00e7lar i\u00e7in gerekli olan asgari verilerle s\u0131n\u0131rlar.<\/li>\n<li>Ki\u015fisel verilerinizin i\u015flenmesi i\u00e7in gerekli oldu\u011funda sizden <strong>a\u00e7\u0131k r\u0131za<\/strong> talep eder.<\/li>\n<li>Ki\u015fisel verilerinizin g\u00fcvenli\u011fini sa\u011flamak i\u00e7in uygun teknik ve\/veya organizasyonel \u00f6nlemleri al\u0131r.<\/li>\n<li>Ki\u015fisel verileri, verildi\u011fi ama\u00e7lar\u0131n yerine getirilmesi i\u00e7in gerekli olmad\u0131k\u00e7a di\u011fer taraflara aktarmaz.<\/li>\n<li>Ki\u015fisel verilerinize ili\u015fkin haklar\u0131n\u0131z konusunda sizi bilgilidir, sizi bu haklar\u0131n\u0131z hakk\u0131nda bilgilendirir ve bu haklara sayg\u0131 duyar.<\/li>\n<\/ul>\n<h3>Mesleki gizlilik<\/h3>\n<p>Praktijk Yazici olarak, yaln\u0131zca yasal bir zorunluluk oldu\u011fu i\u00e7in de\u011fil, ayn\u0131 zamanda g\u00fcven ili\u015fkisini korumak i\u00e7in de mahremiyetinizi korumaya b\u00fcy\u00fck \u00f6nem veririz. G\u00fcvenin olmad\u0131\u011f\u0131 bir durumda, etkili bir yard\u0131m ili\u015fkisi s\u00fcrd\u00fcr\u00fclemez. Praktijk Yazici, <a href=\"http:\/\/www.nvagt-gestalt.org\/afbeeldingen\/2017-03-25_Ethische_code_NVAGT.pdf\" target=\"_blank\" rel=\"noopener\">NVAGT\u2019nin etik koduna<\/a> ba\u011fl\u0131d\u0131r. Ayr\u0131ca Praktijk Yazici, WGBO y\u00f6nergelerini esas al\u0131r. Disiplin hukukuna tabi bir denetim \u00e7er\u00e7evesi vard\u0131r. Terapistin, mesle\u011fini icra ederken sizden \u00f6\u011frendi\u011fi her \u015fey i\u00e7in gizlilik y\u00fck\u00fcml\u00fcl\u00fc\u011f\u00fc ge\u00e7erlidir. Kural olarak, terapist ba\u015fkalar\u0131yla ancak sizin izninizle bilgi payla\u015fabilir.<\/p>\n<h3>Praktijk Yazici ki\u015fisel verileri hangi ama\u00e7larla i\u015fler?<\/h3>\n<p>Ki\u015fisel verileriniz terapist taraf\u0131ndan a\u015fa\u011f\u0131daki ama\u00e7larla i\u015flenir:<\/p>\n<ul>\n<li>Psikoterap\u00f6tik tedavinin uygun \u015fekilde y\u00fcr\u00fct\u00fclmesi<\/li>\n<li>Ba\u015fvuru\/kay\u0131t i\u015flemleri<\/li>\n<li>Tedavi s\u00f6zle\u015fmesi ve tedavi plan\u0131n\u0131n haz\u0131rlanmas\u0131<\/li>\n<li>Faturalama ve \u00f6deme bilgileri<\/li>\n<li>Flipchart \u00fczerinde sistem de\u011ferlendirmesi (genogram \/ ekogram) haz\u0131rlanmas\u0131<\/li>\n<li>Web sitesinin analiz edilmesi, bak\u0131m\u0131, g\u00fcvenli\u011fi ve optimize edilmesi<\/li>\n<li>E-posta i\u00e7eriklerinin i\u015flenmesi<\/li>\n<\/ul>\n<p>Terapistler; bak\u0131m\u0131n s\u00fcreklili\u011fini sa\u011flamak, hesap verebilirlik ve denetimi m\u00fcmk\u00fcn k\u0131lmak amac\u0131yla, dan\u0131\u015fan (hasta) i\u00e7in bir hasta dosyas\u0131 olu\u015fturmakla y\u00fck\u00fcml\u00fcd\u00fcr. Yaln\u0131zca gerekli bilgiler saklan\u0131r. Dosyada ki\u015fisel \u201c\u00e7al\u0131\u015fma notlar\u0131\u201d ancak haf\u0131zay\u0131 destekleyici nitelikte olduklar\u0131 s\u00fcrece tutulabilir; terapi a\u00e7\u0131s\u0131ndan \u00f6nemli say\u0131labilecek g\u00f6r\u00fc\u015fme notlar\u0131, (dan\u0131\u015fma plan\u0131ndaki de\u011fi\u015fiklikler gibi) esasl\u0131 bilgiler bu kapsama al\u0131namaz.<\/p>\n<p>Yukar\u0131daki ama\u00e7lar do\u011frultusunda terapist sizden ve (aile) sisteminizden a\u015fa\u011f\u0131daki ki\u015fisel verileri talep edebilir:<\/p>\n<h3>Veriler:<\/h3>\n<p>Ad(lar)\/ ba\u015f harfler\/ tussenvoegsel (varsa)\/ Adres\/ Posta kodu\/ \u015eehir\/ \u0130l veya b\u00f6lge\/ \u00dclke\/ \u0130kamet yeri\/ Telefon numaras\u0131\/ E-posta adresi\/ Cinsiyet\/ Do\u011fum tarihi\/ Do\u011fum yeri\/ Medeni h\u00e2l.<br \/>Tedavi s\u00fcrecinde, gerekli ve ilgili olmas\u0131 h\u00e2linde \u00f6zel nitelikli ki\u015fisel veriler de sorulabilir; \u00f6rne\u011fin etnik k\u00f6ken\/ siyasi ve dini g\u00f6r\u00fc\u015fler\/ sa\u011fl\u0131k verileri\/ cinsel y\u00f6nelim\/ ceza hukuku verileri.<\/p>\n<h3>Web sitesi:<\/h3>\n<p><strong>www.praktijkyazici.nl<\/strong> web sitesi, Google Analytics istatistik program\u0131n\u0131 kullan\u0131r. \u0130statistikler, en \u00e7ok ziyaret edilen sayfalar gibi ziyaret\u00e7ilere ili\u015fkin anlaml\u0131 bilgiler sa\u011flar. Bu bilgiler anonimle\u015ftirilmi\u015f \u015fekilde i\u015flenir. Ama\u00e7; web sitesinin d\u00fczenini optimize etmek veya daha hedefli bilgiler sunmakt\u0131r. Google Analytics\u2019ten ki\u015fisel bilgi toplanmaz. Google Analytics\u2019in gizlilik politikas\u0131na ili\u015fkin daha fazla bilgi i\u00e7in bkz. \u201cSafeguarding your data\u201d: <a href=\"https:\/\/support.google.com\/analytics\/answer\/6004245?hl=en\" target=\"_blank\" rel=\"noopener\">https:\/\/support.google.com\/analytics\/answer\/6004245?hl=en<\/a><\/p>\n<h3>\u00dc\u00e7\u00fcnc\u00fc taraflara aktar\u0131m<\/h3>\n<p>Terapiste verdi\u011finiz veriler, yukar\u0131da a\u00e7\u0131klanan ama\u00e7lar\u0131n yerine getirilmesi i\u00e7in gerekli olmas\u0131 h\u00e2linde \u00fc\u00e7\u00fcnc\u00fc taraflara aktar\u0131labilir.<\/p>\n<p>Terapist, bir veri i\u015fleme s\u00f6zle\u015fmesi imzalanmam\u0131\u015f taraflara ki\u015fisel verileri asla aktarmaz. Praktijk Yazici, bu (veri i\u015fleyen) taraflarla ki\u015fisel verilerinizin g\u00fcvenli\u011fini sa\u011flamak \u00fczere gerekli anla\u015fmalar\u0131 yapar.<\/p>\n<h3>Hasta dosyas\u0131<\/h3>\n<p>Terapist, sizin verdi\u011finiz bilgileri; yasal olarak zorunlu ve izin verilmi\u015f olmad\u0131k\u00e7a \u00fc\u00e7\u00fcnc\u00fc taraflarla payla\u015fmaz. Ayr\u0131ca, sizin yaz\u0131l\u0131 onay\u0131n\u0131z bulunmas\u0131 h\u00e2linde ki\u015fisel verileri \u00fc\u00e7\u00fcnc\u00fc ki\u015filerle payla\u015fabiliriz.<\/p>\n<p>Terapist, zorunlu h\u00e2llerde (\u00f6rne\u011fin aile i\u00e7i \u015fiddet ve \u00e7ocuk istismar\u0131 gibi \u201cy\u00fck\u00fcml\u00fcl\u00fck \u00e7at\u0131\u015fmas\u0131\u201d durumlar\u0131nda) gizlili\u011fi bozabilir.<\/p>\n<p>Terapist, AB d\u0131\u015f\u0131nda yerle\u015fik taraflara ki\u015fisel veri aktarmaz.<\/p>\n<h3>Re\u015fit olmayanlar<\/h3>\n<p>Terapist, re\u015fit olmayanlar\u0131n (16 ya\u015f\u0131ndan k\u00fc\u00e7\u00fckler) ki\u015fisel verilerini yaln\u0131zca ebeveynin, vasinin veya yasal temsilcinin <strong>yaz\u0131l\u0131 onay\u0131<\/strong> ile i\u015fler.<\/p>\n<h3>Saklama s\u00fcresi<\/h3>\n<p>Terapist, ki\u015fisel verileri; verildi\u011fi ama\u00e7 i\u00e7in gerekli olandan daha uzun s\u00fcre veya kanunen zorunlu s\u00fcreden daha fazla saklamaz. Ki\u015fisel kay\u0131tlar\u0131n (k\u00e2\u011f\u0131t ve dijital dan\u0131\u015fan dosyas\u0131) saklama s\u00fcresi, kural olarak, dan\u0131\u015fan\u0131n 18 ya\u015f\u0131na eri\u015fmesinden itibaren 15 y\u0131ld\u0131r. Bu s\u00fcre; verilerin olu\u015fturuldu\u011fu andan veya bak\u0131mdan makul olarak kaynaklanan daha uzun s\u00fcreden itibaren hesaplan\u0131r.<\/p>\n<h3>G\u00fcvenlik<\/h3>\n<p>Terapist, ki\u015fisel verilerinizi hukuka ayk\u0131r\u0131 i\u015flemeye kar\u015f\u0131 korumak i\u00e7in uygun teknik ve organizasyonel \u00f6nlemleri al\u0131r; Praktijk Yazici taraf\u0131ndan al\u0131nan \u00f6nlemlerden baz\u0131lar\u0131 \u015funlard\u0131r:<\/p>\n<ul>\n<li>Norton Antivirus aboneli\u011fi<\/li>\n<li>Yaz\u0131l\u0131m ve i\u015fletim sisteminin otomatik g\u00fcncellenmesi<\/li>\n<li>Web sitesi i\u00e7in SSL sertifikas\u0131<\/li>\n<li>S\u00fcpervizyon ve intervizyon s\u0131ras\u0131nda ki\u015fisel verileriniz anonimle\u015ftirilir.<\/li>\n<li>E-posta: E-postalar yan\u0131tlan\u0131rken azami \u00f6zen g\u00f6sterilir. Soruyu ileten ki\u015fiden gelen bilgiler her zaman gizlidir ve bu \u015fekilde muamele g\u00f6r\u00fcr.<\/li>\n<\/ul>\n<h3>Verilerinize ili\u015fkin haklar<\/h3>\n<p>Terapistin elindeki ki\u015fisel verilerinize ili\u015fkin <strong>eri\u015fim<\/strong>, <strong>d\u00fczeltme<\/strong> veya <strong>silme<\/strong> hakk\u0131na sahipsiniz. Ayr\u0131ca, ki\u015fisel verilerinizin terapist veya onun veri i\u015fleyenleri taraf\u0131ndan (k\u0131smen de olsa) i\u015flenmesine <strong>itiraz<\/strong> etme hakk\u0131n\u0131z vard\u0131r. Bunun yan\u0131nda, sa\u011flam\u0131\u015f oldu\u011funuz verilerin; talebiniz \u00fczerine <strong>size<\/strong> veya do\u011frudan ba\u015fka bir tarafa <strong>aktar\u0131lmas\u0131n\u0131<\/strong> isteme hakk\u0131na sahipsiniz. Terapist, bu talepleri yerine getirmeden \u00f6nce makul olarak kimli\u011finizi do\u011frulaman\u0131z\u0131 isteyebilir.<\/p>\n<p>Talep etmeniz h\u00e2linde dosyay\u0131 inceleyebilirsiniz. \u00dccret kar\u015f\u0131l\u0131\u011f\u0131nda \u00f6zet bir n\u00fcsha alabilirsiniz. Dosya, yard\u0131m hizmetleri i\u00e7in tutulur ve ilgili ki\u015filerin (siz dan\u0131\u015fan, terapist ve varsa \u00fc\u00e7\u00fcnc\u00fc ki\u015filer) a\u00e7\u0131k izni olmaks\u0131z\u0131n ba\u015fka bir ama\u00e7la (yard\u0131m ili\u015fkisi d\u0131\u015f\u0131) kullan\u0131lamaz.<\/p>\n<p>Terapist taraf\u0131ndan bir gizlilik s\u00f6zle\u015fmesi haz\u0131rlan\u0131r ve terapiye d\u00e2hil olan herkes taraf\u0131ndan imzalan\u0131r.<\/p>\n<p><strong>Bo\u015fanm\u0131\u015f ebeveynlerin \u00e7ocuklar\u0131:<\/strong> \u00c7ocuklar\u0131n ve bo\u015fanm\u0131\u015f ebeveynlerinin mahremiyetine ve ebeveynlerin, \u00e7ocuklar\u0131n\u0131n bir yard\u0131m kurulu\u015funa kayd\u0131 hakk\u0131nda bilgilendirilme hakk\u0131na ili\u015fkin yasal d\u00fczenlemeler vard\u0131r. Terapist, mevzuattaki bu ilke ve d\u00fczenlemelere g\u00f6re hareket eder. \u00c7ocu\u011fun yarar\u0131 her zaman \u00f6nceliklidir.<\/p>\n<p>18 ya\u015f\u0131na kadar \u00e7ocuk \u00fczerinde ebeveynler kanunen velayet sahibidir. \u00c7ocuk ve gen\u00e7lik hukukunda, 12 ya\u015f\u0131ndan itibaren \u00e7ocu\u011fun g\u00f6r\u00fc\u015f\u00fcn\u00fcn \u00f6nemli \u00f6l\u00e7\u00fcde dikkate al\u0131nmas\u0131 iyi bir uygulamad\u0131r.<\/p>\n<p>Mahkeme taraf\u0131ndan ge\u00e7ici bir \u00f6nlem verildiyse veya bo\u015fanma sonras\u0131 her iki ebeveynin de \u00e7ocuk \u00fczerinde velayeti varsa, \u00e7ocu\u011fun kayd\u0131 i\u00e7in her iki ebeveynin de <strong>onay\u0131<\/strong> gerekir. Ayr\u0131ca her iki ebeveynin de, Gizlilik Y\u00f6netmeli\u011fi h\u00fck\u00fcmlerine uygun \u015fekilde, tedavi hakk\u0131nda bilgi alma, rapor ve dosyay\u0131 g\u00f6rme hakk\u0131 vard\u0131r.<\/p>\n<p>Vesayet sahibi olmayan bir ebeveyn varsa, \u00e7ocu\u011fun kayd\u0131 i\u00e7in bu ebeveynden onay al\u0131nmas\u0131 gerekmez. Bu ebeveynin dosyaya tam eri\u015fim hakk\u0131 yoktur; ancak \u00e7ocukla ilgili <strong>\u00f6nemli bilgileri<\/strong> alma hakk\u0131 vard\u0131r. Kanun (BW, madde 337B, kitap 1), velayet sahibi ebeveynin di\u011fer ebeveyne \u00f6nemli bilgileri iletmesi gerekti\u011fini d\u00fczenler. Bu m\u00fcmk\u00fcn de\u011filse, terapist; k\u0131sa bir raporla bu bilgiyi kendisi sa\u011flayabilir. Praktijk Yazici, bunu her zaman velayet sahibi ebeveynin bilgisi d\u00e2hilinde yapar.<\/p>\n<p>Bir ebeveynin, \u00e7ocu\u011fun de\u011ferlendirme veya tedavisine ne \u00f6l\u00e7\u00fcde d\u00e2hil edilece\u011fi, terapistin takdirindedir. Terapist her zaman \u00e7ocu\u011fun yarar\u0131n\u0131 \u00f6nceleyerek, i\u00e7erik a\u00e7\u0131s\u0131ndan ge\u00e7erli gerek\u00e7elere dayan\u0131r.<\/p>\n<h3>\u015eik\u00e2yetler<\/h3>\n<p>Ki\u015fisel verilerinizin i\u015flenmesine ili\u015fkin bir \u015fik\u00e2yetiniz varsa, l\u00fctfen Praktijk Yazici\u2019deki terapist ile ileti\u015fime ge\u00e7iniz. \u015eik\u00e2yetiniz tatmin edici \u015fekilde \u00e7\u00f6z\u00fcmlenmezse, Hollanda\u2019daki g\u00f6zetim otoritesi <strong>Autoriteit Persoonsgegevens<\/strong>\u2019e (Veri Koruma Otoritesi) \u015fik\u00e2yette bulunma hakk\u0131na sahipsiniz.<\/p>\n<p>Terapist, ki\u015fisel verilerinizin i\u015flenmesinden sorumludur. Bu gizlilik bildirimini okuduktan sonra veya genel olarak konuyla ilgili sorular\u0131n\u0131z varsa ya da terapist ile ileti\u015fime ge\u00e7mek isterseniz, a\u015fa\u011f\u0131daki ileti\u015fim bilgilerini kullanabilirsiniz:<\/p>\n<p><strong>PRAKTIJK YAZICI<\/strong><br \/>Van renesseweg 82<\/p>\n<p>5645 JT Eindhoven<br \/><a href=\"mailto:info@praktijkyazici.nl\">info@praktijkyazici.nl<\/a><br \/><a href=\"https:\/\/www.praktijkyazici.nl\" target=\"_blank\" rel=\"noopener\">www.praktijkyazici.nl<\/a><\/p>\n<\/div><\/div><\/div><\/div><\/div>\n","protected":false},"excerpt":{"rendered":"","protected":false},"author":1,"featured_media":0,"parent":0,"menu_order":0,"comment_status":"closed","ping_status":"closed","template":"","meta":{"footnotes":""},"class_list":["post-3433","page","type-page","status-publish","hentry"],"yoast_head":"<!-- This site is optimized with the Yoast SEO plugin v25.7 - https:\/\/yoast.com\/wordpress\/plugins\/seo\/ -->\n<title>Gizlilik Bildirimi - Gulsen Yazici<\/title>\n<meta name=\"robots\" content=\"index, follow, max-snippet:-1, max-image-preview:large, max-video-preview:-1\" \/>\n<link rel=\"canonical\" href=\"https:\/\/praktijkyazici.nl\/tr\/gizlilik-bildirimi\/\" \/>\n<meta property=\"og:locale\" content=\"tr_TR\" \/>\n<meta property=\"og:type\" content=\"article\" \/>\n<meta property=\"og:title\" content=\"Gizlilik Bildirimi - Gulsen Yazici\" \/>\n<meta property=\"og:url\" content=\"https:\/\/praktijkyazici.nl\/tr\/gizlilik-bildirimi\/\" \/>\n<meta property=\"og:site_name\" content=\"Gulsen Yazici\" \/>\n<meta property=\"article:modified_time\" content=\"2025-08-23T11:08:10+00:00\" \/>\n<meta name=\"twitter:card\" content=\"summary_large_image\" \/>\n<script type=\"application\/ld+json\" class=\"yoast-schema-graph\">{\"@context\":\"https:\/\/schema.org\",\"@graph\":[{\"@type\":\"WebPage\",\"@id\":\"https:\/\/praktijkyazici.nl\/tr\/gizlilik-bildirimi\/\",\"url\":\"https:\/\/praktijkyazici.nl\/tr\/gizlilik-bildirimi\/\",\"name\":\"Gizlilik Bildirimi - Gulsen Yazici\",\"isPartOf\":{\"@id\":\"https:\/\/praktijkyazici.nl\/tr\/#website\"},\"datePublished\":\"2023-12-11T12:05:40+00:00\",\"dateModified\":\"2025-08-23T11:08:10+00:00\",\"breadcrumb\":{\"@id\":\"https:\/\/praktijkyazici.nl\/tr\/gizlilik-bildirimi\/#breadcrumb\"},\"inLanguage\":\"tr\",\"potentialAction\":[{\"@type\":\"ReadAction\",\"target\":[\"https:\/\/praktijkyazici.nl\/tr\/gizlilik-bildirimi\/\"]}]},{\"@type\":\"BreadcrumbList\",\"@id\":\"https:\/\/praktijkyazici.nl\/tr\/gizlilik-bildirimi\/#breadcrumb\",\"itemListElement\":[{\"@type\":\"ListItem\",\"position\":1,\"name\":\"Home\",\"item\":\"https:\/\/praktijkyazici.nl\/tr\/\"},{\"@type\":\"ListItem\",\"position\":2,\"name\":\"Gizlilik Bildirimi\"}]},{\"@type\":\"WebSite\",\"@id\":\"https:\/\/praktijkyazici.nl\/tr\/#website\",\"url\":\"https:\/\/praktijkyazici.nl\/tr\/\",\"name\":\"Praktijk Yazici\",\"description\":\"Systeemtherapie, Gezinstherapie, Relatie- en Individuele therapie\",\"alternateName\":\"Systeemtherapie, Gezinstherapie, Relatie- en Individuele therapie\",\"potentialAction\":[{\"@type\":\"SearchAction\",\"target\":{\"@type\":\"EntryPoint\",\"urlTemplate\":\"https:\/\/praktijkyazici.nl\/tr\/?s={search_term_string}\"},\"query-input\":{\"@type\":\"PropertyValueSpecification\",\"valueRequired\":true,\"valueName\":\"search_term_string\"}}],\"inLanguage\":\"tr\"}]}<\/script>\n<!-- \/ Yoast SEO plugin. -->","yoast_head_json":{"title":"Gizlilik Bildirimi - Gulsen Yazici","robots":{"index":"index","follow":"follow","max-snippet":"max-snippet:-1","max-image-preview":"max-image-preview:large","max-video-preview":"max-video-preview:-1"},"canonical":"https:\/\/praktijkyazici.nl\/tr\/gizlilik-bildirimi\/","og_locale":"tr_TR","og_type":"article","og_title":"Gizlilik Bildirimi - Gulsen Yazici","og_url":"https:\/\/praktijkyazici.nl\/tr\/gizlilik-bildirimi\/","og_site_name":"Gulsen Yazici","article_modified_time":"2025-08-23T11:08:10+00:00","twitter_card":"summary_large_image","schema":{"@context":"https:\/\/schema.org","@graph":[{"@type":"WebPage","@id":"https:\/\/praktijkyazici.nl\/tr\/gizlilik-bildirimi\/","url":"https:\/\/praktijkyazici.nl\/tr\/gizlilik-bildirimi\/","name":"Gizlilik Bildirimi - Gulsen Yazici","isPartOf":{"@id":"https:\/\/praktijkyazici.nl\/tr\/#website"},"datePublished":"2023-12-11T12:05:40+00:00","dateModified":"2025-08-23T11:08:10+00:00","breadcrumb":{"@id":"https:\/\/praktijkyazici.nl\/tr\/gizlilik-bildirimi\/#breadcrumb"},"inLanguage":"tr","potentialAction":[{"@type":"ReadAction","target":["https:\/\/praktijkyazici.nl\/tr\/gizlilik-bildirimi\/"]}]},{"@type":"BreadcrumbList","@id":"https:\/\/praktijkyazici.nl\/tr\/gizlilik-bildirimi\/#breadcrumb","itemListElement":[{"@type":"ListItem","position":1,"name":"Home","item":"https:\/\/praktijkyazici.nl\/tr\/"},{"@type":"ListItem","position":2,"name":"Gizlilik Bildirimi"}]},{"@type":"WebSite","@id":"https:\/\/praktijkyazici.nl\/tr\/#website","url":"https:\/\/praktijkyazici.nl\/tr\/","name":"Praktijk Yazici","description":"Systeemtherapie, Gezinstherapie, Relatie- en Individuele therapie","alternateName":"Systeemtherapie, Gezinstherapie, Relatie- en Individuele therapie","potentialAction":[{"@type":"SearchAction","target":{"@type":"EntryPoint","urlTemplate":"https:\/\/praktijkyazici.nl\/tr\/?s={search_term_string}"},"query-input":{"@type":"PropertyValueSpecification","valueRequired":true,"valueName":"search_term_string"}}],"inLanguage":"tr"}]}},"_links":{"self":[{"href":"https:\/\/praktijkyazici.nl\/tr\/wp-json\/wp\/v2\/pages\/3433","targetHints":{"allow":["GET"]}}],"collection":[{"href":"https:\/\/praktijkyazici.nl\/tr\/wp-json\/wp\/v2\/pages"}],"about":[{"href":"https:\/\/praktijkyazici.nl\/tr\/wp-json\/wp\/v2\/types\/page"}],"author":[{"embeddable":true,"href":"https:\/\/praktijkyazici.nl\/tr\/wp-json\/wp\/v2\/users\/1"}],"replies":[{"embeddable":true,"href":"https:\/\/praktijkyazici.nl\/tr\/wp-json\/wp\/v2\/comments?post=3433"}],"version-history":[{"count":1,"href":"https:\/\/praktijkyazici.nl\/tr\/wp-json\/wp\/v2\/pages\/3433\/revisions"}],"predecessor-version":[{"id":3434,"href":"https:\/\/praktijkyazici.nl\/tr\/wp-json\/wp\/v2\/pages\/3433\/revisions\/3434"}],"wp:attachment":[{"href":"https:\/\/praktijkyazici.nl\/tr\/wp-json\/wp\/v2\/media?parent=3433"}],"curies":[{"name":"wp","href":"https:\/\/api.w.org\/{rel}","templated":true}]}}