{"id":3448,"date":"2025-08-21T12:02:32","date_gmt":"2025-08-21T11:02:32","guid":{"rendered":"https:\/\/praktijkyazici.nl\/?page_id=3448"},"modified":"2025-08-23T12:54:35","modified_gmt":"2025-08-23T11:54:35","slug":"isverenler-icin-takim-koclugu","status":"publish","type":"page","link":"https:\/\/praktijkyazici.nl\/tr\/isverenler-icin-takim-koclugu\/","title":{"rendered":"\u0130\u015fverenler i\u00e7in tak\u0131m ko\u00e7lu\u011fu"},"content":{"rendered":"<p><div class=\"fusion-fullwidth fullwidth-box fusion-builder-row-1 fusion-flex-container nonhundred-percent-fullwidth non-hundred-percent-height-scrolling\" style=\"--awb-border-radius-top-left:0px;--awb-border-radius-top-right:0px;--awb-border-radius-bottom-right:0px;--awb-border-radius-bottom-left:0px;--awb-padding-top:3%;--awb-padding-bottom:3%;\" ><div class=\"fusion-builder-row fusion-row fusion-flex-align-items-center\" style=\"max-width:1365px;margin-left: calc(-5% \/ 2 );margin-right: calc(-5% \/ 2 );\"><div class=\"fusion-layout-column fusion_builder_column fusion-builder-column-0 fusion_builder_column_1_2 1_2 fusion-flex-column fusion-flex-align-self-flex-start\" style=\"--awb-bg-size:cover;--awb-width-large:50%;--awb-margin-top-large:0px;--awb-spacing-right-large:4.75%;--awb-margin-bottom-large:20px;--awb-spacing-left-large:4.75%;--awb-width-medium:50%;--awb-order-medium:0;--awb-spacing-right-medium:4.75%;--awb-spacing-left-medium:4.75%;--awb-width-small:100%;--awb-order-small:0;--awb-spacing-right-small:2.375%;--awb-spacing-left-small:2.375%;\"><div class=\"fusion-column-wrapper fusion-column-has-shadow fusion-flex-justify-content-flex-start fusion-content-layout-column\"><div class=\"fusion-title title fusion-title-1 fusion-sep-none fusion-title-text fusion-title-size-two\" style=\"--awb-text-color:var(--awb-color5);\"><h2 class=\"title-heading-left\" style=\"margin:0;\">Tak\u0131m Ko\u00e7lu\u011fu<\/h2><\/div><div class=\"fusion-text fusion-text-1\" style=\"--awb-text-transform:none;\"><p><strong>\u0130\u015f ortam\u0131nda daha iyi i\u015f birli\u011fini geli\u015ftirmek i\u00e7in.<\/strong><\/p>\n<p>Tak\u0131m ko\u00e7lu\u011fu; ekiplerin birlikte daha etkili \u00e7al\u0131\u015fmas\u0131n\u0131, daha verimli ileti\u015fim kurmas\u0131n\u0131 ve ortak hedeflere ula\u015fmas\u0131n\u0131 ama\u00e7layan bir e\u015flik\/rehberlik yakla\u015f\u0131m\u0131d\u0131r. Yaln\u0131zca bireysel ekip \u00fcyelerine de\u011fil, \u00f6zellikle ekibin b\u00fct\u00fcn\u00fc i\u00e7indeki dinami\u011fe odaklan\u0131r. Bir tak\u0131m ko\u00e7u olarak; kal\u0131plar\u0131 g\u00f6r\u00fcn\u00fcr k\u0131lman\u0131za, t\u0131kan\u0131kl\u0131klar\u0131 konu\u015fulabilir h\u00e2le getirmenize ve ekipte g\u00fcveni, ba\u011fl\u0131l\u0131\u011f\u0131 ve sorumlulu\u011fu g\u00fc\u00e7lendirmenize yard\u0131mc\u0131 olurum.<\/p>\n<p>Sistem odakl\u0131 \u00e7al\u0131\u015fma bi\u00e7imim bu s\u00fcre\u00e7te olduk\u00e7a destekleyicidir. Her birey belli bir \u201csistem\u201dden gelir ve i\u015f ortam\u0131na kendi deneyimlerini (s\u0131rt \u00e7antas\u0131n\u0131) ta\u015f\u0131r. Tak\u0131m ko\u00e7lu\u011funda oda\u011f\u0131m, ekip \u00fcyeleri aras\u0131ndaki ger\u00e7ek temas ve bu temas s\u0131ras\u0131nda ortaya \u00e7\u0131kan etkile\u015fimdir. Bu alana dikkat verildi\u011finde <em>temas s\u0131n\u0131r\u0131nda<\/em> kar\u015f\u0131la\u015fma artar ve ekip \u00fcyeleri yeni se\u00e7imler yapabilir.<\/p>\n<\/div><\/div><\/div><div class=\"fusion-layout-column fusion_builder_column fusion-builder-column-1 fusion_builder_column_1_2 1_2 fusion-flex-column fusion-flex-align-self-flex-start\" style=\"--awb-bg-size:cover;--awb-width-large:50%;--awb-margin-top-large:0px;--awb-spacing-right-large:4.75%;--awb-margin-bottom-large:20px;--awb-spacing-left-large:4.75%;--awb-width-medium:50%;--awb-order-medium:0;--awb-spacing-right-medium:4.75%;--awb-spacing-left-medium:4.75%;--awb-width-small:100%;--awb-order-small:0;--awb-spacing-right-small:2.375%;--awb-spacing-left-small:2.375%;\"><div class=\"fusion-column-wrapper fusion-column-has-shadow fusion-flex-justify-content-flex-start fusion-content-layout-column\"><div class=\"fusion-title title fusion-title-2 fusion-sep-none fusion-title-text fusion-title-size-two\" style=\"--awb-text-color:var(--awb-color5);\"><h2 class=\"title-heading-left\" style=\"margin:0;\">Ne zaman tak\u0131m ko\u00e7lu\u011fu?<\/h2><\/div><div class=\"fusion-text fusion-text-2\"><p>Tak\u0131m ko\u00e7lu\u011fu, i\u015f birli\u011fi ve b\u00fcy\u00fcmeye yat\u0131r\u0131m yapmak isteyen her ekip i\u00e7in uygundur. \u00d6rne\u011fin:<\/p>\n<ul>\n<li><strong>T\u0131kanan ekipler:<\/strong> \u00c7at\u0131\u015fmalar, yanl\u0131\u015f anla\u015f\u0131lmalar veya kar\u015f\u0131l\u0131kl\u0131 g\u00fcven eksikli\u011fi nedeniyle ilerleyemeyen ekipler.<\/li>\n<li><strong>Yeni kurulan ekipler:<\/strong> \u0130\u015f birli\u011fi, rol da\u011f\u0131l\u0131m\u0131 ve ortak hedefler i\u00e7in sa\u011flam bir temel olu\u015fturmak isteyen ekipler.<\/li>\n<li><strong>De\u011fi\u015fim ya\u015fayan ekipler:<\/strong> Yeniden yap\u0131lanma, birle\u015fme ya da yeni \u00e7al\u0131\u015fma bi\u00e7imlerine (\u00f6z-y\u00f6netim, hibrit \u00e7al\u0131\u015fma vb.) ge\u00e7i\u015f d\u00f6nemindeki ekipler.<\/li>\n<li><strong>\u0130yi i\u015fleyen ve s\u0131\u00e7rama yapmak isteyen ekipler:<\/strong> \u201c\u0130yi\u201dden \u201cm\u00fckemmele\u201d ilerlemek isteyen ekipler.<\/li>\n<\/ul>\n<p>Y\u00f6netim ekibi, proje grubu veya operasyon ekibi fark etmeksizin\u2014tak\u0131m ko\u00e7lu\u011fu, her ekibin \u00f6zg\u00fcn ihtiya\u00e7 ve ba\u011flam\u0131na g\u00f6re uyarlan\u0131r.<\/p>\n<\/div><\/div><\/div><\/div><\/div><div class=\"fusion-fullwidth fullwidth-box fusion-builder-row-2 fusion-flex-container nonhundred-percent-fullwidth non-hundred-percent-height-scrolling\" style=\"--awb-border-radius-top-left:0px;--awb-border-radius-top-right:0px;--awb-border-radius-bottom-right:0px;--awb-border-radius-bottom-left:0px;--awb-padding-top:3%;--awb-padding-bottom:3%;--awb-padding-top-small:5%;--awb-padding-bottom-small:15%;--awb-background-color:var(--awb-color5);\" ><div class=\"fusion-builder-row fusion-row fusion-flex-align-items-center\" style=\"max-width:1365px;margin-left: calc(-5% \/ 2 );margin-right: calc(-5% \/ 2 );\"><div class=\"fusion-layout-column fusion_builder_column fusion-builder-column-2 fusion_builder_column_1_1 1_1 fusion-flex-column\" style=\"--awb-bg-size:cover;--awb-width-large:100%;--awb-margin-top-large:0px;--awb-spacing-right-large:2.375%;--awb-margin-bottom-large:20px;--awb-spacing-left-large:2.375%;--awb-width-medium:100%;--awb-order-medium:0;--awb-spacing-right-medium:2.375%;--awb-spacing-left-medium:2.375%;--awb-width-small:100%;--awb-order-small:0;--awb-spacing-right-small:2.375%;--awb-spacing-left-small:2.375%;\"><div class=\"fusion-column-wrapper fusion-column-has-shadow fusion-flex-justify-content-flex-start fusion-content-layout-column\"><div class=\"fusion-title title fusion-title-3 fusion-sep-none fusion-title-text fusion-title-size-two\" style=\"--awb-text-color:var(--awb-color1);\"><h2 class=\"title-heading-left\" style=\"margin:0;\">Tak\u0131m ko\u00e7lu\u011funun etkisi<\/h2><\/div><div class=\"fusion-text fusion-text-3\" style=\"--awb-text-transform:none;--awb-text-color:var(--awb-color1);\"><p>Hedefe y\u00f6nelik ko\u00e7lukla birlikte ileti\u015fimde a\u00e7\u0131kl\u0131k, kar\u015f\u0131l\u0131kl\u0131 g\u00fcven ve rol\/hedef netli\u011fi artar. Ekip \u00fcyeleri daha etkili birlikte \u00e7al\u0131\u015fmay\u0131 \u00f6\u011frenir; bu da daha iyi sonu\u00e7lara ve daha keyifli bir \u00e7al\u0131\u015fma iklimine yol a\u00e7ar. Tak\u0131m ko\u00e7lu\u011fu, \u00e7at\u0131\u015fmalar\u0131n konu\u015fulup \u00e7\u00f6z\u00fcmlenmesini kolayla\u015ft\u0131r\u0131r; ili\u015fkiler g\u00fc\u00e7lenir ve ekip bir b\u00fct\u00fcn olarak geli\u015fir.<\/p>\n<\/div><\/div><\/div><\/div><\/div><div class=\"fusion-fullwidth fullwidth-box fusion-builder-row-3 fusion-flex-container nonhundred-percent-fullwidth non-hundred-percent-height-scrolling\" style=\"--awb-background-position:right bottom;--awb-border-radius-top-left:0px;--awb-border-radius-top-right:0px;--awb-border-radius-bottom-right:0px;--awb-border-radius-bottom-left:0px;--awb-padding-top:80px;--awb-padding-bottom:80px;--awb-padding-top-small:0px;--awb-padding-right-small:15px;--awb-padding-left-small:15px;--awb-margin-top-small:0px;--awb-margin-bottom-small:0px;--awb-background-color:var(--awb-color2);\" ><div class=\"fusion-builder-row fusion-row fusion-flex-align-items-flex-start\" style=\"max-width:1365px;margin-left: calc(-5% \/ 2 );margin-right: calc(-5% \/ 2 );\"><div class=\"fusion-layout-column fusion_builder_column fusion-builder-column-3 fusion_builder_column_1_1 1_1 fusion-flex-column fusion-flex-align-self-flex-start\" style=\"--awb-padding-top:60px;--awb-padding-right:60px;--awb-padding-bottom:36px;--awb-padding-left:60px;--awb-padding-top-small:5%;--awb-padding-right-small:5%;--awb-padding-bottom-small:5%;--awb-padding-left-small:5%;--awb-overflow:hidden;--awb-bg-color:#ffffff;--awb-bg-color-hover:#ffffff;--awb-bg-size:cover;--awb-box-shadow:0px 45px 40px 0px rgba(0,44,91,0.3);;--awb-border-color:var(--awb-color4);--awb-border-style:solid;--awb-border-radius:10px 10px 0px 0px;--awb-width-large:100%;--awb-margin-top-large:-120px;--awb-spacing-right-large:2.375%;--awb-margin-bottom-large:20px;--awb-spacing-left-large:2.375%;--awb-width-medium:100%;--awb-order-medium:0;--awb-spacing-right-medium:2.375%;--awb-spacing-left-medium:2.375%;--awb-width-small:100%;--awb-order-small:0;--awb-margin-top-small:-60px;--awb-spacing-right-small:2.375%;--awb-spacing-left-small:2.375%;\" data-motion-effects=\"[{&quot;type&quot;:&quot;&quot;,&quot;scroll_type&quot;:&quot;transition&quot;,&quot;scroll_direction&quot;:&quot;up&quot;,&quot;transition_speed&quot;:&quot;1&quot;,&quot;fade_type&quot;:&quot;in&quot;,&quot;scale_type&quot;:&quot;up&quot;,&quot;initial_scale&quot;:&quot;1&quot;,&quot;max_scale&quot;:&quot;1.5&quot;,&quot;min_scale&quot;:&quot;0.5&quot;,&quot;initial_rotate&quot;:&quot;0&quot;,&quot;end_rotate&quot;:&quot;30&quot;,&quot;initial_blur&quot;:&quot;0&quot;,&quot;end_blur&quot;:&quot;3&quot;,&quot;start_element&quot;:&quot;top&quot;,&quot;start_viewport&quot;:&quot;bottom&quot;,&quot;end_element&quot;:&quot;bottom&quot;,&quot;end_viewport&quot;:&quot;top&quot;,&quot;mouse_effect&quot;:&quot;track&quot;,&quot;mouse_effect_direction&quot;:&quot;opposite&quot;,&quot;mouse_effect_speed&quot;:&quot;2&quot;,&quot;infinite_animation&quot;:&quot;float&quot;,&quot;infinite_animation_speed&quot;:&quot;2&quot;}]\" data-scroll-devices=\"small-visibility,medium-visibility,large-visibility\"><div class=\"fusion-column-wrapper fusion-column-has-shadow fusion-flex-justify-content-flex-start fusion-content-layout-column\"><div class=\"fusion-title title fusion-title-4 fusion-sep-none fusion-title-text fusion-title-size-two\"><h2 class=\"title-heading-left\" style=\"margin:0;\">Kimin i\u00e7in?<\/h2><\/div><div class=\"fusion-text fusion-text-4\"><ul>\n<li><strong>Daha iyi birlikte \u00e7al\u0131\u015fmak isteyen ekipler:<\/strong> Gerilimlerin veya zorlay\u0131c\u0131 ileti\u015fimin bulundu\u011fu durumlar.<\/li>\n<li><strong>Yeni bir araya gelen ekipler:<\/strong> H\u0131zla g\u00fcven in\u015fa etmek ve g\u00fc\u00e7l\u00fc bir temel atmak isteyen ekipler.<\/li>\n<li><strong>De\u011fi\u015fim s\u00fcrecindeki ekipler:<\/strong> Yeniden yap\u0131lanma, b\u00fcy\u00fcme ya da hedef de\u011fi\u015fimleri ya\u015fayan ekipler.<\/li>\n<li><strong>Ortak bir iddias\u0131 olan ekipler:<\/strong> Performans\u0131 art\u0131rmak ve daha etkili i\u015f birli\u011fi kurmak isteyen ekipler.<\/li>\n<li><strong>Ekibi olan y\u00f6neticiler:<\/strong> Tak\u0131m dinami\u011fini g\u00fc\u00e7lendirmede destek arayan liderler.<\/li>\n<\/ul>\n<p><em>K\u0131sacas\u0131:<\/em> kendini geli\u015ftirmek, daha etkili olmak ve daha keyifli i\u015f birli\u011fi kurmak isteyen her ekip i\u00e7in tak\u0131m ko\u00e7lu\u011fu uygundur.<\/p>\n<\/div><div class=\"fusion-title title fusion-title-5 fusion-sep-none fusion-title-text fusion-title-size-two\"><h2 class=\"title-heading-left\" style=\"margin:0;\">\u00c7al\u0131\u015fma y\u00f6ntemi<\/h2><\/div><div class=\"fusion-text fusion-text-5\" style=\"--awb-text-transform:none;\"><p>Web sitemizdeki <strong>\u00f6n g\u00f6r\u00fc\u015fme (intake) formu<\/strong> \u00fczerinden ileti\u015fime ge\u00e7ebilirsiniz. B\u00f6ylece ekibinizin neye ihtiya\u00e7 duydu\u011funa dair ilk resmi ediniyorum. Ard\u0131ndan hedefleri netle\u015ftirmek ve bu s\u00fcre\u00e7te ula\u015f\u0131lacak sonu\u00e7lar\u0131 konu\u015fmak i\u00e7in sizinle randevu planl\u0131yorum.<\/p>\n<\/div><div class=\"fusion-title title fusion-title-6 fusion-sep-none fusion-title-text fusion-title-size-two\"><h2 class=\"title-heading-left\" style=\"margin:0;\">\u00dccretler<\/h2><\/div><ul style=\"--awb-size:18px;--awb-item-padding-top:0px;--awb-item-padding-bottom:0px;--awb-iconcolor:var(--awb-color5);--awb-line-height:30.6px;--awb-icon-width:30.6px;--awb-icon-height:30.6px;--awb-icon-margin:12.6px;--awb-content-margin:43.2px;--awb-circlecolor:var(--awb-color1);--awb-circle-yes-font-size:15.84px;\" class=\"fusion-checklist fusion-checklist-1 type-icons\"><li class=\"fusion-li-item\" style=\"\"><span class=\"icon-wrapper circle-yes\"><i class=\"fusion-li-icon fa-angle-right fas\" aria-hidden=\"true\"><\/i><\/span><div class=\"fusion-li-item-content\">\n<p>Tak\u0131m ko\u00e7lu\u011funun maliyeti; ihtiyaca, seans say\u0131s\u0131na ve ekibin \u00f6zel taleplerine g\u00f6re de\u011fi\u015fir. Her s\u00fcre\u00e7 <strong>\u00f6zel olarak tasarland\u0131\u011f\u0131<\/strong> i\u00e7in, tan\u0131\u015fma g\u00f6r\u00fc\u015fmesi ve \u00f6n de\u011ferlendirme sonras\u0131nda size <strong>ki\u015fiye\/ekibe \u00f6zel bir teklif<\/strong> sunar\u0131m. B\u00f6ylece s\u00fcrecin kapsam\u0131n\u0131 ve beklentilerinizi en ba\u015ftan netle\u015ftirmi\u015f olursunuz. Tan\u0131\u015fma i\u00e7in \u00f6n kay\u0131t <strong>zorunlu de\u011fildir<\/strong>.<\/p>\n<\/div><\/li><\/ul><div class=\"fusion-title title fusion-title-7 fusion-sep-none fusion-title-text fusion-title-size-two\" style=\"--awb-margin-top:30px;\"><h2 class=\"title-heading-left\" style=\"margin:0;\">Merak m\u0131 ettiniz?<\/h2><\/div><div class=\"fusion-text fusion-text-6\"><p>Bir tan\u0131\u015fma g\u00f6r\u00fc\u015fmesi i\u00e7in randevu olu\u015fturabilirsiniz.<\/p>\n<p>Telefon veya e-posta ile ileti\u015fime ge\u00e7in:<br \/>\n<a href=\"mailto:info@praktijkyazici.nl\">info@praktijkyazici.nl<\/a> |<br \/>\n<a href=\"tel:+31616708037\">+31 (0)6 1670 80 37<\/a><\/p>\n<\/div><div ><a class=\"fusion-button button-flat button-xlarge button-custom fusion-button-default button-1 fusion-button-default-span fusion-button-default-type\" style=\"--button_accent_color:var(--awb-color1);--button_accent_hover_color:var(--awb-color1);--button_border_hover_color:var(--awb-color1);--button_gradient_top_color:var(--awb-color5);--button_gradient_bottom_color:var(--awb-color5);--button_gradient_top_color_hover:var(--awb-color5);--button_gradient_bottom_color_hover:var(--awb-color5);\" target=\"_self\" href=\"https:\/\/praktijkyazici.nl\/contact\/\"><span class=\"fusion-button-text\">Neem contact op<\/span><i class=\"icon-arrow-up-right button-icon-right\" aria-hidden=\"true\"><\/i><\/a><\/div><\/div><\/div><\/div><\/div><\/p>\n","protected":false},"excerpt":{"rendered":"","protected":false},"author":1,"featured_media":3373,"parent":0,"menu_order":0,"comment_status":"closed","ping_status":"closed","template":"100-width.php","meta":{"footnotes":""},"class_list":["post-3448","page","type-page","status-publish","has-post-thumbnail","hentry"],"yoast_head":"<!-- This site is optimized with the Yoast SEO plugin v25.7 - https:\/\/yoast.com\/wordpress\/plugins\/seo\/ -->\n<title>\u0130\u015fverenler i\u00e7in tak\u0131m ko\u00e7lu\u011fu - Gulsen Yazici<\/title>\n<meta name=\"robots\" content=\"index, follow, max-snippet:-1, max-image-preview:large, max-video-preview:-1\" \/>\n<link rel=\"canonical\" href=\"https:\/\/praktijkyazici.nl\/tr\/isverenler-icin-takim-koclugu\/\" \/>\n<meta property=\"og:locale\" content=\"tr_TR\" \/>\n<meta property=\"og:type\" content=\"article\" \/>\n<meta property=\"og:title\" content=\"\u0130\u015fverenler i\u00e7in tak\u0131m ko\u00e7lu\u011fu - Gulsen Yazici\" \/>\n<meta property=\"og:url\" content=\"https:\/\/praktijkyazici.nl\/tr\/isverenler-icin-takim-koclugu\/\" \/>\n<meta property=\"og:site_name\" content=\"Gulsen Yazici\" \/>\n<meta property=\"article:modified_time\" content=\"2025-08-23T11:54:35+00:00\" \/>\n<meta property=\"og:image\" content=\"https:\/\/praktijkyazici.nl\/wp-content\/uploads\/2025\/08\/Teamcoaching-voor-werkgevers-praktijk-yazici.webp\" \/>\n\t<meta property=\"og:image:width\" content=\"2000\" \/>\n\t<meta property=\"og:image:height\" content=\"1333\" \/>\n\t<meta property=\"og:image:type\" content=\"image\/webp\" \/>\n<meta name=\"twitter:card\" content=\"summary_large_image\" \/>\n<meta name=\"twitter:label1\" content=\"Tahmini okuma s\u00fcresi\" \/>\n\t<meta name=\"twitter:data1\" content=\"9 dakika\" \/>\n<script type=\"application\/ld+json\" class=\"yoast-schema-graph\">{\"@context\":\"https:\/\/schema.org\",\"@graph\":[{\"@type\":\"WebPage\",\"@id\":\"https:\/\/praktijkyazici.nl\/tr\/isverenler-icin-takim-koclugu\/\",\"url\":\"https:\/\/praktijkyazici.nl\/tr\/isverenler-icin-takim-koclugu\/\",\"name\":\"\u0130\u015fverenler i\u00e7in tak\u0131m ko\u00e7lu\u011fu - Gulsen Yazici\",\"isPartOf\":{\"@id\":\"https:\/\/praktijkyazici.nl\/tr\/#website\"},\"primaryImageOfPage\":{\"@id\":\"https:\/\/praktijkyazici.nl\/tr\/isverenler-icin-takim-koclugu\/#primaryimage\"},\"image\":{\"@id\":\"https:\/\/praktijkyazici.nl\/tr\/isverenler-icin-takim-koclugu\/#primaryimage\"},\"thumbnailUrl\":\"https:\/\/praktijkyazici.nl\/wp-content\/uploads\/2025\/08\/Teamcoaching-voor-werkgevers-praktijk-yazici.webp\",\"datePublished\":\"2025-08-21T11:02:32+00:00\",\"dateModified\":\"2025-08-23T11:54:35+00:00\",\"breadcrumb\":{\"@id\":\"https:\/\/praktijkyazici.nl\/tr\/isverenler-icin-takim-koclugu\/#breadcrumb\"},\"inLanguage\":\"tr\",\"potentialAction\":[{\"@type\":\"ReadAction\",\"target\":[\"https:\/\/praktijkyazici.nl\/tr\/isverenler-icin-takim-koclugu\/\"]}]},{\"@type\":\"ImageObject\",\"inLanguage\":\"tr\",\"@id\":\"https:\/\/praktijkyazici.nl\/tr\/isverenler-icin-takim-koclugu\/#primaryimage\",\"url\":\"https:\/\/praktijkyazici.nl\/wp-content\/uploads\/2025\/08\/Teamcoaching-voor-werkgevers-praktijk-yazici.webp\",\"contentUrl\":\"https:\/\/praktijkyazici.nl\/wp-content\/uploads\/2025\/08\/Teamcoaching-voor-werkgevers-praktijk-yazici.webp\",\"width\":2000,\"height\":1333},{\"@type\":\"BreadcrumbList\",\"@id\":\"https:\/\/praktijkyazici.nl\/tr\/isverenler-icin-takim-koclugu\/#breadcrumb\",\"itemListElement\":[{\"@type\":\"ListItem\",\"position\":1,\"name\":\"Home\",\"item\":\"https:\/\/praktijkyazici.nl\/tr\/\"},{\"@type\":\"ListItem\",\"position\":2,\"name\":\"\u0130\u015fverenler i\u00e7in tak\u0131m ko\u00e7lu\u011fu\"}]},{\"@type\":\"WebSite\",\"@id\":\"https:\/\/praktijkyazici.nl\/tr\/#website\",\"url\":\"https:\/\/praktijkyazici.nl\/tr\/\",\"name\":\"Praktijk Yazici\",\"description\":\"Systeemtherapie, Gezinstherapie, Relatie- en Individuele therapie\",\"alternateName\":\"Systeemtherapie, Gezinstherapie, Relatie- en Individuele therapie\",\"potentialAction\":[{\"@type\":\"SearchAction\",\"target\":{\"@type\":\"EntryPoint\",\"urlTemplate\":\"https:\/\/praktijkyazici.nl\/tr\/?s={search_term_string}\"},\"query-input\":{\"@type\":\"PropertyValueSpecification\",\"valueRequired\":true,\"valueName\":\"search_term_string\"}}],\"inLanguage\":\"tr\"}]}<\/script>\n<!-- \/ Yoast SEO plugin. -->","yoast_head_json":{"title":"\u0130\u015fverenler i\u00e7in tak\u0131m ko\u00e7lu\u011fu - Gulsen Yazici","robots":{"index":"index","follow":"follow","max-snippet":"max-snippet:-1","max-image-preview":"max-image-preview:large","max-video-preview":"max-video-preview:-1"},"canonical":"https:\/\/praktijkyazici.nl\/tr\/isverenler-icin-takim-koclugu\/","og_locale":"tr_TR","og_type":"article","og_title":"\u0130\u015fverenler i\u00e7in tak\u0131m ko\u00e7lu\u011fu - Gulsen Yazici","og_url":"https:\/\/praktijkyazici.nl\/tr\/isverenler-icin-takim-koclugu\/","og_site_name":"Gulsen Yazici","article_modified_time":"2025-08-23T11:54:35+00:00","og_image":[{"width":2000,"height":1333,"url":"https:\/\/praktijkyazici.nl\/wp-content\/uploads\/2025\/08\/Teamcoaching-voor-werkgevers-praktijk-yazici.webp","type":"image\/webp"}],"twitter_card":"summary_large_image","twitter_misc":{"Tahmini okuma s\u00fcresi":"9 dakika"},"schema":{"@context":"https:\/\/schema.org","@graph":[{"@type":"WebPage","@id":"https:\/\/praktijkyazici.nl\/tr\/isverenler-icin-takim-koclugu\/","url":"https:\/\/praktijkyazici.nl\/tr\/isverenler-icin-takim-koclugu\/","name":"\u0130\u015fverenler i\u00e7in tak\u0131m ko\u00e7lu\u011fu - Gulsen Yazici","isPartOf":{"@id":"https:\/\/praktijkyazici.nl\/tr\/#website"},"primaryImageOfPage":{"@id":"https:\/\/praktijkyazici.nl\/tr\/isverenler-icin-takim-koclugu\/#primaryimage"},"image":{"@id":"https:\/\/praktijkyazici.nl\/tr\/isverenler-icin-takim-koclugu\/#primaryimage"},"thumbnailUrl":"https:\/\/praktijkyazici.nl\/wp-content\/uploads\/2025\/08\/Teamcoaching-voor-werkgevers-praktijk-yazici.webp","datePublished":"2025-08-21T11:02:32+00:00","dateModified":"2025-08-23T11:54:35+00:00","breadcrumb":{"@id":"https:\/\/praktijkyazici.nl\/tr\/isverenler-icin-takim-koclugu\/#breadcrumb"},"inLanguage":"tr","potentialAction":[{"@type":"ReadAction","target":["https:\/\/praktijkyazici.nl\/tr\/isverenler-icin-takim-koclugu\/"]}]},{"@type":"ImageObject","inLanguage":"tr","@id":"https:\/\/praktijkyazici.nl\/tr\/isverenler-icin-takim-koclugu\/#primaryimage","url":"https:\/\/praktijkyazici.nl\/wp-content\/uploads\/2025\/08\/Teamcoaching-voor-werkgevers-praktijk-yazici.webp","contentUrl":"https:\/\/praktijkyazici.nl\/wp-content\/uploads\/2025\/08\/Teamcoaching-voor-werkgevers-praktijk-yazici.webp","width":2000,"height":1333},{"@type":"BreadcrumbList","@id":"https:\/\/praktijkyazici.nl\/tr\/isverenler-icin-takim-koclugu\/#breadcrumb","itemListElement":[{"@type":"ListItem","position":1,"name":"Home","item":"https:\/\/praktijkyazici.nl\/tr\/"},{"@type":"ListItem","position":2,"name":"\u0130\u015fverenler i\u00e7in tak\u0131m ko\u00e7lu\u011fu"}]},{"@type":"WebSite","@id":"https:\/\/praktijkyazici.nl\/tr\/#website","url":"https:\/\/praktijkyazici.nl\/tr\/","name":"Praktijk Yazici","description":"Systeemtherapie, Gezinstherapie, Relatie- en Individuele therapie","alternateName":"Systeemtherapie, Gezinstherapie, Relatie- en Individuele therapie","potentialAction":[{"@type":"SearchAction","target":{"@type":"EntryPoint","urlTemplate":"https:\/\/praktijkyazici.nl\/tr\/?s={search_term_string}"},"query-input":{"@type":"PropertyValueSpecification","valueRequired":true,"valueName":"search_term_string"}}],"inLanguage":"tr"}]}},"_links":{"self":[{"href":"https:\/\/praktijkyazici.nl\/tr\/wp-json\/wp\/v2\/pages\/3448","targetHints":{"allow":["GET"]}}],"collection":[{"href":"https:\/\/praktijkyazici.nl\/tr\/wp-json\/wp\/v2\/pages"}],"about":[{"href":"https:\/\/praktijkyazici.nl\/tr\/wp-json\/wp\/v2\/types\/page"}],"author":[{"embeddable":true,"href":"https:\/\/praktijkyazici.nl\/tr\/wp-json\/wp\/v2\/users\/1"}],"replies":[{"embeddable":true,"href":"https:\/\/praktijkyazici.nl\/tr\/wp-json\/wp\/v2\/comments?post=3448"}],"version-history":[{"count":4,"href":"https:\/\/praktijkyazici.nl\/tr\/wp-json\/wp\/v2\/pages\/3448\/revisions"}],"predecessor-version":[{"id":3452,"href":"https:\/\/praktijkyazici.nl\/tr\/wp-json\/wp\/v2\/pages\/3448\/revisions\/3452"}],"wp:featuredmedia":[{"embeddable":true,"href":"https:\/\/praktijkyazici.nl\/tr\/wp-json\/wp\/v2\/media\/3373"}],"wp:attachment":[{"href":"https:\/\/praktijkyazici.nl\/tr\/wp-json\/wp\/v2\/media?parent=3448"}],"curies":[{"name":"wp","href":"https:\/\/api.w.org\/{rel}","templated":true}]}}